{"id":108389,"date":"2025-07-11T10:37:14","date_gmt":"2025-07-11T10:37:14","guid":{"rendered":"https:\/\/shop.nano.ba\/?post_type=product&#038;p=108389"},"modified":"2026-02-15T19:28:12","modified_gmt":"2026-02-15T19:28:12","slug":"autosjedalica-greensky-rotofix-isofix","status":"publish","type":"product","link":"https:\/\/shop.nano.ba\/index.php\/proizvod\/autosjedalica-greensky-rotofix-isofix\/","title":{"rendered":"Autosjedalica Greensky Rotofix-Isofix 0-36kg"},"content":{"rendered":"<div dir=\"auto\">\n<p><strong>Autosjedalica GREENSKY 0-36kg<\/strong><\/p>\n<div dir=\"auto\"><strong>Karakteristike:<\/strong><\/div>\n<ul>\n<li dir=\"auto\">Prilago\u0111ena djeci za \u010detiri dobne skupine<\/li>\n<li dir=\"auto\">Grupa 0+: za djecu od ro\u0111enja do 13kg (15mj)<\/li>\n<li dir=\"auto\">Grupa 1: za djecu od 9kg do 18kg (9mj do 4 godine)<\/li>\n<li dir=\"auto\">Grupa 2: za djecu od 18kg do 25kg (3 &#8211; 7 godina)<\/li>\n<li dir=\"auto\">Grupa 3: za djecu od 22kg do 36kg (6 &#8211; 12 godina)<\/li>\n<li dir=\"auto\">ISOFIX<\/li>\n<li dir=\"auto\">ROTOFIX 360\u00b0<\/li>\n<li dir=\"auto\">Podesiva u \u010cETIRI polo\u017eaja\/nagiba u zavisnosti od veli\u010dine djeteta tako da se prilikom transporta beba osje\u0107a sigurno i udobno.<\/li>\n<li dir=\"auto\">Podesiva od sjede\u0107eg do polule\u017ee\u0107eg polo\u017eaja.<\/li>\n<li dir=\"auto\">Sigurnosni pojas u 5 ta\u010daka.<\/li>\n<\/ul>\n<\/div>\n","protected":false},"excerpt":{"rendered":"<p>Autosjedalica GREENSKY 0-36kg Karakteristike: Prilago\u0111ena djeci za \u010detiri dobne skupine Grupa 0+: za djecu od ro\u0111enja do 13kg (15mj) Grupa<\/p>\n","protected":false},"featured_media":130911,"template":"","meta":[],"product_brand":[],"product_cat":[591,317,388],"product_tag":[],"class_list":{"0":"post-108389","1":"product","2":"type-product","3":"status-publish","4":"has-post-thumbnail","6":"product_cat-autosjedalice","7":"product_cat-baby-oprema","8":"product_cat-nermus","10":"first","11":"instock","12":"shipping-taxable","13":"purchasable","14":"product-type-simple"},"_links":{"self":[{"href":"https:\/\/shop.nano.ba\/index.php\/wp-json\/wp\/v2\/product\/108389","targetHints":{"allow":["GET"]}}],"collection":[{"href":"https:\/\/shop.nano.ba\/index.php\/wp-json\/wp\/v2\/product"}],"about":[{"href":"https:\/\/shop.nano.ba\/index.php\/wp-json\/wp\/v2\/types\/product"}],"version-history":[{"count":4,"href":"https:\/\/shop.nano.ba\/index.php\/wp-json\/wp\/v2\/product\/108389\/revisions"}],"predecessor-version":[{"id":130916,"href":"https:\/\/shop.nano.ba\/index.php\/wp-json\/wp\/v2\/product\/108389\/revisions\/130916"}],"wp:featuredmedia":[{"embeddable":true,"href":"https:\/\/shop.nano.ba\/index.php\/wp-json\/wp\/v2\/media\/130911"}],"wp:attachment":[{"href":"https:\/\/shop.nano.ba\/index.php\/wp-json\/wp\/v2\/media?parent=108389"}],"wp:term":[{"taxonomy":"product_brand","embeddable":true,"href":"https:\/\/shop.nano.ba\/index.php\/wp-json\/wp\/v2\/product_brand?post=108389"},{"taxonomy":"product_cat","embeddable":true,"href":"https:\/\/shop.nano.ba\/index.php\/wp-json\/wp\/v2\/product_cat?post=108389"},{"taxonomy":"product_tag","embeddable":true,"href":"https:\/\/shop.nano.ba\/index.php\/wp-json\/wp\/v2\/product_tag?post=108389"}],"curies":[{"name":"wp","href":"https:\/\/api.w.org\/{rel}","templated":true}]}}