{"id":112203,"date":"2025-08-24T09:34:27","date_gmt":"2025-08-24T09:34:27","guid":{"rendered":"https:\/\/shop.nano.ba\/?post_type=product&#038;p=112203"},"modified":"2025-11-05T12:05:12","modified_gmt":"2025-11-05T12:05:12","slug":"teh-zracni-kompresor-tacb230l-2","status":"publish","type":"product","link":"https:\/\/shop.nano.ba\/index.php\/proizvod\/teh-zracni-kompresor-tacb230l-2\/","title":{"rendered":"TEH Zra\u010dni kompresor TACB230L"},"content":{"rendered":"<div dir=\"auto\">\u0160aljemo brzom po\u0161tom na adresu \u0161irom BiH, pla\u0107anje je prilikom preuzimanja, a paket mo\u017eete pregledati.<span class=\"x3nfvp2 x1j61x8r x1fcty0u xdj266r xhhsvwb xat24cr xgzva0m xxymvpz xlup9mm x1kky2od\"><img loading=\"lazy\" decoding=\"async\" src=\"https:\/\/static.xx.fbcdn.net\/images\/emoji.php\/v9\/t3d\/1\/16\/1f4e6.png\" alt=\"\ud83d\udce6\" width=\"16\" height=\"16\" \/><\/span><\/div>\n<div dir=\"auto\">Nalazimo se na Ceriku u Br\u010dkom, pored magistralnog puta Tuzla-Ora\u0161je<span class=\"x3nfvp2 x1j61x8r x1fcty0u xdj266r xhhsvwb xat24cr xgzva0m xxymvpz xlup9mm x1kky2od\"><img loading=\"lazy\" decoding=\"async\" src=\"https:\/\/static.xx.fbcdn.net\/images\/emoji.php\/v9\/t2d\/1\/16\/1f4cd.png\" alt=\"\ud83d\udccd\" width=\"16\" height=\"16\" \/><\/span><\/div>\n<div dir=\"auto\">Za sve info. pi\u0161ite nam poruku ili pozovite 061 287 000 ili 061 731 999 <span class=\"x3nfvp2 x1j61x8r x1fcty0u xdj266r xhhsvwb xat24cr xgzva0m xxymvpz xlup9mm x1kky2od\"><img loading=\"lazy\" decoding=\"async\" src=\"https:\/\/static.xx.fbcdn.net\/images\/emoji.php\/v9\/t4d\/1\/16\/1f4de.png\" alt=\"\ud83d\udcde\" width=\"16\" height=\"16\" \/><\/span><\/div>\n","protected":false},"excerpt":{"rendered":"<p>\u0160aljemo brzom po\u0161tom na adresu \u0161irom BiH, pla\u0107anje je prilikom preuzimanja, a paket mo\u017eete pregledati. Nalazimo se na Ceriku u<\/p>\n","protected":false},"featured_media":112191,"template":"","meta":[],"product_brand":[],"product_cat":[337,699],"product_tag":[],"class_list":{"0":"post-112203","1":"product","2":"type-product","3":"status-publish","4":"has-post-thumbnail","6":"product_cat-alati","7":"product_cat-pistolj-za-farbanje","9":"first","10":"instock","11":"shipping-taxable","12":"purchasable","13":"product-type-simple"},"_links":{"self":[{"href":"https:\/\/shop.nano.ba\/index.php\/wp-json\/wp\/v2\/product\/112203","targetHints":{"allow":["GET"]}}],"collection":[{"href":"https:\/\/shop.nano.ba\/index.php\/wp-json\/wp\/v2\/product"}],"about":[{"href":"https:\/\/shop.nano.ba\/index.php\/wp-json\/wp\/v2\/types\/product"}],"version-history":[{"count":2,"href":"https:\/\/shop.nano.ba\/index.php\/wp-json\/wp\/v2\/product\/112203\/revisions"}],"predecessor-version":[{"id":112205,"href":"https:\/\/shop.nano.ba\/index.php\/wp-json\/wp\/v2\/product\/112203\/revisions\/112205"}],"wp:featuredmedia":[{"embeddable":true,"href":"https:\/\/shop.nano.ba\/index.php\/wp-json\/wp\/v2\/media\/112191"}],"wp:attachment":[{"href":"https:\/\/shop.nano.ba\/index.php\/wp-json\/wp\/v2\/media?parent=112203"}],"wp:term":[{"taxonomy":"product_brand","embeddable":true,"href":"https:\/\/shop.nano.ba\/index.php\/wp-json\/wp\/v2\/product_brand?post=112203"},{"taxonomy":"product_cat","embeddable":true,"href":"https:\/\/shop.nano.ba\/index.php\/wp-json\/wp\/v2\/product_cat?post=112203"},{"taxonomy":"product_tag","embeddable":true,"href":"https:\/\/shop.nano.ba\/index.php\/wp-json\/wp\/v2\/product_tag?post=112203"}],"curies":[{"name":"wp","href":"https:\/\/api.w.org\/{rel}","templated":true}]}}