{"id":114152,"date":"2025-09-16T13:05:07","date_gmt":"2025-09-16T13:05:07","guid":{"rendered":"https:\/\/shop.nano.ba\/?post_type=product&#038;p=114152"},"modified":"2026-04-13T16:01:19","modified_gmt":"2026-04-13T16:01:19","slug":"hranilica-ljuljacka-2u1-snuggy-11-3-siva","status":"publish","type":"product","link":"https:\/\/shop.nano.ba\/index.php\/proizvod\/hranilica-ljuljacka-2u1-snuggy-11-3-siva\/","title":{"rendered":"Hranilica\/Ljulja\u010dka 2u1 &#8211; Snuggy &#8211; 11-3 &#8211; Siva"},"content":{"rendered":"<div class=\"xdj266r x14z9mp xat24cr x1lziwak x1vvkbs x126k92a\">\n<div dir=\"auto\">Ovaj 2u1 model stolice je izuzetno prakti\u010dan za roditelje, a jako udoban i iskoristiv za bebu. Stolicu mo\u017eete koristiti na vi\u0161e na\u010dina i to jako dugo. Od 6. mjeseca starosti, za bebe koje mogu samostalno sjediti, do 4. godine.<\/div>\n<div dir=\"auto\"><\/div>\n<div dir=\"auto\"><strong>Karakteristike:<\/strong><\/div>\n<ul>\n<li>Visina hranilice mo\u017eete pode\u0161avati.<\/li>\n<li>Polo\u017eaj naslonja\u010da se mo\u017ee pode\u0161avati od sjede\u0107eg do le\u017ee\u0107eg.<\/li>\n<li>Pladanj ima vi\u0161e pozicija, tako da mo\u017eete udaljavati ga od samog sjedi\u0161ta kako beba raste.<\/li>\n<li>Pladanj se mo\u017ee skidati, za lak\u0161e odr\u017eavanje.<\/li>\n<li>Naslon za noge se mo\u017ee pode\u0161avati.<\/li>\n<li>Podesiv naslonja\u010d.<\/li>\n<li>Transformi\u0161e se u mehani\u010dku ljulju.<\/li>\n<li>Ljuljanje mo\u017eete otklju\u010dati pomo\u0107u zaka\u010dke na dnu hranilice.<\/li>\n<li>Stolica ima podlogu od eko ko\u017ee, kao i jo\u0161 jednu dodatnu za ve\u0107u udobnost.<\/li>\n<li>Podloga periva u ma\u0161ini za ve\u0161.<\/li>\n<li>Sigurnosni pojasevi su u 5 ta\u010daka i mogu se pode\u0161avati.<\/li>\n<li>Sam okvir se mo\u017ee sklopiti pomo\u0107u dugmi\u0107a sa strane.<\/li>\n<li>To\u010dki\u0107i koji se mogu zako\u010diti<\/li>\n<\/ul>\n<\/div>\n<div class=\"x14z9mp xat24cr x1lziwak x1vvkbs xtlvy1s x126k92a\">\n<div dir=\"auto\">Dostupne boje: siva, roze i be\u017e.<\/div>\n<\/div>\n","protected":false},"excerpt":{"rendered":"<p>Ovaj 2u1 model stolice je izuzetno prakti\u010dan za roditelje, a jako udoban i iskoristiv za bebu. Stolicu mo\u017eete koristiti na<\/p>\n","protected":false},"featured_media":126393,"template":"","meta":[],"product_brand":[],"product_cat":[317,800,595,805,807],"product_tag":[],"class_list":{"0":"post-114152","1":"product","2":"type-product","3":"status-publish","4":"has-post-thumbnail","6":"product_cat-baby-oprema","7":"product_cat-boje-i-dezeni","8":"product_cat-hranilice","9":"product_cat-ljulje","10":"product_cat-siva","12":"first","13":"instock","14":"shipping-taxable","15":"purchasable","16":"product-type-simple"},"_links":{"self":[{"href":"https:\/\/shop.nano.ba\/index.php\/wp-json\/wp\/v2\/product\/114152","targetHints":{"allow":["GET"]}}],"collection":[{"href":"https:\/\/shop.nano.ba\/index.php\/wp-json\/wp\/v2\/product"}],"about":[{"href":"https:\/\/shop.nano.ba\/index.php\/wp-json\/wp\/v2\/types\/product"}],"version-history":[{"count":4,"href":"https:\/\/shop.nano.ba\/index.php\/wp-json\/wp\/v2\/product\/114152\/revisions"}],"predecessor-version":[{"id":126394,"href":"https:\/\/shop.nano.ba\/index.php\/wp-json\/wp\/v2\/product\/114152\/revisions\/126394"}],"wp:featuredmedia":[{"embeddable":true,"href":"https:\/\/shop.nano.ba\/index.php\/wp-json\/wp\/v2\/media\/126393"}],"wp:attachment":[{"href":"https:\/\/shop.nano.ba\/index.php\/wp-json\/wp\/v2\/media?parent=114152"}],"wp:term":[{"taxonomy":"product_brand","embeddable":true,"href":"https:\/\/shop.nano.ba\/index.php\/wp-json\/wp\/v2\/product_brand?post=114152"},{"taxonomy":"product_cat","embeddable":true,"href":"https:\/\/shop.nano.ba\/index.php\/wp-json\/wp\/v2\/product_cat?post=114152"},{"taxonomy":"product_tag","embeddable":true,"href":"https:\/\/shop.nano.ba\/index.php\/wp-json\/wp\/v2\/product_tag?post=114152"}],"curies":[{"name":"wp","href":"https:\/\/api.w.org\/{rel}","templated":true}]}}