{"id":115879,"date":"2025-10-04T10:59:18","date_gmt":"2025-10-04T10:59:18","guid":{"rendered":"https:\/\/shop.nano.ba\/?post_type=product&#038;p=115879"},"modified":"2026-02-13T09:46:53","modified_gmt":"2026-02-13T09:46:53","slug":"set-podloga-i-prekrivac-za-autosjedalicu-bez-medo","status":"publish","type":"product","link":"https:\/\/shop.nano.ba\/index.php\/proizvod\/set-podloga-i-prekrivac-za-autosjedalicu-bez-medo\/","title":{"rendered":"Set podloga i prekriva\u010d za autosjedalicu &#8211; Be\u017e mede i Svijetlo Be\u017e"},"content":{"rendered":"<p>Prekriva\u010d za autosjedalicu u setu sa podlogom.<\/p>\n<p>Prekriva\u010d je izra\u0111en od dva sloja pamuka, \u0161to omogu\u0107ava dovoljnu za\u0161titu od vjetra i sunca, a opet osigurava protok zraka. Pamuk koji se koristi ima visoku gusto\u0107u, pa slu\u017ei i kao filter za ne\u010disto\u0107e u zraku. Prekriva\u010d se pri\u010dvr\u0161\u0107uje \u010di\u010dak trakom.<br \/>\nMa\u0161na se mo\u017ee skidati.<\/p>\n<p>Podloga je izra\u0111ena od jednog sloja pamuka, a punjena je silikonskim pahuljicama za maksimalnu udobnost.<br \/>\nSilikonska pahuljica \u0107e odr\u017eavati optimalnu temperaturu tijela bebe. Prednost je \u0161to jako brzo po\u010dne grijati, pa je idealno zimi.<\/p>\n<p>&nbsp;<\/p>\n<p><strong>Materijal: <\/strong><\/p>\n<ul>\n<li>100% organski pamuk ranforce.<\/li>\n<\/ul>\n<p><strong>Punjenje:<\/strong><\/p>\n<ul>\n<li>silikonska pahuljica.<\/li>\n<\/ul>\n<p><strong>Odr\u017eavanje:<\/strong><\/p>\n<ul>\n<li>Ma\u0161insko pranje na 30\u00b0<\/li>\n<li>Su\u0161enje na vjetru.<\/li>\n<li>Dozvoljeno peglanje.<\/li>\n<\/ul>\n<p>Promjena pri pranju na 30\u00b0C: po du\u017eini -1,2%, po \u0161irini -0,5% pH vodenog ekstrakta 8,6%<br \/>\nProizvo\u0111a\u010d: Nano DOO, Cerik, Br\u010dko<\/p>\n","protected":false},"excerpt":{"rendered":"<p>Prekriva\u010d za autosjedalicu u setu sa podlogom. Prekriva\u010d je izra\u0111en od dva sloja pamuka, \u0161to omogu\u0107ava dovoljnu za\u0161titu od vjetra<\/p>\n","protected":false},"featured_media":130682,"template":"","meta":[],"product_brand":[],"product_cat":[317,802,828,774,855],"product_tag":[],"class_list":{"0":"post-115879","1":"product","2":"type-product","3":"status-publish","4":"has-post-thumbnail","6":"product_cat-baby-oprema","7":"product_cat-bez","8":"product_cat-bez-mede","9":"product_cat-dodaci-za-kolica","10":"product_cat-prekrivac-i-podloga-za-autosjedalicu-dodaci-za-kolica","12":"first","13":"instock","14":"shipping-taxable","15":"purchasable","16":"product-type-simple"},"_links":{"self":[{"href":"https:\/\/shop.nano.ba\/index.php\/wp-json\/wp\/v2\/product\/115879","targetHints":{"allow":["GET"]}}],"collection":[{"href":"https:\/\/shop.nano.ba\/index.php\/wp-json\/wp\/v2\/product"}],"about":[{"href":"https:\/\/shop.nano.ba\/index.php\/wp-json\/wp\/v2\/types\/product"}],"version-history":[{"count":4,"href":"https:\/\/shop.nano.ba\/index.php\/wp-json\/wp\/v2\/product\/115879\/revisions"}],"predecessor-version":[{"id":130683,"href":"https:\/\/shop.nano.ba\/index.php\/wp-json\/wp\/v2\/product\/115879\/revisions\/130683"}],"wp:featuredmedia":[{"embeddable":true,"href":"https:\/\/shop.nano.ba\/index.php\/wp-json\/wp\/v2\/media\/130682"}],"wp:attachment":[{"href":"https:\/\/shop.nano.ba\/index.php\/wp-json\/wp\/v2\/media?parent=115879"}],"wp:term":[{"taxonomy":"product_brand","embeddable":true,"href":"https:\/\/shop.nano.ba\/index.php\/wp-json\/wp\/v2\/product_brand?post=115879"},{"taxonomy":"product_cat","embeddable":true,"href":"https:\/\/shop.nano.ba\/index.php\/wp-json\/wp\/v2\/product_cat?post=115879"},{"taxonomy":"product_tag","embeddable":true,"href":"https:\/\/shop.nano.ba\/index.php\/wp-json\/wp\/v2\/product_tag?post=115879"}],"curies":[{"name":"wp","href":"https:\/\/api.w.org\/{rel}","templated":true}]}}