{"id":116904,"date":"2025-10-10T09:53:37","date_gmt":"2025-10-10T09:53:37","guid":{"rendered":"https:\/\/shop.nano.ba\/?post_type=product&#038;p=116904"},"modified":"2026-01-18T10:59:59","modified_gmt":"2026-01-18T10:59:59","slug":"posteljina-jednorog-jastucnica-50x40cm-i-navlaka-za-jorgan-140x100cm-100-pamuk","status":"publish","type":"product","link":"https:\/\/shop.nano.ba\/index.php\/proizvod\/posteljina-jednorog-jastucnica-50x40cm-i-navlaka-za-jorgan-140x100cm-100-pamuk\/","title":{"rendered":"Posteljina Za dje\u010diji krevet &#8211; Jednorog"},"content":{"rendered":"<p><strong>POSTELJINA ZA DJE\u010cIJI KREVET SADR\u017dI :<\/strong><\/p>\n<ul>\n<li>Jastu\u010dnica &#8211; 40x50cm<\/li>\n<li>Navlaka za jorgan &#8211; 100x140cm<\/li>\n<\/ul>\n<p><strong>Posteljina je isklju\u010divo za dje\u010diji krevet i djecu<\/strong>: To su dimenzije koje bi trebale da se koriste za dijete uzrasta od 2-5 godina starosti.<\/p>\n<p>&nbsp;<\/p>\n<p>Materijal:<br \/>\n100% organski pamuk ranforce.<\/p>\n<p>Kod nas, uz posteljinu mo\u017eete naru\u010diti i jastuk i jorgan odgovaraju\u0107ih dimenzija.<\/p>\n<p>&nbsp;<\/p>\n","protected":false},"excerpt":{"rendered":"<p>POSTELJINA ZA DJE\u010cIJI KREVET SADR\u017dI : Jastu\u010dnica &#8211; 40x50cm Navlaka za jorgan &#8211; 100x140cm Posteljina je isklju\u010divo za dje\u010diji krevet<\/p>\n","protected":false},"featured_media":127495,"template":"","meta":[],"product_brand":[],"product_cat":[317,800,839,517],"product_tag":[],"class_list":{"0":"post-116904","1":"product","2":"type-product","3":"status-publish","4":"has-post-thumbnail","6":"product_cat-baby-oprema","7":"product_cat-boje-i-dezeni","8":"product_cat-jednorog","9":"product_cat-posteljina-za-djecu","11":"first","12":"instock","13":"shipping-taxable","14":"purchasable","15":"product-type-simple"},"_links":{"self":[{"href":"https:\/\/shop.nano.ba\/index.php\/wp-json\/wp\/v2\/product\/116904","targetHints":{"allow":["GET"]}}],"collection":[{"href":"https:\/\/shop.nano.ba\/index.php\/wp-json\/wp\/v2\/product"}],"about":[{"href":"https:\/\/shop.nano.ba\/index.php\/wp-json\/wp\/v2\/types\/product"}],"version-history":[{"count":3,"href":"https:\/\/shop.nano.ba\/index.php\/wp-json\/wp\/v2\/product\/116904\/revisions"}],"predecessor-version":[{"id":127496,"href":"https:\/\/shop.nano.ba\/index.php\/wp-json\/wp\/v2\/product\/116904\/revisions\/127496"}],"wp:featuredmedia":[{"embeddable":true,"href":"https:\/\/shop.nano.ba\/index.php\/wp-json\/wp\/v2\/media\/127495"}],"wp:attachment":[{"href":"https:\/\/shop.nano.ba\/index.php\/wp-json\/wp\/v2\/media?parent=116904"}],"wp:term":[{"taxonomy":"product_brand","embeddable":true,"href":"https:\/\/shop.nano.ba\/index.php\/wp-json\/wp\/v2\/product_brand?post=116904"},{"taxonomy":"product_cat","embeddable":true,"href":"https:\/\/shop.nano.ba\/index.php\/wp-json\/wp\/v2\/product_cat?post=116904"},{"taxonomy":"product_tag","embeddable":true,"href":"https:\/\/shop.nano.ba\/index.php\/wp-json\/wp\/v2\/product_tag?post=116904"}],"curies":[{"name":"wp","href":"https:\/\/api.w.org\/{rel}","templated":true}]}}