{"id":118291,"date":"2025-10-25T08:24:50","date_gmt":"2025-10-25T08:24:50","guid":{"rendered":"https:\/\/shop.nano.ba\/?post_type=product&#038;p=118291"},"modified":"2026-04-20T19:25:17","modified_gmt":"2026-04-20T19:25:17","slug":"podloga-za-igru-babygym","status":"publish","type":"product","link":"https:\/\/shop.nano.ba\/index.php\/proizvod\/podloga-za-igru-babygym\/","title":{"rendered":"Podloga za igru &#8211; BabyGYM &#8211; M1033-1"},"content":{"rendered":"<p>Podloga za igru Baby GYM <strong>poti\u010de senzornu stimulaciju, razvija motori\u010dke vje\u0161tine i poti\u010de kreativnost.<\/strong> Ova podloga je vi\u0161e od igre, ona je prvi korak u razvojnom putovanju va\u0161eg djeteta.<\/p>\n<ul>\n<li>Posebno dizajnirana za novoro\u0111en\u010dad i starije bebe,<\/li>\n<li>Meka tkanina i razli\u010dite teksture,<\/li>\n<li>Opremljena sa lukom i pet razli\u010ditih igra\u010daka za vje\u0161anje,<\/li>\n<li>Igra\u010dke se mogu ukloniti i lako se \u010diste,<\/li>\n<li>Kasnije se sve igra\u010dke mogu zaka\u010diti na jedan obru\u010d i koristiti za igru i dugo nakon \u0161to beba preraste podlogu,<\/li>\n<li>Mali\u0161ani \u0107e se zabaviti jarkim \u0161arama i puno toga da \u010duju, vide, osjete i dodirnu,<\/li>\n<li>Klavir sa muzikom i svetlima stimuli\u0161e bebina \u010dula i ima zabavne funkcije,<\/li>\n<li>Beba udara nogicama o klavir i tako stvara svoju muziku i time razvija ma\u0161tu,<\/li>\n<li>Klavir igra\u010dka radi na baterije veli\u010dine AA\/1,5V.<\/li>\n<\/ul>\n<p>Dostupna u roze i plavoj boji.<\/p>\n","protected":false},"excerpt":{"rendered":"<p>Podloga za igru Baby GYM poti\u010de senzornu stimulaciju, razvija motori\u010dke vje\u0161tine i poti\u010de kreativnost. Ova podloga je vi\u0161e od igre,<\/p>\n","protected":false},"featured_media":126569,"template":"","meta":[],"product_brand":[],"product_cat":[317,800,806,763,808],"product_tag":[],"class_list":{"0":"post-118291","1":"product","2":"type-product","3":"status-publish","4":"has-post-thumbnail","6":"product_cat-baby-oprema","7":"product_cat-boje-i-dezeni","8":"product_cat-plava","9":"product_cat-podloge-za-igru","10":"product_cat-roze","12":"first","13":"instock","14":"shipping-taxable","15":"purchasable","16":"product-type-variable"},"_links":{"self":[{"href":"https:\/\/shop.nano.ba\/index.php\/wp-json\/wp\/v2\/product\/118291","targetHints":{"allow":["GET"]}}],"collection":[{"href":"https:\/\/shop.nano.ba\/index.php\/wp-json\/wp\/v2\/product"}],"about":[{"href":"https:\/\/shop.nano.ba\/index.php\/wp-json\/wp\/v2\/types\/product"}],"version-history":[{"count":5,"href":"https:\/\/shop.nano.ba\/index.php\/wp-json\/wp\/v2\/product\/118291\/revisions"}],"predecessor-version":[{"id":126909,"href":"https:\/\/shop.nano.ba\/index.php\/wp-json\/wp\/v2\/product\/118291\/revisions\/126909"}],"wp:featuredmedia":[{"embeddable":true,"href":"https:\/\/shop.nano.ba\/index.php\/wp-json\/wp\/v2\/media\/126569"}],"wp:attachment":[{"href":"https:\/\/shop.nano.ba\/index.php\/wp-json\/wp\/v2\/media?parent=118291"}],"wp:term":[{"taxonomy":"product_brand","embeddable":true,"href":"https:\/\/shop.nano.ba\/index.php\/wp-json\/wp\/v2\/product_brand?post=118291"},{"taxonomy":"product_cat","embeddable":true,"href":"https:\/\/shop.nano.ba\/index.php\/wp-json\/wp\/v2\/product_cat?post=118291"},{"taxonomy":"product_tag","embeddable":true,"href":"https:\/\/shop.nano.ba\/index.php\/wp-json\/wp\/v2\/product_tag?post=118291"}],"curies":[{"name":"wp","href":"https:\/\/api.w.org\/{rel}","templated":true}]}}