{"id":118369,"date":"2025-10-25T10:41:48","date_gmt":"2025-10-25T10:41:48","guid":{"rendered":"https:\/\/shop.nano.ba\/?post_type=product&#038;p=118369"},"modified":"2026-04-20T18:14:18","modified_gmt":"2026-04-20T18:14:18","slug":"baby-ljuljacka-mastela-1","status":"publish","type":"product","link":"https:\/\/shop.nano.ba\/index.php\/proizvod\/baby-ljuljacka-mastela-1\/","title":{"rendered":"Baby Ljulja\u010dka Mastela 1 &#8211; M1033-9"},"content":{"rendered":"<p>Ljulja\u010dka Mastela 1 je savr\u0161en izbor za roditelje. Sklopiva je, pa se mo\u017ee lako skladi\u0161titi bez da zauzima previ\u0161e prostora kada se ne koristi. Sklapanje pru\u017ea mogu\u0107nost no\u0161enja ljulje na putovanja, u posjet prijateljima ili bakama. Nije te\u0161ka, te je laka za rukovanje posebno mamama u prvim mjesecima nakon ro\u0111enja bebe.<\/p>\n<p><strong>Karakteristike:<\/strong><\/p>\n<ul>\n<li>Sigurnosni pojas &#8211; podesivi.<\/li>\n<li>Vrtuljak &#8211; Meke pli\u0161ane igra\u010dke.<\/li>\n<li>Navlaka periva u ma\u0161ini za ve\u0161.<\/li>\n<li>Smiruju\u0107e melodije.<\/li>\n<li>Pode\u0161avanje glasno\u0107e.<\/li>\n<li>Pode\u0161avanje brzine ljuljanja &#8211; 5 brzina ljuljanja.<\/li>\n<li>Pode\u0161avanje du\u017eine ljuljanja.<\/li>\n<li>Le\u017ee\u0107i i polule\u017ee\u0107i polo\u017eaj<\/li>\n<li>Daljinski<\/li>\n<li>Mre\u017eica protiv insekata<\/li>\n<li>Dr\u017ea\u010d za bo\u010dicu<\/li>\n<\/ul>\n<p>Dostupna u be\u017e i sivoj boji.<\/p>\n<p><strong>Elektri\u010dno napajanje ljulja\u010dke:<\/strong><\/p>\n<p>4 AA (LR6) \/ 1,5V baterije ili AC adapter 100-240V 50 \/ 60Hz i DC 6V \/ 500mA. Izra\u0111ena u skladu sa evropskim standardom EN 16232, od 100% sigurnih materijala.<\/p>\n","protected":false},"excerpt":{"rendered":"<p>Ljulja\u010dka Mastela 1 je savr\u0161en izbor za roditelje. Sklopiva je, pa se mo\u017ee lako skladi\u0161titi bez da zauzima previ\u0161e prostora<\/p>\n","protected":false},"featured_media":126383,"template":"","meta":[],"product_brand":[],"product_cat":[317,802,800,805,807],"product_tag":[],"class_list":{"0":"post-118369","1":"product","2":"type-product","3":"status-publish","4":"has-post-thumbnail","6":"product_cat-baby-oprema","7":"product_cat-bez","8":"product_cat-boje-i-dezeni","9":"product_cat-ljulje","10":"product_cat-siva","12":"first","13":"instock","14":"shipping-taxable","15":"purchasable","16":"product-type-variable"},"_links":{"self":[{"href":"https:\/\/shop.nano.ba\/index.php\/wp-json\/wp\/v2\/product\/118369","targetHints":{"allow":["GET"]}}],"collection":[{"href":"https:\/\/shop.nano.ba\/index.php\/wp-json\/wp\/v2\/product"}],"about":[{"href":"https:\/\/shop.nano.ba\/index.php\/wp-json\/wp\/v2\/types\/product"}],"version-history":[{"count":4,"href":"https:\/\/shop.nano.ba\/index.php\/wp-json\/wp\/v2\/product\/118369\/revisions"}],"predecessor-version":[{"id":126390,"href":"https:\/\/shop.nano.ba\/index.php\/wp-json\/wp\/v2\/product\/118369\/revisions\/126390"}],"wp:featuredmedia":[{"embeddable":true,"href":"https:\/\/shop.nano.ba\/index.php\/wp-json\/wp\/v2\/media\/126383"}],"wp:attachment":[{"href":"https:\/\/shop.nano.ba\/index.php\/wp-json\/wp\/v2\/media?parent=118369"}],"wp:term":[{"taxonomy":"product_brand","embeddable":true,"href":"https:\/\/shop.nano.ba\/index.php\/wp-json\/wp\/v2\/product_brand?post=118369"},{"taxonomy":"product_cat","embeddable":true,"href":"https:\/\/shop.nano.ba\/index.php\/wp-json\/wp\/v2\/product_cat?post=118369"},{"taxonomy":"product_tag","embeddable":true,"href":"https:\/\/shop.nano.ba\/index.php\/wp-json\/wp\/v2\/product_tag?post=118369"}],"curies":[{"name":"wp","href":"https:\/\/api.w.org\/{rel}","templated":true}]}}