{"id":118380,"date":"2025-10-25T10:59:50","date_gmt":"2025-10-25T10:59:50","guid":{"rendered":"https:\/\/shop.nano.ba\/?post_type=product&#038;p=118380"},"modified":"2026-04-17T09:13:23","modified_gmt":"2026-04-17T09:13:23","slug":"kengur-nosiljka-2","status":"publish","type":"product","link":"https:\/\/shop.nano.ba\/index.php\/proizvod\/kengur-nosiljka-2\/","title":{"rendered":"Kengur nosiljka 3u1 &#8211; M1033-10"},"content":{"rendered":"<div class=\"x14z9mp xat24cr x1lziwak x1vvkbs xtlvy1s x126k92a\">\n<div dir=\"auto\">\n<p><span class=\"html-span xexx8yu xyri2b x18d9i69 x1c1uobl x1hl2dhg x16tdsg8 x1vvkbs x3nfvp2 x1j61x8r x1fcty0u xdj266r xat24cr xm2jcoa x1mpyi22 xxymvpz xlup9mm x1kky2od\"><img loading=\"lazy\" decoding=\"async\" class=\"xz74otr x15mokao x1ga7v0g x16uus16 xbiv7yw\" src=\"https:\/\/static.xx.fbcdn.net\/images\/emoji.php\/v9\/t30\/1\/16\/1f998.png\" alt=\"\ud83e\udd98\" width=\"16\" height=\"16\" \/><\/span> Kengur nosiljka 3u1 \u2013 udobnost i sigurnost za vas i va\u0161u bebu!<\/p>\n<p><strong>Karakteristike:<\/strong><\/p>\n<\/div>\n<\/div>\n<div class=\"x14z9mp xat24cr x1lziwak x1vvkbs xtlvy1s x126k92a\">\n<ul>\n<li dir=\"auto\">Prakti\u010dna i moderna nosiljka izra\u0111ena od kvalitetnog i prozra\u010dnog materijala, idealna za svakodnevne \u0161etnje i putovanja.<\/li>\n<li dir=\"auto\">Zahvaljuju\u0107i svom 3u1 dizajnu, omogu\u0107ava vi\u0161e na\u010dina no\u0161enja \u2013 sprijeda, na le\u0111ima i bo\u010dno \u2013 kako bi se prilagodila potrebama roditelja i udobnosti djeteta.<\/li>\n<li dir=\"auto\">Ergonomski oblik osigurava pravilan polo\u017eaj bebe, dok \u0161iroke naramenice i pojas ravnomjerno raspore\u0111uju te\u017einu, pru\u017eaju\u0107i maksimalnu udobnost.<\/li>\n<li dir=\"auto\">Savr\u0161en izbor za roditelje koji \u017eele slobodu pokreta i bliskost s bebom u svakoj prilici.<\/li>\n<li dir=\"auto\"><span class=\"html-span xexx8yu xyri2b x18d9i69 x1c1uobl x1hl2dhg x16tdsg8 x1vvkbs x3nfvp2 x1j61x8r x1fcty0u xdj266r xat24cr xm2jcoa x1mpyi22 xxymvpz xlup9mm x1kky2od\">Nosivost 20kg<\/span><\/li>\n<li dir=\"auto\">Kori\u0161tenje bez sjede\u0107eg dijela za bebe do 7kg<\/li>\n<li dir=\"auto\">Kori\u0161tenje sa pomo\u0107nim sjede\u0107im dijelom za bebe do 20kg<\/li>\n<li dir=\"auto\">Kori\u0161tenje samo sjede\u0107eg dijela za bebe do 20kg<\/li>\n<\/ul>\n<p>Dostupna u 4 boje: crna, tamno plava, crvena i sme\u0111a.<\/p>\n<\/div>\n","protected":false},"excerpt":{"rendered":"<p>Kengur nosiljka 3u1 \u2013 udobnost i sigurnost za vas i va\u0161u bebu! Karakteristike: Prakti\u010dna i moderna nosiljka izra\u0111ena od kvalitetnog<\/p>\n","protected":false},"featured_media":126875,"template":"","meta":[],"product_brand":[],"product_cat":[317,800,825,821,826,806,813],"product_tag":[],"class_list":{"0":"post-118380","1":"product","2":"type-product","3":"status-publish","4":"has-post-thumbnail","6":"product_cat-baby-oprema","7":"product_cat-boje-i-dezeni","8":"product_cat-crna","9":"product_cat-crvena","10":"product_cat-kengur-nosiljke","11":"product_cat-plava","12":"product_cat-smeda","14":"first","15":"instock","16":"shipping-taxable","17":"purchasable","18":"product-type-variable"},"_links":{"self":[{"href":"https:\/\/shop.nano.ba\/index.php\/wp-json\/wp\/v2\/product\/118380","targetHints":{"allow":["GET"]}}],"collection":[{"href":"https:\/\/shop.nano.ba\/index.php\/wp-json\/wp\/v2\/product"}],"about":[{"href":"https:\/\/shop.nano.ba\/index.php\/wp-json\/wp\/v2\/types\/product"}],"version-history":[{"count":5,"href":"https:\/\/shop.nano.ba\/index.php\/wp-json\/wp\/v2\/product\/118380\/revisions"}],"predecessor-version":[{"id":129218,"href":"https:\/\/shop.nano.ba\/index.php\/wp-json\/wp\/v2\/product\/118380\/revisions\/129218"}],"wp:featuredmedia":[{"embeddable":true,"href":"https:\/\/shop.nano.ba\/index.php\/wp-json\/wp\/v2\/media\/126875"}],"wp:attachment":[{"href":"https:\/\/shop.nano.ba\/index.php\/wp-json\/wp\/v2\/media?parent=118380"}],"wp:term":[{"taxonomy":"product_brand","embeddable":true,"href":"https:\/\/shop.nano.ba\/index.php\/wp-json\/wp\/v2\/product_brand?post=118380"},{"taxonomy":"product_cat","embeddable":true,"href":"https:\/\/shop.nano.ba\/index.php\/wp-json\/wp\/v2\/product_cat?post=118380"},{"taxonomy":"product_tag","embeddable":true,"href":"https:\/\/shop.nano.ba\/index.php\/wp-json\/wp\/v2\/product_tag?post=118380"}],"curies":[{"name":"wp","href":"https:\/\/api.w.org\/{rel}","templated":true}]}}