{"id":118595,"date":"2025-10-27T09:36:50","date_gmt":"2025-10-27T09:36:50","guid":{"rendered":"https:\/\/shop.nano.ba\/?post_type=product&#038;p=118595"},"modified":"2026-04-26T08:29:10","modified_gmt":"2026-04-26T08:29:10","slug":"autosjedalica-jaje-nano-smeda","status":"publish","type":"product","link":"https:\/\/shop.nano.ba\/index.php\/proizvod\/autosjedalica-jaje-nano-smeda\/","title":{"rendered":"Autosjedalica Jaje Nano 0+Be\u017e M1035-12"},"content":{"rendered":"<p>Autosjedalica grupe 0+ za djecu od ro\u0111enja do 15 mjeseci<br data-end=\"59\" data-start=\"56\" \/>od ro\u0111enja do 13 kg (od ro\u0111enja do otprilike 1,5 godine)<br data-end=\"119\" data-start=\"116\" \/><strong>Karakteristike:<\/strong><\/p>\n<ul>\n<li>Dob: Grupa 0+ (0-13 kg)<\/li>\n<li>Za\u0161tita od bo\u010dnog udara pru\u017ea optimalnu sigurnost<\/li>\n<li>Ugodan jastuk za novoro\u0111en\u010de nudi udoban smje\u0161taj za bebu<\/li>\n<li>Zakrivljena baza omogu\u0107uje ljuljanje i opu\u0161tanje<\/li>\n<li>Vi\u0161e polo\u017eaja, ergonomska ru\u010dka za no\u0161enje s mekanom dr\u0161kom<\/li>\n<li>Uklonjivi jastuk za podr\u0161ku cijelog tijela<\/li>\n<li>Uklonjive navlake pogodne za ma\u0161insko pranje<\/li>\n<li>Uvla\u010diva nadstre\u0161nica za sunce pru\u017ea idealnu za\u0161titu i tako\u0111er je uklonjiva za dodatni svje\u017ei zrak<\/li>\n<li>Instalira se u vozilu sa sigurnosnim pojasom s 3 ta\u010dke u vozilu<\/li>\n<li>SoftTouch, sigurnosni sistem u 3 ta\u010dke s prednjim pode\u0161avanjem napetosti<\/li>\n<li>Podstavljeni sigurnosni jastuci i ni\u017ei poklopac kop\u010de za udobnost djeteta<\/li>\n<li>Jednom kretnjom povla\u010denja lako se zate\u017ee sigurnosni pojas u 3 ta\u010dke<\/li>\n<\/ul>\n","protected":false},"excerpt":{"rendered":"<p>Autosjedalica grupe 0+ za djecu od ro\u0111enja do 15 mjeseciod ro\u0111enja do 13 kg (od ro\u0111enja do otprilike 1,5 godine)Karakteristike:<\/p>\n","protected":false},"featured_media":126297,"template":"","meta":[],"product_brand":[],"product_cat":[591,317,802,593],"product_tag":[],"class_list":{"0":"post-118595","1":"product","2":"type-product","3":"status-publish","4":"has-post-thumbnail","6":"product_cat-autosjedalice","7":"product_cat-baby-oprema","8":"product_cat-bez","9":"product_cat-set-za-kupanje","11":"first","12":"instock","13":"shipping-taxable","14":"purchasable","15":"product-type-simple"},"_links":{"self":[{"href":"https:\/\/shop.nano.ba\/index.php\/wp-json\/wp\/v2\/product\/118595","targetHints":{"allow":["GET"]}}],"collection":[{"href":"https:\/\/shop.nano.ba\/index.php\/wp-json\/wp\/v2\/product"}],"about":[{"href":"https:\/\/shop.nano.ba\/index.php\/wp-json\/wp\/v2\/types\/product"}],"version-history":[{"count":8,"href":"https:\/\/shop.nano.ba\/index.php\/wp-json\/wp\/v2\/product\/118595\/revisions"}],"predecessor-version":[{"id":126308,"href":"https:\/\/shop.nano.ba\/index.php\/wp-json\/wp\/v2\/product\/118595\/revisions\/126308"}],"wp:featuredmedia":[{"embeddable":true,"href":"https:\/\/shop.nano.ba\/index.php\/wp-json\/wp\/v2\/media\/126297"}],"wp:attachment":[{"href":"https:\/\/shop.nano.ba\/index.php\/wp-json\/wp\/v2\/media?parent=118595"}],"wp:term":[{"taxonomy":"product_brand","embeddable":true,"href":"https:\/\/shop.nano.ba\/index.php\/wp-json\/wp\/v2\/product_brand?post=118595"},{"taxonomy":"product_cat","embeddable":true,"href":"https:\/\/shop.nano.ba\/index.php\/wp-json\/wp\/v2\/product_cat?post=118595"},{"taxonomy":"product_tag","embeddable":true,"href":"https:\/\/shop.nano.ba\/index.php\/wp-json\/wp\/v2\/product_tag?post=118595"}],"curies":[{"name":"wp","href":"https:\/\/api.w.org\/{rel}","templated":true}]}}