{"id":120180,"date":"2025-11-06T11:49:29","date_gmt":"2025-11-06T11:49:29","guid":{"rendered":"https:\/\/shop.nano.ba\/?post_type=product&#038;p=120180"},"modified":"2025-12-30T07:03:54","modified_gmt":"2025-12-30T07:03:54","slug":"busilica-cekic-aku-20v-sa-baterijom-i-punjacem-harden-758242","status":"publish","type":"product","link":"https:\/\/shop.nano.ba\/index.php\/proizvod\/busilica-cekic-aku-20v-sa-baterijom-i-punjacem-harden-758242\/","title":{"rendered":"Bu\u0161ilica\/\u010deki\u0107 Aku 20V sa baterijom i punja\u010dem Harden 758242"},"content":{"rendered":"","protected":false},"excerpt":{"rendered":"","protected":false},"featured_media":120181,"template":"","meta":[],"product_brand":[],"product_cat":[337],"product_tag":[],"class_list":{"0":"post-120180","1":"product","2":"type-product","3":"status-publish","4":"has-post-thumbnail","6":"product_cat-alati","8":"first","9":"instock","10":"shipping-taxable","11":"purchasable","12":"product-type-simple"},"_links":{"self":[{"href":"https:\/\/shop.nano.ba\/index.php\/wp-json\/wp\/v2\/product\/120180","targetHints":{"allow":["GET"]}}],"collection":[{"href":"https:\/\/shop.nano.ba\/index.php\/wp-json\/wp\/v2\/product"}],"about":[{"href":"https:\/\/shop.nano.ba\/index.php\/wp-json\/wp\/v2\/types\/product"}],"version-history":[{"count":1,"href":"https:\/\/shop.nano.ba\/index.php\/wp-json\/wp\/v2\/product\/120180\/revisions"}],"predecessor-version":[{"id":120184,"href":"https:\/\/shop.nano.ba\/index.php\/wp-json\/wp\/v2\/product\/120180\/revisions\/120184"}],"wp:featuredmedia":[{"embeddable":true,"href":"https:\/\/shop.nano.ba\/index.php\/wp-json\/wp\/v2\/media\/120181"}],"wp:attachment":[{"href":"https:\/\/shop.nano.ba\/index.php\/wp-json\/wp\/v2\/media?parent=120180"}],"wp:term":[{"taxonomy":"product_brand","embeddable":true,"href":"https:\/\/shop.nano.ba\/index.php\/wp-json\/wp\/v2\/product_brand?post=120180"},{"taxonomy":"product_cat","embeddable":true,"href":"https:\/\/shop.nano.ba\/index.php\/wp-json\/wp\/v2\/product_cat?post=120180"},{"taxonomy":"product_tag","embeddable":true,"href":"https:\/\/shop.nano.ba\/index.php\/wp-json\/wp\/v2\/product_tag?post=120180"}],"curies":[{"name":"wp","href":"https:\/\/api.w.org\/{rel}","templated":true}]}}