{"id":120346,"date":"2025-11-07T11:46:16","date_gmt":"2025-11-07T11:46:16","guid":{"rendered":"https:\/\/shop.nano.ba\/?post_type=product&#038;p=120346"},"modified":"2026-01-22T09:08:46","modified_gmt":"2026-01-22T09:08:46","slug":"metalni-radni-stol-nano-bodur-no31-okvir-svijetlo-siva-paneli-svijetlo-plava","status":"publish","type":"product","link":"https:\/\/shop.nano.ba\/index.php\/proizvod\/metalni-radni-stol-nano-bodur-no31-okvir-svijetlo-siva-paneli-svijetlo-plava\/","title":{"rendered":"Metalni radni stol &#8220;Nano-Bodur&#8221; (NO:31)  (Okvir &#8211; svijetlo siva\/ Paneli &#8211; svijetlo plava)"},"content":{"rendered":"<h2>Materijal : Nehr\u0111aju\u0107i \u010delik sa nekorozivnim premazom boje protiv ogrebotina<br \/>\nDimenzije : H2050xW2500xD730 mm<br \/>\nTe\u017eina : 275kg<\/h2>\n<h2>\u00a0Mogu\u0107e boje po narud\u017ebi :<\/h2>\n<p><a href=\"https:\/\/shop.nano.ba\/wp-content\/uploads\/2022\/12\/boje3-compress.png\"><img loading=\"lazy\" decoding=\"async\" class=\" wd-lazy-fade aligncenter wp-image-39697 size-full\" src=\"https:\/\/shop.nano.ba\/wp-content\/themes\/woodmart\/images\/lazy.svg\" data-src=\"https:\/\/shop.nano.ba\/wp-content\/uploads\/2022\/12\/boje3-compress.png\" alt=\"\" width=\"193\" height=\"685\" \/><\/a> <a href=\"https:\/\/shop.nano.ba\/wp-content\/uploads\/2022\/12\/boje2-compress.jpg\"><img loading=\"lazy\" decoding=\"async\" class=\" wd-lazy-fade aligncenter wp-image-39698 size-full\" src=\"https:\/\/shop.nano.ba\/wp-content\/themes\/woodmart\/images\/lazy.svg\" data-src=\"https:\/\/shop.nano.ba\/wp-content\/uploads\/2022\/12\/boje2-compress.jpg\" alt=\"\" width=\"199\" height=\"685\" \/><\/a> <a href=\"https:\/\/shop.nano.ba\/wp-content\/uploads\/2022\/12\/boje1-compress.png\"><img loading=\"lazy\" decoding=\"async\" class=\" wd-lazy-fade aligncenter wp-image-39699 size-full\" src=\"https:\/\/shop.nano.ba\/wp-content\/themes\/woodmart\/images\/lazy.svg\" data-src=\"https:\/\/shop.nano.ba\/wp-content\/uploads\/2022\/12\/boje1-compress.png\" alt=\"\" width=\"189\" height=\"678\" \/><\/a><br \/>\n<a href=\"https:\/\/shop.nano.ba\/wp-content\/uploads\/2022\/12\/boje44-compress.png\"><img loading=\"lazy\" decoding=\"async\" class=\" wd-lazy-fade aligncenter wp-image-39700 size-full\" src=\"https:\/\/shop.nano.ba\/wp-content\/themes\/woodmart\/images\/lazy.svg\" data-src=\"https:\/\/shop.nano.ba\/wp-content\/uploads\/2022\/12\/boje44-compress.png\" alt=\"\" width=\"197\" height=\"547\" \/><\/a><\/p>\n<table class=\"vc-table-plugin-theme-classic aligncenter\" style=\"height: 5px;\" width=\"5\">\n<tbody>\n<tr class=\"vc-th\">\n<td class=\"vc_table_cell\"><\/td>\n<td class=\"vc_table_cell\"><\/td>\n<\/tr>\n<tr>\n<td class=\"vc_table_cell\"><\/td>\n<td class=\"vc_table_cell\"><\/td>\n<\/tr>\n<tr>\n<td class=\"vc_table_cell\"><\/td>\n<td class=\"vc_table_cell\"><\/td>\n<\/tr>\n<tr>\n<td class=\"vc_table_cell\"><\/td>\n<td class=\"vc_table_cell\"><\/td>\n<\/tr>\n<tr>\n<td class=\"vc_table_cell\"><\/td>\n<td class=\"vc_table_cell\"><\/td>\n<\/tr>\n<tr>\n<td class=\"vc_table_cell\"><\/td>\n<td class=\"vc_table_cell\"><\/td>\n<\/tr>\n<tr>\n<td class=\"vc_table_cell\"><\/td>\n<td class=\"vc_table_cell\"><\/td>\n<\/tr>\n<tr>\n<td class=\"vc_table_cell\"><\/td>\n<td class=\"vc_table_cell\"><\/td>\n<\/tr>\n<tr>\n<td class=\"vc_table_cell\"><\/td>\n<td class=\"vc_table_cell\"><\/td>\n<\/tr>\n<\/tbody>\n<\/table>\n","protected":false},"excerpt":{"rendered":"<p>Materijal : Nehr\u0111aju\u0107i \u010delik sa nekorozivnim premazom boje protiv ogrebotina Dimenzije : H2050xW2500xD730 mm Te\u017eina : 275kg \u00a0Mogu\u0107e boje po<\/p>\n","protected":false},"featured_media":120347,"template":"","meta":[],"product_brand":[],"product_cat":[576],"product_tag":[],"class_list":{"0":"post-120346","1":"product","2":"type-product","3":"status-publish","4":"has-post-thumbnail","6":"product_cat-metalni-radni-stolovi","8":"first","9":"outofstock","10":"shipping-taxable","11":"purchasable","12":"product-type-simple"},"_links":{"self":[{"href":"https:\/\/shop.nano.ba\/index.php\/wp-json\/wp\/v2\/product\/120346","targetHints":{"allow":["GET"]}}],"collection":[{"href":"https:\/\/shop.nano.ba\/index.php\/wp-json\/wp\/v2\/product"}],"about":[{"href":"https:\/\/shop.nano.ba\/index.php\/wp-json\/wp\/v2\/types\/product"}],"version-history":[{"count":1,"href":"https:\/\/shop.nano.ba\/index.php\/wp-json\/wp\/v2\/product\/120346\/revisions"}],"predecessor-version":[{"id":120348,"href":"https:\/\/shop.nano.ba\/index.php\/wp-json\/wp\/v2\/product\/120346\/revisions\/120348"}],"wp:featuredmedia":[{"embeddable":true,"href":"https:\/\/shop.nano.ba\/index.php\/wp-json\/wp\/v2\/media\/120347"}],"wp:attachment":[{"href":"https:\/\/shop.nano.ba\/index.php\/wp-json\/wp\/v2\/media?parent=120346"}],"wp:term":[{"taxonomy":"product_brand","embeddable":true,"href":"https:\/\/shop.nano.ba\/index.php\/wp-json\/wp\/v2\/product_brand?post=120346"},{"taxonomy":"product_cat","embeddable":true,"href":"https:\/\/shop.nano.ba\/index.php\/wp-json\/wp\/v2\/product_cat?post=120346"},{"taxonomy":"product_tag","embeddable":true,"href":"https:\/\/shop.nano.ba\/index.php\/wp-json\/wp\/v2\/product_tag?post=120346"}],"curies":[{"name":"wp","href":"https:\/\/api.w.org\/{rel}","templated":true}]}}