{"id":120393,"date":"2025-11-07T12:56:21","date_gmt":"2025-11-07T12:56:21","guid":{"rendered":"https:\/\/shop.nano.ba\/?post_type=product&#038;p=120393"},"modified":"2026-05-04T08:29:12","modified_gmt":"2026-05-04T08:29:12","slug":"metalna-zakacka-za-cekice-bd-2516-1038","status":"publish","type":"product","link":"https:\/\/shop.nano.ba\/index.php\/proizvod\/metalna-zakacka-za-cekice-bd-2516-1038\/","title":{"rendered":"Metalna zaka\u010dka za \u010deki\u0107e (BD-2516-1038)"},"content":{"rendered":"","protected":false},"excerpt":{"rendered":"","protected":false},"featured_media":0,"template":"","meta":[],"product_brand":[],"product_cat":[587],"product_tag":[],"class_list":{"0":"post-120393","1":"product","2":"type-product","3":"status-publish","5":"product_cat-dodaci-za-metalne-radne-stolove","7":"first","8":"instock","9":"shipping-taxable","10":"purchasable","11":"product-type-simple"},"_links":{"self":[{"href":"https:\/\/shop.nano.ba\/index.php\/wp-json\/wp\/v2\/product\/120393","targetHints":{"allow":["GET"]}}],"collection":[{"href":"https:\/\/shop.nano.ba\/index.php\/wp-json\/wp\/v2\/product"}],"about":[{"href":"https:\/\/shop.nano.ba\/index.php\/wp-json\/wp\/v2\/types\/product"}],"version-history":[{"count":1,"href":"https:\/\/shop.nano.ba\/index.php\/wp-json\/wp\/v2\/product\/120393\/revisions"}],"predecessor-version":[{"id":120394,"href":"https:\/\/shop.nano.ba\/index.php\/wp-json\/wp\/v2\/product\/120393\/revisions\/120394"}],"wp:attachment":[{"href":"https:\/\/shop.nano.ba\/index.php\/wp-json\/wp\/v2\/media?parent=120393"}],"wp:term":[{"taxonomy":"product_brand","embeddable":true,"href":"https:\/\/shop.nano.ba\/index.php\/wp-json\/wp\/v2\/product_brand?post=120393"},{"taxonomy":"product_cat","embeddable":true,"href":"https:\/\/shop.nano.ba\/index.php\/wp-json\/wp\/v2\/product_cat?post=120393"},{"taxonomy":"product_tag","embeddable":true,"href":"https:\/\/shop.nano.ba\/index.php\/wp-json\/wp\/v2\/product_tag?post=120393"}],"curies":[{"name":"wp","href":"https:\/\/api.w.org\/{rel}","templated":true}]}}