{"id":120537,"date":"2025-11-09T07:52:58","date_gmt":"2025-11-09T07:52:58","guid":{"rendered":"https:\/\/shop.nano.ba\/?post_type=product&#038;p=120537"},"modified":"2026-05-06T08:30:56","modified_gmt":"2026-05-06T08:30:56","slug":"set-6-komada-brisalica","status":"publish","type":"product","link":"https:\/\/shop.nano.ba\/index.php\/proizvod\/set-6-komada-brisalica\/","title":{"rendered":"Set 6kom brisalica Gift M1034-6"},"content":{"rendered":"<p>Pamu\u010dne frotirne brisalice dostupne su\u00a0 u setu od 6 komada. Svaki paketi\u0107 sadr\u017ei pastelne boje i nje\u017ene dezene. Ove brisalice su idealne za razli\u010dite situacije, bilo da vam je potrebna mokra ili suha.<\/p>\n<p><strong>Set sadr\u017ei:<br \/>\n6 komada frotirnih brisalica u pastelnim bojama i nje\u017enim dezenima.<\/strong><\/p>\n<p><strong>Materijal:\u00a0<\/strong><\/p>\n<ul>\n<li>100% pamuk<\/li>\n<\/ul>\n<p><strong>Odr\u017eavanje:<\/strong><\/p>\n<ul>\n<li>Pranje u ma\u0161ini za ve\u0161 do 60\u00b0<\/li>\n<li>Dozvoljeno peglanje<\/li>\n<li>Dozvoljeno su\u0161enje u su\u0161ilici<\/li>\n<\/ul>\n","protected":false},"excerpt":{"rendered":"<p>Pamu\u010dne frotirne brisalice dostupne su\u00a0 u setu od 6 komada. Svaki paketi\u0107 sadr\u017ei pastelne boje i nje\u017ene dezene. Ove brisalice<\/p>\n","protected":false},"featured_media":128432,"template":"","meta":[],"product_brand":[],"product_cat":[317,863,601],"product_tag":[],"class_list":{"0":"post-120537","1":"product","2":"type-product","3":"status-publish","4":"has-post-thumbnail","6":"product_cat-baby-oprema","7":"product_cat-brisalice","8":"product_cat-pelene","10":"first","11":"instock","12":"shipping-taxable","13":"purchasable","14":"product-type-variable"},"_links":{"self":[{"href":"https:\/\/shop.nano.ba\/index.php\/wp-json\/wp\/v2\/product\/120537","targetHints":{"allow":["GET"]}}],"collection":[{"href":"https:\/\/shop.nano.ba\/index.php\/wp-json\/wp\/v2\/product"}],"about":[{"href":"https:\/\/shop.nano.ba\/index.php\/wp-json\/wp\/v2\/types\/product"}],"version-history":[{"count":4,"href":"https:\/\/shop.nano.ba\/index.php\/wp-json\/wp\/v2\/product\/120537\/revisions"}],"predecessor-version":[{"id":128433,"href":"https:\/\/shop.nano.ba\/index.php\/wp-json\/wp\/v2\/product\/120537\/revisions\/128433"}],"wp:featuredmedia":[{"embeddable":true,"href":"https:\/\/shop.nano.ba\/index.php\/wp-json\/wp\/v2\/media\/128432"}],"wp:attachment":[{"href":"https:\/\/shop.nano.ba\/index.php\/wp-json\/wp\/v2\/media?parent=120537"}],"wp:term":[{"taxonomy":"product_brand","embeddable":true,"href":"https:\/\/shop.nano.ba\/index.php\/wp-json\/wp\/v2\/product_brand?post=120537"},{"taxonomy":"product_cat","embeddable":true,"href":"https:\/\/shop.nano.ba\/index.php\/wp-json\/wp\/v2\/product_cat?post=120537"},{"taxonomy":"product_tag","embeddable":true,"href":"https:\/\/shop.nano.ba\/index.php\/wp-json\/wp\/v2\/product_tag?post=120537"}],"curies":[{"name":"wp","href":"https:\/\/api.w.org\/{rel}","templated":true}]}}