{"id":120542,"date":"2025-11-09T07:58:01","date_gmt":"2025-11-09T07:58:01","guid":{"rendered":"https:\/\/shop.nano.ba\/?post_type=product&#038;p=120542"},"modified":"2026-03-15T06:22:31","modified_gmt":"2026-03-15T06:22:31","slug":"smotuljak-teddy","status":"publish","type":"product","link":"https:\/\/shop.nano.ba\/index.php\/proizvod\/smotuljak-teddy\/","title":{"rendered":"Smotuljak teddy M1034-8"},"content":{"rendered":"<p>Preslatki smotuljak izra\u0111en od teddy materijala i pamuka. Punjen antialergijskom silikonskom vatom. Materijal izrade i samo punjenje osigurava prozra\u010dnost i optimalno zadr\u017eavanje toplote \u010dak i u najhladnijim danima.<\/p>\n<p>Prostor za noge osigurava da ne\u0107e do\u0107i do pomijeranja.<br \/>\n\u010ci\u010dak traka za optimalno umotavanje, bez pomijeranja.<br \/>\nKapica.<br \/>\nIdealno za kolica\/\u0161etnje.<\/p>\n<p><strong>Materijal:<\/strong><\/p>\n<p>Vanjski materijal: teddy<br \/>\nUnutra\u0161nji materijal: 100% pamuk<br \/>\nPunjenje: Antialergijska silikonska vata.<\/p>\n<p><strong>Odr\u017eavanje:<\/strong><\/p>\n<ul>\n<li>Veoma se lako odr\u017eava.<\/li>\n<li>Perive u ma\u0161ini za ve\u0161 na 30\u00b0.<\/li>\n<li>Su\u0161enje u su\u0161ilici je dozvoljeno, na ni\u017eim temperaturama.<\/li>\n<li>Peglanje je dozvoljeno.<\/li>\n<\/ul>\n<p>Promjena pri pranju na 30\u00b0C: po du\u017eini -1,2%, po \u0161irini -0,5% pH vodenog ekstrakta 8,6%<\/p>\n","protected":false},"excerpt":{"rendered":"<p>Preslatki smotuljak izra\u0111en od teddy materijala i pamuka. Punjen antialergijskom silikonskom vatom. Materijal izrade i samo punjenje osigurava prozra\u010dnost i<\/p>\n","protected":false},"featured_media":126285,"template":"","meta":[],"product_brand":[],"product_cat":[317,804,800,806,808,807,603,811],"product_tag":[],"class_list":{"0":"post-120542","1":"product","2":"type-product","3":"status-publish","4":"has-post-thumbnail","6":"product_cat-baby-oprema","7":"product_cat-bijela","8":"product_cat-boje-i-dezeni","9":"product_cat-plava","10":"product_cat-roze","11":"product_cat-siva","12":"product_cat-smotuljak","13":"product_cat-zuta","15":"first","16":"instock","17":"shipping-taxable","18":"purchasable","19":"product-type-variable"},"_links":{"self":[{"href":"https:\/\/shop.nano.ba\/index.php\/wp-json\/wp\/v2\/product\/120542","targetHints":{"allow":["GET"]}}],"collection":[{"href":"https:\/\/shop.nano.ba\/index.php\/wp-json\/wp\/v2\/product"}],"about":[{"href":"https:\/\/shop.nano.ba\/index.php\/wp-json\/wp\/v2\/types\/product"}],"version-history":[{"count":4,"href":"https:\/\/shop.nano.ba\/index.php\/wp-json\/wp\/v2\/product\/120542\/revisions"}],"predecessor-version":[{"id":126311,"href":"https:\/\/shop.nano.ba\/index.php\/wp-json\/wp\/v2\/product\/120542\/revisions\/126311"}],"wp:featuredmedia":[{"embeddable":true,"href":"https:\/\/shop.nano.ba\/index.php\/wp-json\/wp\/v2\/media\/126285"}],"wp:attachment":[{"href":"https:\/\/shop.nano.ba\/index.php\/wp-json\/wp\/v2\/media?parent=120542"}],"wp:term":[{"taxonomy":"product_brand","embeddable":true,"href":"https:\/\/shop.nano.ba\/index.php\/wp-json\/wp\/v2\/product_brand?post=120542"},{"taxonomy":"product_cat","embeddable":true,"href":"https:\/\/shop.nano.ba\/index.php\/wp-json\/wp\/v2\/product_cat?post=120542"},{"taxonomy":"product_tag","embeddable":true,"href":"https:\/\/shop.nano.ba\/index.php\/wp-json\/wp\/v2\/product_tag?post=120542"}],"curies":[{"name":"wp","href":"https:\/\/api.w.org\/{rel}","templated":true}]}}