{"id":120546,"date":"2025-11-09T08:07:15","date_gmt":"2025-11-09T08:07:15","guid":{"rendered":"https:\/\/shop.nano.ba\/?post_type=product&#038;p=120546"},"modified":"2026-04-07T05:19:40","modified_gmt":"2026-04-07T05:19:40","slug":"hodalica-car","status":"publish","type":"product","link":"https:\/\/shop.nano.ba\/index.php\/proizvod\/hodalica-car\/","title":{"rendered":"Hodalica Car M1035-10"},"content":{"rendered":"<p>Hodalica Car. Savr\u0161ena za aktivnu bebu. Poti\u010de vje\u017ebu mi\u0161i\u0107a i kretanje. Pobolj\u0161ava motoriku. Idealna u uzrastu kada je bebi potrebno vi\u0161e kretanja, a nisu jo\u0161 dovoljno stabilni.<\/p>\n<ul>\n<li>Pogodno za djecu od 6 mjeseci do 12 kg;<\/li>\n<li>Pode\u0161avanje visine u 3 polo\u017eaja.<\/li>\n<li>Mekano sjedalo sa naslonom.<\/li>\n<li>Silikonski to\u010dki\u0107i koji ne klize.<\/li>\n<li>To\u010dki\u0107i sa ko\u010dnicama, za pode\u0161avanje brzine.<\/li>\n<li>Razigrani dizajn.<\/li>\n<li>Visokokvalitetni plasti\u010dni materijal.<\/li>\n<li>Muzi\u010dka.<\/li>\n<li>Transformi\u0161e se u prohodalicu.<\/li>\n<\/ul>\n<p>Dostupne boje: siva, bijela, puder roze.<\/p>\n","protected":false},"excerpt":{"rendered":"<p>Hodalica Car. Savr\u0161ena za aktivnu bebu. Poti\u010de vje\u017ebu mi\u0161i\u0107a i kretanje. Pobolj\u0161ava motoriku. Idealna u uzrastu kada je bebi potrebno<\/p>\n","protected":false},"featured_media":126508,"template":"","meta":[],"product_brand":[],"product_cat":[317,804,800,594,809,807],"product_tag":[],"class_list":{"0":"post-120546","1":"product","2":"type-product","3":"status-publish","4":"has-post-thumbnail","6":"product_cat-baby-oprema","7":"product_cat-bijela","8":"product_cat-boje-i-dezeni","9":"product_cat-hodalice","10":"product_cat-puder-roze","11":"product_cat-siva","13":"first","14":"instock","15":"shipping-taxable","16":"purchasable","17":"product-type-variable"},"_links":{"self":[{"href":"https:\/\/shop.nano.ba\/index.php\/wp-json\/wp\/v2\/product\/120546","targetHints":{"allow":["GET"]}}],"collection":[{"href":"https:\/\/shop.nano.ba\/index.php\/wp-json\/wp\/v2\/product"}],"about":[{"href":"https:\/\/shop.nano.ba\/index.php\/wp-json\/wp\/v2\/types\/product"}],"version-history":[{"count":5,"href":"https:\/\/shop.nano.ba\/index.php\/wp-json\/wp\/v2\/product\/120546\/revisions"}],"predecessor-version":[{"id":126519,"href":"https:\/\/shop.nano.ba\/index.php\/wp-json\/wp\/v2\/product\/120546\/revisions\/126519"}],"wp:featuredmedia":[{"embeddable":true,"href":"https:\/\/shop.nano.ba\/index.php\/wp-json\/wp\/v2\/media\/126508"}],"wp:attachment":[{"href":"https:\/\/shop.nano.ba\/index.php\/wp-json\/wp\/v2\/media?parent=120546"}],"wp:term":[{"taxonomy":"product_brand","embeddable":true,"href":"https:\/\/shop.nano.ba\/index.php\/wp-json\/wp\/v2\/product_brand?post=120546"},{"taxonomy":"product_cat","embeddable":true,"href":"https:\/\/shop.nano.ba\/index.php\/wp-json\/wp\/v2\/product_cat?post=120546"},{"taxonomy":"product_tag","embeddable":true,"href":"https:\/\/shop.nano.ba\/index.php\/wp-json\/wp\/v2\/product_tag?post=120546"}],"curies":[{"name":"wp","href":"https:\/\/api.w.org\/{rel}","templated":true}]}}