{"id":120550,"date":"2025-11-09T08:10:34","date_gmt":"2025-11-09T08:10:34","guid":{"rendered":"https:\/\/shop.nano.ba\/?post_type=product&#038;p=120550"},"modified":"2026-04-13T15:47:44","modified_gmt":"2026-04-13T15:47:44","slug":"stol-za-presvlacenje-sa-kadom","status":"publish","type":"product","link":"https:\/\/shop.nano.ba\/index.php\/proizvod\/stol-za-presvlacenje-sa-kadom\/","title":{"rendered":"Stol za presvla\u010denje sa kadom M1037-1"},"content":{"rendered":"<div class=\"xdj266r x14z9mp xat24cr x1lziwak x1vvkbs x126k92a\">\n<div dir=\"auto\">Set za kupanje sa podlogom i kadom na stalku 180KM <span class=\"html-span xexx8yu xyri2b x18d9i69 x1c1uobl x1hl2dhg x16tdsg8 x1vvkbs x3nfvp2 x1j61x8r x1fcty0u xdj266r xat24cr xm2jcoa x1mpyi22 xxymvpz xlup9mm x1kky2od\"><img loading=\"lazy\" decoding=\"async\" class=\"xz74otr x15mokao x1ga7v0g x16uus16 xbiv7yw\" src=\"https:\/\/static.xx.fbcdn.net\/images\/emoji.php\/v9\/tfc\/1\/16\/1f6c1.png\" alt=\"\ud83d\udec1\" width=\"16\" height=\"16\" \/><\/span><\/div>\n<\/div>\n<div class=\"x14z9mp xat24cr x1lziwak x1vvkbs xtlvy1s x126k92a\">\n<div dir=\"auto\">Set sadr\u017ei:<\/div>\n<div dir=\"auto\">\u2022 Kadu izra\u0111enu od kvalitetne, netoksi\u010dne plastike sa termometrom<\/div>\n<div dir=\"auto\">\u2022 \u010cvrst metalni stalak sa sigurnosnim osloncima<\/div>\n<div dir=\"auto\">\u2022 Udobnu podlogu za presvla\u010denje sa za\u0161titnim rubovima<\/div>\n<div dir=\"auto\">\u2022 Pretince i police za odlaganje pelena, kozmetike i pribora<\/div>\n<div dir=\"auto\">\u2022 Materijal: plastika bez BPA + metalna konstrukcija<\/div>\n<div dir=\"auto\">\u2022 Sigurnosna traka na podlozi za dodatnu stabilnost<\/div>\n<div dir=\"auto\">\u2022 Kota\u010di\u0107i sa ko\u010dnicom za lak\u0161e pomjeranje<\/div>\n<\/div>\n","protected":false},"excerpt":{"rendered":"<p>Set za kupanje sa podlogom i kadom na stalku 180KM Set sadr\u017ei: \u2022 Kadu izra\u0111enu od kvalitetne, netoksi\u010dne plastike sa<\/p>\n","protected":false},"featured_media":125870,"template":"","meta":[],"product_brand":[],"product_cat":[317,814,593,818],"product_tag":[],"class_list":{"0":"post-120550","1":"product","2":"type-product","3":"status-publish","4":"has-post-thumbnail","6":"product_cat-baby-oprema","7":"product_cat-dodaci","8":"product_cat-set-za-kupanje","9":"product_cat-podloge-za-presvlacenje","11":"first","12":"instock","13":"shipping-taxable","14":"purchasable","15":"product-type-simple"},"_links":{"self":[{"href":"https:\/\/shop.nano.ba\/index.php\/wp-json\/wp\/v2\/product\/120550","targetHints":{"allow":["GET"]}}],"collection":[{"href":"https:\/\/shop.nano.ba\/index.php\/wp-json\/wp\/v2\/product"}],"about":[{"href":"https:\/\/shop.nano.ba\/index.php\/wp-json\/wp\/v2\/types\/product"}],"version-history":[{"count":4,"href":"https:\/\/shop.nano.ba\/index.php\/wp-json\/wp\/v2\/product\/120550\/revisions"}],"predecessor-version":[{"id":126437,"href":"https:\/\/shop.nano.ba\/index.php\/wp-json\/wp\/v2\/product\/120550\/revisions\/126437"}],"wp:featuredmedia":[{"embeddable":true,"href":"https:\/\/shop.nano.ba\/index.php\/wp-json\/wp\/v2\/media\/125870"}],"wp:attachment":[{"href":"https:\/\/shop.nano.ba\/index.php\/wp-json\/wp\/v2\/media?parent=120550"}],"wp:term":[{"taxonomy":"product_brand","embeddable":true,"href":"https:\/\/shop.nano.ba\/index.php\/wp-json\/wp\/v2\/product_brand?post=120550"},{"taxonomy":"product_cat","embeddable":true,"href":"https:\/\/shop.nano.ba\/index.php\/wp-json\/wp\/v2\/product_cat?post=120550"},{"taxonomy":"product_tag","embeddable":true,"href":"https:\/\/shop.nano.ba\/index.php\/wp-json\/wp\/v2\/product_tag?post=120550"}],"curies":[{"name":"wp","href":"https:\/\/api.w.org\/{rel}","templated":true}]}}