{"id":121032,"date":"2025-11-13T12:27:17","date_gmt":"2025-11-13T12:27:17","guid":{"rendered":"https:\/\/shop.nano.ba\/?post_type=product&#038;p=121032"},"modified":"2026-01-03T12:23:18","modified_gmt":"2026-01-03T12:23:18","slug":"dekica-muslin-teddy","status":"publish","type":"product","link":"https:\/\/shop.nano.ba\/index.php\/proizvod\/dekica-muslin-teddy\/","title":{"rendered":"Dekica Muslin Teddy &#8211; Be\u017e"},"content":{"rendered":"<div dir=\"auto\">\n<div dir=\"auto\"><strong>Muslin-Teddy dekica <\/strong>se radi od predivnog pamu\u010dnog muslina i mekanog teddy materijala. Sa jedne strane je dobro poznati mekani, ugodni i prozra\u010dni muslin, a sa druge mekani i topli teddy.<\/div>\n<div dir=\"auto\">Po \u017eelji na muslin strani radimo vez imena. Vez imena je <strong>7KM<\/strong>. U ko\u0161aricu je potrebno dodati artikal pod nazivom <strong>Usluga<\/strong> <strong>Ma\u0161inskog Veza<\/strong>. Dovoljno je u napomenu, prilikom popunjavanja podataka, upisati ime djeteta.<\/p>\n<p>Uz dekicu kombinujte na\u0161 Jastuk Muslin &#8211; Be\u017e.<\/p><\/div>\n<div dir=\"auto\">\n<p>Proizvod radimo u jednoj veli\u010dini:<\/p>\n<ul>\n<li>Dekica dimenzije 85\u00d785cm je namijenjena za uzrast <strong>0-24 mj<\/strong>. Savr\u0161ena veli\u010dina za kori\u0161tenje u kolicima do <strong>3 godine<\/strong>.<\/li>\n<\/ul>\n<p><strong>Odr\u017eavanje:<\/strong><\/p>\n<ul>\n<li>Veoma se lako odr\u017eava.<\/li>\n<li>Perive u ma\u0161ini za ve\u0161 na 30\u00b0.<\/li>\n<li>Su\u0161enje u su\u0161ilici je dozvoljeno, na ni\u017eim temperaturama.<\/li>\n<li>Peglanje teddy strane nije dozvoljeno, niti potrebno.<\/li>\n<li>Peglanje muslin strane je dozvoljeno.<\/li>\n<\/ul>\n<p>Promjena pri pranju na 30\u00b0C: po du\u017eini -1,2%, po \u0161irini -0,5% pH vodenog ekstrakta 8,6%<\/p>\n<\/div>\n<div dir=\"auto\"><span class=\"x3nfvp2 x1j61x8r x1fcty0u xdj266r xhhsvwb xat24cr xgzva0m xxymvpz xlup9mm x1kky2od\">Proizvo\u0111a\u010d: Nano DOO, Cerik, Br\u010dko.\u00a0<\/span><\/div>\n<div dir=\"auto\"><\/div>\n<\/div>\n<div dir=\"auto\"><span class=\"x3nfvp2 x1j61x8r x1fcty0u xdj266r xhhsvwb xat24cr xgzva0m xxymvpz xlup9mm x1kky2od\"><br \/>\nDovoljno je u napomenu, prilikom popunjavanja podataka, upisati ime djeteta. Takodjer, ukoliko kupujete vi\u0161e stvari, mo\u017eete jednostavno u napomenu upisati sve \u0161to \u017eelite. Ukoliko kupite vi\u0161e razli\u010ditih stvari, a \u017eelite sve u istoj boji i kombinaciji, samo u napomenu upi\u0161ite da \u017eelite da bude sve u istoj kombinaciji.\u00a0<\/span><\/div>\n<div dir=\"auto\">\u0160aljemo brzom po\u0161tom na adresu, pla\u0107anje je prilikom preuzimanja, a paket mo\u017eete pregledati <span class=\"x3nfvp2 x1j61x8r x1fcty0u xdj266r xhhsvwb xat24cr xgzva0m xxymvpz xlup9mm x1kky2od\"><img loading=\"lazy\" decoding=\"async\" src=\"https:\/\/static.xx.fbcdn.net\/images\/emoji.php\/v9\/t84\/1\/16\/1f381.png\" alt=\"\ud83c\udf81\" width=\"16\" height=\"16\" \/><\/span><\/div>\n","protected":false},"excerpt":{"rendered":"<p>Muslin-Teddy dekica se radi od predivnog pamu\u010dnog muslina i mekanog teddy materijala. Sa jedne strane je dobro poznati mekani, ugodni<\/p>\n","protected":false},"featured_media":125945,"template":"","meta":[],"product_brand":[],"product_cat":[317,514,798],"product_tag":[],"class_list":{"0":"post-121032","1":"product","2":"type-product","3":"status-publish","4":"has-post-thumbnail","6":"product_cat-baby-oprema","7":"product_cat-deke-i-prekrivaci","8":"product_cat-muslin-teddy-dekice","10":"first","11":"instock","12":"shipping-taxable","13":"purchasable","14":"product-type-simple"},"_links":{"self":[{"href":"https:\/\/shop.nano.ba\/index.php\/wp-json\/wp\/v2\/product\/121032","targetHints":{"allow":["GET"]}}],"collection":[{"href":"https:\/\/shop.nano.ba\/index.php\/wp-json\/wp\/v2\/product"}],"about":[{"href":"https:\/\/shop.nano.ba\/index.php\/wp-json\/wp\/v2\/types\/product"}],"version-history":[{"count":4,"href":"https:\/\/shop.nano.ba\/index.php\/wp-json\/wp\/v2\/product\/121032\/revisions"}],"predecessor-version":[{"id":125954,"href":"https:\/\/shop.nano.ba\/index.php\/wp-json\/wp\/v2\/product\/121032\/revisions\/125954"}],"wp:featuredmedia":[{"embeddable":true,"href":"https:\/\/shop.nano.ba\/index.php\/wp-json\/wp\/v2\/media\/125945"}],"wp:attachment":[{"href":"https:\/\/shop.nano.ba\/index.php\/wp-json\/wp\/v2\/media?parent=121032"}],"wp:term":[{"taxonomy":"product_brand","embeddable":true,"href":"https:\/\/shop.nano.ba\/index.php\/wp-json\/wp\/v2\/product_brand?post=121032"},{"taxonomy":"product_cat","embeddable":true,"href":"https:\/\/shop.nano.ba\/index.php\/wp-json\/wp\/v2\/product_cat?post=121032"},{"taxonomy":"product_tag","embeddable":true,"href":"https:\/\/shop.nano.ba\/index.php\/wp-json\/wp\/v2\/product_tag?post=121032"}],"curies":[{"name":"wp","href":"https:\/\/api.w.org\/{rel}","templated":true}]}}