{"id":125906,"date":"2026-01-03T10:41:11","date_gmt":"2026-01-03T10:41:11","guid":{"rendered":"https:\/\/shop.nano.ba\/?post_type=product&#038;p=125906"},"modified":"2026-01-03T13:36:56","modified_gmt":"2026-01-03T13:36:56","slug":"dekica-cozy-bez","status":"publish","type":"product","link":"https:\/\/shop.nano.ba\/index.php\/proizvod\/dekica-cozy-bez\/","title":{"rendered":"Dekica Cozy &#8211; Be\u017e"},"content":{"rendered":"<div dir=\"auto\"><strong>Cozy dekica <\/strong>se radi od predivnog pli\u0161anog materijala. Sa obje strane je isti materijal i po \u017eelji na jednoj strani radimo vez imena. Vez imena je <strong>7KM<\/strong>. U ko\u0161aricu je potrebno dodati artikal pod nazivom <strong>Usluga<\/strong> <strong>Ma\u0161inskog Veza<\/strong>. Dovoljno je u napomenu, prilikom popunjavanja podataka, upisati ime djeteta.<\/div>\n<div dir=\"auto\">\n<p>Proizvod radimo u razli\u010ditim veli\u010dinama:<\/p>\n<ul>\n<li>Dekica dimenzije 80\u00d780cm je namijenjena za uzrast <strong>0-24 mj<\/strong>. Savr\u0161ena veli\u010dina za kori\u0161tenje u kolicima do <strong>3 godine<\/strong>.<\/li>\n<li>Dekica dimenzije 80\u00d7120 je namijenjena za uzrast <strong>0-4 godine starosti<\/strong>. Savr\u0161eno je za prekrivanje u kreveti\u0107u i kasnije u dje\u010dijem krevetu.<\/li>\n<\/ul>\n<p><strong>Odr\u017eavanje:<\/strong><\/p>\n<ul>\n<li>Veoma se lako odr\u017eava jer je materijal takav po sastavu da se ne gu\u017eva.<\/li>\n<li>Perive u ma\u0161ini za ve\u0161 na 30\u00b0.<\/li>\n<li>Su\u0161enje u su\u0161ilici je dozvoljeno, na ni\u017eim temperaturama.<\/li>\n<li>Peglanje nije dozvoljeno, niti potrebno.<\/li>\n<\/ul>\n<p>Promjena pri pranju na 30\u00b0C: po du\u017eini -1,2%, po \u0161irini -0,5% pH vodenog ekstrakta 8,6%<\/p>\n<\/div>\n<div dir=\"auto\"><span class=\"x3nfvp2 x1j61x8r x1fcty0u xdj266r xhhsvwb xat24cr xgzva0m xxymvpz xlup9mm x1kky2od\">Proizvo\u0111a\u010d: Nano DOO, Cerik, Br\u010dko.\u00a0<\/span><\/div>\n<div dir=\"auto\"><\/div>\n","protected":false},"excerpt":{"rendered":"<p>Cozy dekica se radi od predivnog pli\u0161anog materijala. Sa obje strane je isti materijal i po \u017eelji na jednoj strani<\/p>\n","protected":false},"featured_media":125918,"template":"","meta":[],"product_brand":[],"product_cat":[317,802,796,514],"product_tag":[],"class_list":{"0":"post-125906","1":"product","2":"type-product","3":"status-publish","4":"has-post-thumbnail","6":"product_cat-baby-oprema","7":"product_cat-bez","8":"product_cat-cozy-dekice","9":"product_cat-deke-i-prekrivaci","11":"first","12":"instock","13":"shipping-taxable","14":"purchasable","15":"product-type-variable"},"_links":{"self":[{"href":"https:\/\/shop.nano.ba\/index.php\/wp-json\/wp\/v2\/product\/125906","targetHints":{"allow":["GET"]}}],"collection":[{"href":"https:\/\/shop.nano.ba\/index.php\/wp-json\/wp\/v2\/product"}],"about":[{"href":"https:\/\/shop.nano.ba\/index.php\/wp-json\/wp\/v2\/types\/product"}],"version-history":[{"count":3,"href":"https:\/\/shop.nano.ba\/index.php\/wp-json\/wp\/v2\/product\/125906\/revisions"}],"predecessor-version":[{"id":125919,"href":"https:\/\/shop.nano.ba\/index.php\/wp-json\/wp\/v2\/product\/125906\/revisions\/125919"}],"wp:featuredmedia":[{"embeddable":true,"href":"https:\/\/shop.nano.ba\/index.php\/wp-json\/wp\/v2\/media\/125918"}],"wp:attachment":[{"href":"https:\/\/shop.nano.ba\/index.php\/wp-json\/wp\/v2\/media?parent=125906"}],"wp:term":[{"taxonomy":"product_brand","embeddable":true,"href":"https:\/\/shop.nano.ba\/index.php\/wp-json\/wp\/v2\/product_brand?post=125906"},{"taxonomy":"product_cat","embeddable":true,"href":"https:\/\/shop.nano.ba\/index.php\/wp-json\/wp\/v2\/product_cat?post=125906"},{"taxonomy":"product_tag","embeddable":true,"href":"https:\/\/shop.nano.ba\/index.php\/wp-json\/wp\/v2\/product_tag?post=125906"}],"curies":[{"name":"wp","href":"https:\/\/api.w.org\/{rel}","templated":true}]}}