{"id":125971,"date":"2026-01-03T12:58:40","date_gmt":"2026-01-03T12:58:40","guid":{"rendered":"https:\/\/shop.nano.ba\/?post_type=product&#038;p=125971"},"modified":"2026-01-03T13:30:53","modified_gmt":"2026-01-03T13:30:53","slug":"jastuk-minky-ljubicasta-i-male-vile","status":"publish","type":"product","link":"https:\/\/shop.nano.ba\/index.php\/proizvod\/jastuk-minky-ljubicasta-i-male-vile\/","title":{"rendered":"Jastuk Minky &#8211; Ljubi\u010dasta i male vile"},"content":{"rendered":"<div dir=\"auto\">\n<div dir=\"auto\">\n<div dir=\"auto\"><strong>Minky jastuk <\/strong>se radi od predivnog pli\u0161anog materijala s jedne i pamu\u010dnog materijala u dezenu sa druge strane. Mekan, lagan, prozra\u010dan i ugodan dje\u010dji jastuk. Punjenje omogu\u0107ava prirodnu propusnost zraka, osigurava udobnost sna.<br \/>\nSprje\u010dava stvaranje grinja.<\/div>\n<div dir=\"auto\">\n<p>Proizvod radimo u jednoj veli\u010dini:<\/p>\n<ul>\n<li>Jastuk dimenzije 40\u00d730cm.<\/li>\n<\/ul>\n<p><strong>Materijal:<\/strong><\/p>\n<ul>\n<li>100% organski pamuk<\/li>\n<li>punjenje antialergijska silikonska vata<\/li>\n<\/ul>\n<p><strong>Odr\u017eavanje:<\/strong><\/p>\n<ul>\n<li>Veoma se lako odr\u017eava.<\/li>\n<li>Periv u ma\u0161ini za ve\u0161 na 30\u00b0.<\/li>\n<li>Su\u0161enje u su\u0161ilici je dozvoljeno, na ni\u017eim temperaturama.<\/li>\n<li>Peglanje pamu\u010dnog materijala je dozvoljeno.<\/li>\n<\/ul>\n<p>Promjena pri pranju na 30\u00b0C: po du\u017eini -1,2%, po \u0161irini -0,5% pH vodenog ekstrakta 8,6%<\/p>\n<\/div>\n<div dir=\"auto\"><span class=\"x3nfvp2 x1j61x8r x1fcty0u xdj266r xhhsvwb xat24cr xgzva0m xxymvpz xlup9mm x1kky2od\">Proizvo\u0111a\u010d: Nano DOO, Cerik, Br\u010dko.\u00a0<\/span><\/div>\n<div dir=\"auto\"><\/div>\n<\/div>\n<\/div>\n","protected":false},"excerpt":{"rendered":"<p>Minky jastuk se radi od predivnog pli\u0161anog materijala s jedne i pamu\u010dnog materijala u dezenu sa druge strane. Mekan, lagan,<\/p>\n","protected":false},"featured_media":125976,"template":"","meta":[],"product_brand":[],"product_cat":[317,514,659,803,795],"product_tag":[],"class_list":{"0":"post-125971","1":"product","2":"type-product","3":"status-publish","4":"has-post-thumbnail","6":"product_cat-baby-oprema","7":"product_cat-deke-i-prekrivaci","8":"product_cat-jastuci-za-bebe","9":"product_cat-ljubicasta","10":"product_cat-minky-dekice","12":"first","13":"instock","14":"shipping-taxable","15":"purchasable","16":"product-type-simple"},"_links":{"self":[{"href":"https:\/\/shop.nano.ba\/index.php\/wp-json\/wp\/v2\/product\/125971","targetHints":{"allow":["GET"]}}],"collection":[{"href":"https:\/\/shop.nano.ba\/index.php\/wp-json\/wp\/v2\/product"}],"about":[{"href":"https:\/\/shop.nano.ba\/index.php\/wp-json\/wp\/v2\/types\/product"}],"version-history":[{"count":1,"href":"https:\/\/shop.nano.ba\/index.php\/wp-json\/wp\/v2\/product\/125971\/revisions"}],"predecessor-version":[{"id":125977,"href":"https:\/\/shop.nano.ba\/index.php\/wp-json\/wp\/v2\/product\/125971\/revisions\/125977"}],"wp:featuredmedia":[{"embeddable":true,"href":"https:\/\/shop.nano.ba\/index.php\/wp-json\/wp\/v2\/media\/125976"}],"wp:attachment":[{"href":"https:\/\/shop.nano.ba\/index.php\/wp-json\/wp\/v2\/media?parent=125971"}],"wp:term":[{"taxonomy":"product_brand","embeddable":true,"href":"https:\/\/shop.nano.ba\/index.php\/wp-json\/wp\/v2\/product_brand?post=125971"},{"taxonomy":"product_cat","embeddable":true,"href":"https:\/\/shop.nano.ba\/index.php\/wp-json\/wp\/v2\/product_cat?post=125971"},{"taxonomy":"product_tag","embeddable":true,"href":"https:\/\/shop.nano.ba\/index.php\/wp-json\/wp\/v2\/product_tag?post=125971"}],"curies":[{"name":"wp","href":"https:\/\/api.w.org\/{rel}","templated":true}]}}