{"id":130847,"date":"2026-02-15T11:31:44","date_gmt":"2026-02-15T11:31:44","guid":{"rendered":"https:\/\/shop.nano.ba\/?post_type=product&#038;p=130847"},"modified":"2026-02-15T11:34:33","modified_gmt":"2026-02-15T11:34:33","slug":"gnijezdo-velvet-pletenica-puder-roze-i-ruze","status":"publish","type":"product","link":"https:\/\/shop.nano.ba\/index.php\/proizvod\/gnijezdo-velvet-pletenica-puder-roze-i-ruze\/","title":{"rendered":"Gnijezdo Velvet pletenica &#8211; Puder roze i Ru\u017ee"},"content":{"rendered":"<div class=\"xdj266r x11i5rnm xat24cr x1mh8g0r x1vvkbs x126k92a\">\n<div dir=\"auto\">Velvet gnijezdo + ravni jastuk s u\u0161ima.<\/div>\n<div dir=\"auto\"><\/div>\n<\/div>\n<div class=\"x11i5rnm xat24cr x1mh8g0r x1vvkbs xtlvy1s x126k92a\">\n<div dir=\"auto\">Spoj 100% pamuka ranforce kvaliteta i nje\u017enog velvet platna \u010dini najljep\u0161e i najudobnije gnijezdo koje \u0107e odgovarati osjetljivoj bebinoj ko\u017ei\u00a0<span class=\"x3nfvp2 x1j61x8r x1fcty0u xdj266r xhhsvwb xat24cr xgzva0m xxymvpz xlup9mm x1kky2od\"><img loading=\"lazy\" decoding=\"async\" class=\"xz74otr\" src=\"https:\/\/static.xx.fbcdn.net\/images\/emoji.php\/v9\/t7c\/1.5\/16\/1f9f8.png\" alt=\"\ud83e\uddf8\" width=\"16\" height=\"16\" \/><\/span><\/div>\n<div dir=\"auto\">Gnijezdo je vi\u0161enamjensko, uz njega dolazi jastuk s u\u0161ima, a pletenica se mo\u017ee odvojiti od podloge pa se pletenica i podloga mogu odvojeno koristiti i nakon \u0161to beba preraste gnijezdo\u00a0<span class=\"x3nfvp2 x1j61x8r x1fcty0u xdj266r xhhsvwb xat24cr xgzva0m xxymvpz xlup9mm x1kky2od\"><img loading=\"lazy\" decoding=\"async\" class=\"xz74otr\" src=\"https:\/\/static.xx.fbcdn.net\/images\/emoji.php\/v9\/t17\/1.5\/16\/1f42d.png\" alt=\"\ud83d\udc2d\" width=\"16\" height=\"16\" \/><\/span><\/div>\n<\/div>\n<div dir=\"auto\"><\/div>\n<div dir=\"auto\"><strong>Materijal:\u00a0<\/strong><\/div>\n<ul>\n<li dir=\"auto\">100% organski pamuk ranforce.<\/li>\n<li dir=\"auto\">Velvet pli\u0161ano platno.<\/li>\n<\/ul>\n<div dir=\"auto\"><strong>Punjenje:<\/strong><\/div>\n<ul>\n<li dir=\"auto\">Podloga \u2013 spu\u017eva<\/li>\n<li dir=\"auto\">Pletenica \u2013 antialergijska silikonska pahuljica<\/li>\n<\/ul>\n<div dir=\"auto\">\n<p><strong>Odr\u017eavanje:<\/strong><\/p>\n<ul>\n<li>Pletenica \u2013 Ma\u0161insko pranje na 30\u00b0<\/li>\n<li>Podloga \u2013 Ru\u010dno pranje<\/li>\n<li>Su\u0161enje na vjetru.<\/li>\n<li>Dozvoljeno peglanje.<\/li>\n<\/ul>\n<p>Promjena pri pranju na 30\u00b0C: po du\u017eini -1,2%, po \u0161irini -0,5% pH vodenog ekstrakta 8,6%<br \/>\nProizvo\u0111a\u010d: Nano DOO, Cerik, Br\u010dko<\/p>\n<\/div>\n","protected":false},"excerpt":{"rendered":"<p>Velvet gnijezdo + ravni jastuk s u\u0161ima. Spoj 100% pamuka ranforce kvaliteta i nje\u017enog velvet platna \u010dini najljep\u0161e i najudobnije<\/p>\n","protected":false},"featured_media":130850,"template":"","meta":[],"product_brand":[],"product_cat":[317,800,598,809,850],"product_tag":[],"class_list":{"0":"post-130847","1":"product","2":"type-product","3":"status-publish","4":"has-post-thumbnail","6":"product_cat-baby-oprema","7":"product_cat-boje-i-dezeni","8":"product_cat-gnijezdo-za-bebe","9":"product_cat-puder-roze","10":"product_cat-ruze","12":"first","13":"instock","14":"shipping-taxable","15":"purchasable","16":"product-type-simple"},"_links":{"self":[{"href":"https:\/\/shop.nano.ba\/index.php\/wp-json\/wp\/v2\/product\/130847","targetHints":{"allow":["GET"]}}],"collection":[{"href":"https:\/\/shop.nano.ba\/index.php\/wp-json\/wp\/v2\/product"}],"about":[{"href":"https:\/\/shop.nano.ba\/index.php\/wp-json\/wp\/v2\/types\/product"}],"version-history":[{"count":1,"href":"https:\/\/shop.nano.ba\/index.php\/wp-json\/wp\/v2\/product\/130847\/revisions"}],"predecessor-version":[{"id":130851,"href":"https:\/\/shop.nano.ba\/index.php\/wp-json\/wp\/v2\/product\/130847\/revisions\/130851"}],"wp:featuredmedia":[{"embeddable":true,"href":"https:\/\/shop.nano.ba\/index.php\/wp-json\/wp\/v2\/media\/130850"}],"wp:attachment":[{"href":"https:\/\/shop.nano.ba\/index.php\/wp-json\/wp\/v2\/media?parent=130847"}],"wp:term":[{"taxonomy":"product_brand","embeddable":true,"href":"https:\/\/shop.nano.ba\/index.php\/wp-json\/wp\/v2\/product_brand?post=130847"},{"taxonomy":"product_cat","embeddable":true,"href":"https:\/\/shop.nano.ba\/index.php\/wp-json\/wp\/v2\/product_cat?post=130847"},{"taxonomy":"product_tag","embeddable":true,"href":"https:\/\/shop.nano.ba\/index.php\/wp-json\/wp\/v2\/product_tag?post=130847"}],"curies":[{"name":"wp","href":"https:\/\/api.w.org\/{rel}","templated":true}]}}