{"id":130868,"date":"2026-02-15T12:02:36","date_gmt":"2026-02-15T12:02:36","guid":{"rendered":"https:\/\/shop.nano.ba\/?post_type=product&#038;p=130868"},"modified":"2026-02-21T12:13:48","modified_gmt":"2026-02-21T12:13:48","slug":"set-zvonko-bez-safari-i-zelena-bijela-pletenica-sa-3-strane-oblak-dvije-zvijezde-plahta-jastuk-i-jorgan","status":"publish","type":"product","link":"https:\/\/shop.nano.ba\/index.php\/proizvod\/set-zvonko-bez-safari-i-zelena-bijela-pletenica-sa-3-strane-oblak-dvije-zvijezde-plahta-jastuk-i-jorgan\/","title":{"rendered":"Set Zvonko Be\u017e Safari i Zelena\/Bijela &#8211; Pletenica sa 3 strane, oblak, dvije zvijezde, plahta, jastuk i jorgan"},"content":{"rendered":"<p>Zvonko set za krevetac. Najnje\u017eniji dodir za Va\u0161e mali\u0161ane &lt;3<\/p>\n<p><strong>SET SADR\u017dI:<\/strong><\/p>\n<ul>\n<li>Pletenica sa \u010detiri kraka, u du\u017eini 240cm, i visini 30cm. Du\u017eina 240cm odgovara standardnom kreveti\u0107u 120x60cm, ili ovalnom kreveti\u0107u u drugoj fazi. A iskoristiva je i u velikom krevetu kasnije.<\/li>\n<li>Plahta<\/li>\n<li>Jastuk<\/li>\n<li>Jorgan<\/li>\n<\/ul>\n<p><strong>Materijal:<\/strong><\/p>\n<ul>\n<li>100% organski pamuk ranforce.<\/li>\n<\/ul>\n<p><strong>Odr\u017eavanje:<\/strong><\/p>\n<ul>\n<li>Ma\u0161insko pranje na 30\u00b0<\/li>\n<li>Su\u0161enje na vjetru.<\/li>\n<li>Dozvoljeno peglanje.<\/li>\n<\/ul>\n<p>Promjena pri pranju na 30\u00b0C: po du\u017eini -1,2%, po \u0161irini -0,5% pH vodenog ekstrakta 8,6%<br \/>\nProizvo\u0111a\u010d: Nano DOO, Cerik, Br\u010dko<\/p>\n","protected":false},"excerpt":{"rendered":"<p>Zvonko set za krevetac. Najnje\u017eniji dodir za Va\u0161e mali\u0161ane &lt;3 SET SADR\u017dI: Pletenica sa \u010detiri kraka, u du\u017eini 240cm, i<\/p>\n","protected":false},"featured_media":130872,"template":"","meta":[],"product_brand":[],"product_cat":[317,857,800,513,810],"product_tag":[],"class_list":{"0":"post-130868","1":"product","2":"type-product","3":"status-publish","4":"has-post-thumbnail","6":"product_cat-baby-oprema","7":"product_cat-bez-safari","8":"product_cat-boje-i-dezeni","9":"product_cat-ogradice-za-krevetac","10":"product_cat-zelena","12":"first","13":"instock","14":"shipping-taxable","15":"purchasable","16":"product-type-simple"},"_links":{"self":[{"href":"https:\/\/shop.nano.ba\/index.php\/wp-json\/wp\/v2\/product\/130868","targetHints":{"allow":["GET"]}}],"collection":[{"href":"https:\/\/shop.nano.ba\/index.php\/wp-json\/wp\/v2\/product"}],"about":[{"href":"https:\/\/shop.nano.ba\/index.php\/wp-json\/wp\/v2\/types\/product"}],"version-history":[{"count":1,"href":"https:\/\/shop.nano.ba\/index.php\/wp-json\/wp\/v2\/product\/130868\/revisions"}],"predecessor-version":[{"id":130873,"href":"https:\/\/shop.nano.ba\/index.php\/wp-json\/wp\/v2\/product\/130868\/revisions\/130873"}],"wp:featuredmedia":[{"embeddable":true,"href":"https:\/\/shop.nano.ba\/index.php\/wp-json\/wp\/v2\/media\/130872"}],"wp:attachment":[{"href":"https:\/\/shop.nano.ba\/index.php\/wp-json\/wp\/v2\/media?parent=130868"}],"wp:term":[{"taxonomy":"product_brand","embeddable":true,"href":"https:\/\/shop.nano.ba\/index.php\/wp-json\/wp\/v2\/product_brand?post=130868"},{"taxonomy":"product_cat","embeddable":true,"href":"https:\/\/shop.nano.ba\/index.php\/wp-json\/wp\/v2\/product_cat?post=130868"},{"taxonomy":"product_tag","embeddable":true,"href":"https:\/\/shop.nano.ba\/index.php\/wp-json\/wp\/v2\/product_tag?post=130868"}],"curies":[{"name":"wp","href":"https:\/\/api.w.org\/{rel}","templated":true}]}}