{"id":130921,"date":"2026-02-15T19:57:11","date_gmt":"2026-02-15T19:57:11","guid":{"rendered":"https:\/\/shop.nano.ba\/?post_type=product&#038;p=130921"},"modified":"2026-02-18T08:01:07","modified_gmt":"2026-02-18T08:01:07","slug":"autosjedalica-kidilo-isize-crna","status":"publish","type":"product","link":"https:\/\/shop.nano.ba\/index.php\/proizvod\/autosjedalica-kidilo-isize-crna\/","title":{"rendered":"Autosjedalica Kidilo &#8211; iSize &#8211; Crna"},"content":{"rendered":"<p><strong>Autosjedalica KIDILO 0-36kg<\/strong><\/p>\n<div dir=\"auto\"><strong>Karakteristike:<\/strong><\/div>\n<ul>\n<li dir=\"auto\">Prilago\u0111ena djeci za \u010detiri dobne skupine<\/li>\n<li dir=\"auto\">Grupa 0+: za djecu od ro\u0111enja do 13kg (15mj)<\/li>\n<li dir=\"auto\">Grupa 1: za djecu od 9kg do 18kg (9mj do 4 godine)<\/li>\n<li dir=\"auto\">Grupa 2: za djecu od 18kg do 25kg (3 &#8211; 7 godina)<\/li>\n<li dir=\"auto\">Grupa 3: za djecu od 22kg do 36kg (6 &#8211; 12 godina)<\/li>\n<li dir=\"auto\">Podesiva u PET polo\u017eaja\/nagiba u zavisnosti od veli\u010dine djeteta tako da se prilikom transporta beba osje\u0107a sigurno i udobno.<\/li>\n<li dir=\"auto\">Podesiva od sjede\u0107eg do polule\u017ee\u0107eg polo\u017eaja.<\/li>\n<li dir=\"auto\">Sigurnosni pojas u 5 ta\u010daka.<\/li>\n<\/ul>\n","protected":false},"excerpt":{"rendered":"<p>Autosjedalica KIDILO 0-36kg Karakteristike: Prilago\u0111ena djeci za \u010detiri dobne skupine Grupa 0+: za djecu od ro\u0111enja do 13kg (15mj) Grupa<\/p>\n","protected":false},"featured_media":130922,"template":"","meta":[],"product_brand":[],"product_cat":[591,317],"product_tag":[],"class_list":{"0":"post-130921","1":"product","2":"type-product","3":"status-publish","4":"has-post-thumbnail","6":"product_cat-autosjedalice","7":"product_cat-baby-oprema","9":"first","10":"instock","11":"shipping-taxable","12":"purchasable","13":"product-type-simple"},"_links":{"self":[{"href":"https:\/\/shop.nano.ba\/index.php\/wp-json\/wp\/v2\/product\/130921","targetHints":{"allow":["GET"]}}],"collection":[{"href":"https:\/\/shop.nano.ba\/index.php\/wp-json\/wp\/v2\/product"}],"about":[{"href":"https:\/\/shop.nano.ba\/index.php\/wp-json\/wp\/v2\/types\/product"}],"version-history":[{"count":2,"href":"https:\/\/shop.nano.ba\/index.php\/wp-json\/wp\/v2\/product\/130921\/revisions"}],"predecessor-version":[{"id":131144,"href":"https:\/\/shop.nano.ba\/index.php\/wp-json\/wp\/v2\/product\/130921\/revisions\/131144"}],"wp:featuredmedia":[{"embeddable":true,"href":"https:\/\/shop.nano.ba\/index.php\/wp-json\/wp\/v2\/media\/130922"}],"wp:attachment":[{"href":"https:\/\/shop.nano.ba\/index.php\/wp-json\/wp\/v2\/media?parent=130921"}],"wp:term":[{"taxonomy":"product_brand","embeddable":true,"href":"https:\/\/shop.nano.ba\/index.php\/wp-json\/wp\/v2\/product_brand?post=130921"},{"taxonomy":"product_cat","embeddable":true,"href":"https:\/\/shop.nano.ba\/index.php\/wp-json\/wp\/v2\/product_cat?post=130921"},{"taxonomy":"product_tag","embeddable":true,"href":"https:\/\/shop.nano.ba\/index.php\/wp-json\/wp\/v2\/product_tag?post=130921"}],"curies":[{"name":"wp","href":"https:\/\/api.w.org\/{rel}","templated":true}]}}