{"id":131148,"date":"2026-02-18T08:05:33","date_gmt":"2026-02-18T08:05:33","guid":{"rendered":"https:\/\/shop.nano.ba\/?post_type=product&#038;p=131148"},"modified":"2026-02-18T08:07:12","modified_gmt":"2026-02-18T08:07:12","slug":"autosjedalica-kidilo-zj101a-siva-0-18kg-2","status":"publish","type":"product","link":"https:\/\/shop.nano.ba\/index.php\/proizvod\/autosjedalica-kidilo-zj101a-siva-0-18kg-2\/","title":{"rendered":"Autosjedalica Kidilo &#8211; ZJ101A &#8211; Siva 0-18kg"},"content":{"rendered":"<p><strong>Autosjedalica KIDILO 0-18kg<\/strong><\/p>\n<div dir=\"auto\"><strong>Karakteristike:<\/strong><\/div>\n<ul>\n<li dir=\"auto\">Prilago\u0111ena djeci za \u010detiri dobne skupine<\/li>\n<li dir=\"auto\">Grupa 0+: za djecu od ro\u0111enja do 13kg (15mj)<\/li>\n<li dir=\"auto\">Grupa 1: za djecu od 9kg do 18kg (9mj do 4 godine)<\/li>\n<li dir=\"auto\">Podesiva u 3 polo\u017eaja\/nagiba u zavisnosti od veli\u010dine djeteta tako da se prilikom transporta beba osje\u0107a sigurno i udobno.<\/li>\n<li dir=\"auto\">Podesiva od sjede\u0107eg do polule\u017ee\u0107eg polo\u017eaja.<\/li>\n<li dir=\"auto\">Sigurnosni pojas u 5 ta\u010daka, podesiv na 3 nivoa.<\/li>\n<li dir=\"auto\">Periva navlaka u ma\u0161ini na 30\u00b0<\/li>\n<\/ul>\n","protected":false},"excerpt":{"rendered":"<p>Autosjedalica KIDILO 0-18kg Karakteristike: Prilago\u0111ena djeci za \u010detiri dobne skupine Grupa 0+: za djecu od ro\u0111enja do 13kg (15mj) Grupa<\/p>\n","protected":false},"featured_media":131149,"template":"","meta":[],"product_brand":[],"product_cat":[591,317],"product_tag":[],"class_list":{"0":"post-131148","1":"product","2":"type-product","3":"status-publish","4":"has-post-thumbnail","6":"product_cat-autosjedalice","7":"product_cat-baby-oprema","9":"first","10":"instock","11":"shipping-taxable","12":"purchasable","13":"product-type-simple"},"_links":{"self":[{"href":"https:\/\/shop.nano.ba\/index.php\/wp-json\/wp\/v2\/product\/131148","targetHints":{"allow":["GET"]}}],"collection":[{"href":"https:\/\/shop.nano.ba\/index.php\/wp-json\/wp\/v2\/product"}],"about":[{"href":"https:\/\/shop.nano.ba\/index.php\/wp-json\/wp\/v2\/types\/product"}],"version-history":[{"count":1,"href":"https:\/\/shop.nano.ba\/index.php\/wp-json\/wp\/v2\/product\/131148\/revisions"}],"predecessor-version":[{"id":131150,"href":"https:\/\/shop.nano.ba\/index.php\/wp-json\/wp\/v2\/product\/131148\/revisions\/131150"}],"wp:featuredmedia":[{"embeddable":true,"href":"https:\/\/shop.nano.ba\/index.php\/wp-json\/wp\/v2\/media\/131149"}],"wp:attachment":[{"href":"https:\/\/shop.nano.ba\/index.php\/wp-json\/wp\/v2\/media?parent=131148"}],"wp:term":[{"taxonomy":"product_brand","embeddable":true,"href":"https:\/\/shop.nano.ba\/index.php\/wp-json\/wp\/v2\/product_brand?post=131148"},{"taxonomy":"product_cat","embeddable":true,"href":"https:\/\/shop.nano.ba\/index.php\/wp-json\/wp\/v2\/product_cat?post=131148"},{"taxonomy":"product_tag","embeddable":true,"href":"https:\/\/shop.nano.ba\/index.php\/wp-json\/wp\/v2\/product_tag?post=131148"}],"curies":[{"name":"wp","href":"https:\/\/api.w.org\/{rel}","templated":true}]}}