{"id":131233,"date":"2026-02-18T18:44:21","date_gmt":"2026-02-18T18:44:21","guid":{"rendered":"https:\/\/shop.nano.ba\/?post_type=product&#038;p=131233"},"modified":"2026-05-05T11:32:36","modified_gmt":"2026-05-05T11:32:36","slug":"jastuk-za-kupanje-bebe-mint","status":"publish","type":"product","link":"https:\/\/shop.nano.ba\/index.php\/proizvod\/jastuk-za-kupanje-bebe-mint\/","title":{"rendered":"Jastuk za kupanje bebe &#8211; Mint M1033-17"},"content":{"rendered":"<p>Mekani umetak za kadu za lak\u0161e i najudobnije kupanje Va\u0161ih mali\u0161ana.<\/p>\n<p>\u2022 Univerzalan umetak koji odgovara svim standardnim kadicama<br \/>\n\u2022Mekani umetak se lako postavlja u kadu pomo\u0107u sigurnosnih pojasa i omogu\u0107uje Vam sigurno i udobno kupanje Va\u0161ih beba<br \/>\n\u2022Mo\u017ee se koristiti od ro\u0111enja za malene bebe, pa i kada beba po\u010dne samostalno sjediti<br \/>\n\u2022Lako za odr\u017eavanje<br \/>\n\u2022Pogodno za pranje u perilici na 40 stepeni i za su\u0161enje u su\u0161ilici rublja.<br \/>\n\u2022Punjenje: polistiren perle ESP<br \/>\n\u2022Polistiren mikro-perle (EPS) se ve\u0107 du\u017ee vrijeme koriste u svijetu za punjenje jastuka, a preporuka su i specijalista medicine, jer nisu pogodne za razvoj mikroorganizama. Tako\u0111e, ove perle ne kupe pra\u0161inu, te nisu pogodne za razvoj grinja, kao glavne uzroke alergija i gu\u0161enja kod djece i odraslih.<br \/>\n\u2022Mikro-perle (EPS) ne upijaju vodu, a nakon pranja se veoma brzo su\u0161e. Izuzetno su izdr\u017eljive pod velikim optere\u0107enjem.<br \/>\nMikro-perle (EPS) predstavljaju lagan i pjenu\u0161avi proizvod bez mirisa, ukusa i \u0161tetnih supstanci, sastavljen od 5% ekspandiranog polistirena i 95% zraka.<br \/>\n&#8211; EPS ne sadr\u017ei CFCs, HFCs ili HCFCs.<br \/>\nEPS je testiran i potpuno siguran za zdravlje.<\/p>\n","protected":false},"excerpt":{"rendered":"<p>Mekani umetak za kadu za lak\u0161e i najudobnije kupanje Va\u0161ih mali\u0161ana. \u2022 Univerzalan umetak koji odgovara svim standardnim kadicama \u2022Mekani<\/p>\n","protected":false},"featured_media":131234,"template":"","meta":[],"product_brand":[],"product_cat":[317,800,593,801],"product_tag":[],"class_list":{"0":"post-131233","1":"product","2":"type-product","3":"status-publish","4":"has-post-thumbnail","6":"product_cat-baby-oprema","7":"product_cat-boje-i-dezeni","8":"product_cat-set-za-kupanje","9":"product_cat-mint","11":"first","12":"instock","13":"shipping-taxable","14":"purchasable","15":"product-type-simple"},"_links":{"self":[{"href":"https:\/\/shop.nano.ba\/index.php\/wp-json\/wp\/v2\/product\/131233","targetHints":{"allow":["GET"]}}],"collection":[{"href":"https:\/\/shop.nano.ba\/index.php\/wp-json\/wp\/v2\/product"}],"about":[{"href":"https:\/\/shop.nano.ba\/index.php\/wp-json\/wp\/v2\/types\/product"}],"version-history":[{"count":2,"href":"https:\/\/shop.nano.ba\/index.php\/wp-json\/wp\/v2\/product\/131233\/revisions"}],"predecessor-version":[{"id":136509,"href":"https:\/\/shop.nano.ba\/index.php\/wp-json\/wp\/v2\/product\/131233\/revisions\/136509"}],"wp:featuredmedia":[{"embeddable":true,"href":"https:\/\/shop.nano.ba\/index.php\/wp-json\/wp\/v2\/media\/131234"}],"wp:attachment":[{"href":"https:\/\/shop.nano.ba\/index.php\/wp-json\/wp\/v2\/media?parent=131233"}],"wp:term":[{"taxonomy":"product_brand","embeddable":true,"href":"https:\/\/shop.nano.ba\/index.php\/wp-json\/wp\/v2\/product_brand?post=131233"},{"taxonomy":"product_cat","embeddable":true,"href":"https:\/\/shop.nano.ba\/index.php\/wp-json\/wp\/v2\/product_cat?post=131233"},{"taxonomy":"product_tag","embeddable":true,"href":"https:\/\/shop.nano.ba\/index.php\/wp-json\/wp\/v2\/product_tag?post=131233"}],"curies":[{"name":"wp","href":"https:\/\/api.w.org\/{rel}","templated":true}]}}