{"id":131259,"date":"2026-02-18T20:05:20","date_gmt":"2026-02-18T20:05:20","guid":{"rendered":"https:\/\/shop.nano.ba\/?post_type=product&#038;p=131259"},"modified":"2026-02-18T20:06:28","modified_gmt":"2026-02-18T20:06:28","slug":"baldahin-s-nosacem-puder-roze-2","status":"publish","type":"product","link":"https:\/\/shop.nano.ba\/index.php\/proizvod\/baldahin-s-nosacem-puder-roze-2\/","title":{"rendered":"Baldahin s nosa\u010dem &#8211; Puder roze"},"content":{"rendered":"<p>Baldahin s nosa\u010dem, u lijepim i modernim bojama, bogatog izgleda, romanti\u010dno \u0107e izgledati na svakom kreveti\u0107u.<\/p>\n<p>&nbsp;<\/p>\n<p><strong>Set sadr\u017ei:<\/strong><\/p>\n<ul>\n<li>Nosa\u010d za baldahin kojeg pri\u010dvrstite na krevet<\/li>\n<li>Baldahin.<\/li>\n<\/ul>\n<p><strong>Visina:<br \/>\n<\/strong>160cm.<\/p>\n<p><strong>Materijal:<\/strong><br \/>\n10 metara mekanog tila.<\/p>\n<p><strong>Odr\u017eavanje:<\/strong><br \/>\nPranje na 30\u00b0C, osjetljivi program.<br \/>\nNe peglati.<br \/>\nNe su\u0161iti u su\u0161ilici.<br \/>\nNe koristiti izbjeljiva\u010d.<br \/>\nOprati prije prve upotrebe.<\/p>\n","protected":false},"excerpt":{"rendered":"<p>Baldahin s nosa\u010dem, u lijepim i modernim bojama, bogatog izgleda, romanti\u010dno \u0107e izgledati na svakom kreveti\u0107u. &nbsp; Set sadr\u017ei: Nosa\u010d<\/p>\n","protected":false},"featured_media":131260,"template":"","meta":[],"product_brand":[],"product_cat":[317,516,800,809],"product_tag":[],"class_list":{"0":"post-131259","1":"product","2":"type-product","3":"status-publish","4":"has-post-thumbnail","6":"product_cat-baby-oprema","7":"product_cat-baldahini","8":"product_cat-boje-i-dezeni","9":"product_cat-puder-roze","11":"first","12":"instock","13":"shipping-taxable","14":"purchasable","15":"product-type-simple"},"_links":{"self":[{"href":"https:\/\/shop.nano.ba\/index.php\/wp-json\/wp\/v2\/product\/131259","targetHints":{"allow":["GET"]}}],"collection":[{"href":"https:\/\/shop.nano.ba\/index.php\/wp-json\/wp\/v2\/product"}],"about":[{"href":"https:\/\/shop.nano.ba\/index.php\/wp-json\/wp\/v2\/types\/product"}],"version-history":[{"count":1,"href":"https:\/\/shop.nano.ba\/index.php\/wp-json\/wp\/v2\/product\/131259\/revisions"}],"predecessor-version":[{"id":131261,"href":"https:\/\/shop.nano.ba\/index.php\/wp-json\/wp\/v2\/product\/131259\/revisions\/131261"}],"wp:featuredmedia":[{"embeddable":true,"href":"https:\/\/shop.nano.ba\/index.php\/wp-json\/wp\/v2\/media\/131260"}],"wp:attachment":[{"href":"https:\/\/shop.nano.ba\/index.php\/wp-json\/wp\/v2\/media?parent=131259"}],"wp:term":[{"taxonomy":"product_brand","embeddable":true,"href":"https:\/\/shop.nano.ba\/index.php\/wp-json\/wp\/v2\/product_brand?post=131259"},{"taxonomy":"product_cat","embeddable":true,"href":"https:\/\/shop.nano.ba\/index.php\/wp-json\/wp\/v2\/product_cat?post=131259"},{"taxonomy":"product_tag","embeddable":true,"href":"https:\/\/shop.nano.ba\/index.php\/wp-json\/wp\/v2\/product_tag?post=131259"}],"curies":[{"name":"wp","href":"https:\/\/api.w.org\/{rel}","templated":true}]}}