{"id":131351,"date":"2026-02-19T09:56:22","date_gmt":"2026-02-19T09:56:22","guid":{"rendered":"https:\/\/shop.nano.ba\/?post_type=product&#038;p=131351"},"modified":"2026-03-13T09:35:48","modified_gmt":"2026-03-13T09:35:48","slug":"adapter-za-wc-solju-sa-stepenikom-roze","status":"publish","type":"product","link":"https:\/\/shop.nano.ba\/index.php\/proizvod\/adapter-za-wc-solju-sa-stepenikom-roze\/","title":{"rendered":"Adapter za wc \u0161olju sa stepenikom &#8211; Roze"},"content":{"rendered":"<p><strong>Adapter za WC \u0161olju <\/strong>namijenjen za djecu uzrasta od 12 mjeseci za jednostavnije kori\u0161tenje WC \u0161olje. Pode\u0161ava se po visini i stabilan je za kori\u0161tenje. Prakti\u010dan je i za putovanja jer se lako mo\u017ee sklopiti.<\/p>\n<p><strong>Karakteristike:<\/strong><\/p>\n<ul>\n<li>Podesiv stepenik u 2 nivoa<\/li>\n<li>Neklizaju\u0107a podloga za sigurnost dece<\/li>\n<li>Adapter se mo\u017ee sklopiti<\/li>\n<li>Neklizaju\u0107i nogari<\/li>\n<li>Dimenzija 61x39x58<\/li>\n<\/ul>\n","protected":false},"excerpt":{"rendered":"<p>Adapter za WC \u0161olju namijenjen za djecu uzrasta od 12 mjeseci za jednostavnije kori\u0161tenje WC \u0161olje. Pode\u0161ava se po visini<\/p>\n","protected":false},"featured_media":131355,"template":"","meta":[],"product_brand":[],"product_cat":[658,770,800,808],"product_tag":[],"class_list":{"0":"post-131351","1":"product","2":"type-product","3":"status-publish","4":"has-post-thumbnail","6":"product_cat-baby-tute","7":"product_cat-babyboom","8":"product_cat-boje-i-dezeni","9":"product_cat-roze","11":"first","12":"outofstock","13":"shipping-taxable","14":"purchasable","15":"product-type-simple"},"_links":{"self":[{"href":"https:\/\/shop.nano.ba\/index.php\/wp-json\/wp\/v2\/product\/131351","targetHints":{"allow":["GET"]}}],"collection":[{"href":"https:\/\/shop.nano.ba\/index.php\/wp-json\/wp\/v2\/product"}],"about":[{"href":"https:\/\/shop.nano.ba\/index.php\/wp-json\/wp\/v2\/types\/product"}],"version-history":[{"count":1,"href":"https:\/\/shop.nano.ba\/index.php\/wp-json\/wp\/v2\/product\/131351\/revisions"}],"predecessor-version":[{"id":131358,"href":"https:\/\/shop.nano.ba\/index.php\/wp-json\/wp\/v2\/product\/131351\/revisions\/131358"}],"wp:featuredmedia":[{"embeddable":true,"href":"https:\/\/shop.nano.ba\/index.php\/wp-json\/wp\/v2\/media\/131355"}],"wp:attachment":[{"href":"https:\/\/shop.nano.ba\/index.php\/wp-json\/wp\/v2\/media?parent=131351"}],"wp:term":[{"taxonomy":"product_brand","embeddable":true,"href":"https:\/\/shop.nano.ba\/index.php\/wp-json\/wp\/v2\/product_brand?post=131351"},{"taxonomy":"product_cat","embeddable":true,"href":"https:\/\/shop.nano.ba\/index.php\/wp-json\/wp\/v2\/product_cat?post=131351"},{"taxonomy":"product_tag","embeddable":true,"href":"https:\/\/shop.nano.ba\/index.php\/wp-json\/wp\/v2\/product_tag?post=131351"}],"curies":[{"name":"wp","href":"https:\/\/api.w.org\/{rel}","templated":true}]}}