{"id":131403,"date":"2026-02-19T12:58:18","date_gmt":"2026-02-19T12:58:18","guid":{"rendered":"https:\/\/shop.nano.ba\/?post_type=product&#038;p=131403"},"modified":"2026-05-03T12:07:12","modified_gmt":"2026-05-03T12:07:12","slug":"krevetac-120x60cm-san-siva","status":"publish","type":"product","link":"https:\/\/shop.nano.ba\/index.php\/proizvod\/krevetac-120x60cm-san-siva\/","title":{"rendered":"Krevetac 120x60cm &#8211; SAN &#8211; Siva"},"content":{"rendered":"<p>Krevetac SAN &#8211; drveni.<\/p>\n<p>Klasi\u010dni drveni krevetac, sa pode\u0161avanjem madraca na dva nivoa.<\/p>\n<p><strong>Materijal:<\/strong><\/p>\n<ul>\n<li>bukva<\/li>\n<\/ul>\n<p><strong>Dimenzije:\u00a0<\/strong><\/p>\n<ul>\n<li>120x60cm<\/li>\n<\/ul>\n<p>Lagan za rukovanje i premije\u0161tanje iako nema to\u010dki\u0107e.<\/p>\n","protected":false},"excerpt":{"rendered":"<p>Krevetac SAN &#8211; drveni. Klasi\u010dni drveni krevetac, sa pode\u0161avanjem madraca na dva nivoa. Materijal: bukva Dimenzije:\u00a0 120x60cm Lagan za rukovanje<\/p>\n","protected":false},"featured_media":131406,"template":"","meta":[],"product_brand":[],"product_cat":[317,515],"product_tag":[],"class_list":{"0":"post-131403","1":"product","2":"type-product","3":"status-publish","4":"has-post-thumbnail","6":"product_cat-baby-oprema","7":"product_cat-krevetici","9":"first","10":"instock","11":"shipping-taxable","12":"purchasable","13":"product-type-simple"},"_links":{"self":[{"href":"https:\/\/shop.nano.ba\/index.php\/wp-json\/wp\/v2\/product\/131403","targetHints":{"allow":["GET"]}}],"collection":[{"href":"https:\/\/shop.nano.ba\/index.php\/wp-json\/wp\/v2\/product"}],"about":[{"href":"https:\/\/shop.nano.ba\/index.php\/wp-json\/wp\/v2\/types\/product"}],"version-history":[{"count":1,"href":"https:\/\/shop.nano.ba\/index.php\/wp-json\/wp\/v2\/product\/131403\/revisions"}],"predecessor-version":[{"id":131407,"href":"https:\/\/shop.nano.ba\/index.php\/wp-json\/wp\/v2\/product\/131403\/revisions\/131407"}],"wp:featuredmedia":[{"embeddable":true,"href":"https:\/\/shop.nano.ba\/index.php\/wp-json\/wp\/v2\/media\/131406"}],"wp:attachment":[{"href":"https:\/\/shop.nano.ba\/index.php\/wp-json\/wp\/v2\/media?parent=131403"}],"wp:term":[{"taxonomy":"product_brand","embeddable":true,"href":"https:\/\/shop.nano.ba\/index.php\/wp-json\/wp\/v2\/product_brand?post=131403"},{"taxonomy":"product_cat","embeddable":true,"href":"https:\/\/shop.nano.ba\/index.php\/wp-json\/wp\/v2\/product_cat?post=131403"},{"taxonomy":"product_tag","embeddable":true,"href":"https:\/\/shop.nano.ba\/index.php\/wp-json\/wp\/v2\/product_tag?post=131403"}],"curies":[{"name":"wp","href":"https:\/\/api.w.org\/{rel}","templated":true}]}}