{"id":131649,"date":"2026-02-21T11:54:40","date_gmt":"2026-02-21T11:54:40","guid":{"rendered":"https:\/\/shop.nano.ba\/?post_type=product&#038;p=131649"},"modified":"2026-02-21T11:57:08","modified_gmt":"2026-02-21T11:57:08","slug":"ponco-za-plazu-plava","status":"publish","type":"product","link":"https:\/\/shop.nano.ba\/index.php\/proizvod\/ponco-za-plazu-plava\/","title":{"rendered":"Pon\u010do za pla\u017eu &#8211; Plava"},"content":{"rendered":"<div dir=\"auto\">Najmekaniji materijal za bebinu ko\u017eu <span class=\"html-span xexx8yu xyri2b x18d9i69 x1c1uobl x1hl2dhg x16tdsg8 x1vvkbs x3nfvp2 x1j61x8r x1fcty0u xdj266r xat24cr xm2jcoa x1mpyi22 xxymvpz xlup9mm x1kky2od\"><img loading=\"lazy\" decoding=\"async\" class=\"xz74otr x15mokao x1ga7v0g x16uus16 xbiv7yw\" src=\"https:\/\/static.xx.fbcdn.net\/images\/emoji.php\/v9\/tf0\/1\/16\/1f338.png\" alt=\"\ud83c\udf38\" width=\"16\" height=\"16\" \/><\/span><\/div>\n<div dir=\"auto\">Pon\u010do za djecu je idealan za svakodnevno kupanje, kako u ku\u0107i tako i na otvorenom. Na bazenu ili pla\u017ei savr\u0161eno slu\u017ei kao za\u0161tita od sunca i vjetra, za igru u pijesku, spavanje ili kao pe\u0161kiri\u0107.<\/div>\n<div dir=\"auto\"><\/div>\n<div dir=\"auto\">Pon\u010do sa kapom, izradjen od muslina.<\/div>\n<div dir=\"auto\"><\/div>\n<div dir=\"auto\"><strong>Dostupne veli\u010dine:<\/strong><\/div>\n<div dir=\"auto\">&#8211; do 2.god<\/div>\n<div dir=\"auto\">\n<p>&#8211; od 2. do 4.god<\/p>\n<p><strong>Materijal:<\/strong><\/p>\n<p>-100 % pamuk<\/p>\n<p>Ukoliko \u017eelite da radimo vez imena. Odaberite \u017eeljenu veli\u010dinu. Potrebno je u ko\u0161aricu ubaciti i uslugu veza, te prilikom upisivanja podataka za slanje, navesti ime djeteta.<\/p>\n<\/div>\n<div dir=\"auto\"><\/div>\n","protected":false},"excerpt":{"rendered":"<p>Najmekaniji materijal za bebinu ko\u017eu Pon\u010do za djecu je idealan za svakodnevno kupanje, kako u ku\u0107i tako i na otvorenom.<\/p>\n","protected":false},"featured_media":131653,"template":"","meta":[],"product_brand":[],"product_cat":[317,800,806,600],"product_tag":[],"class_list":{"0":"post-131649","1":"product","2":"type-product","3":"status-publish","4":"has-post-thumbnail","6":"product_cat-baby-oprema","7":"product_cat-boje-i-dezeni","8":"product_cat-plava","9":"product_cat-ponco","11":"first","12":"instock","13":"shipping-taxable","14":"purchasable","15":"product-type-variable"},"_links":{"self":[{"href":"https:\/\/shop.nano.ba\/index.php\/wp-json\/wp\/v2\/product\/131649","targetHints":{"allow":["GET"]}}],"collection":[{"href":"https:\/\/shop.nano.ba\/index.php\/wp-json\/wp\/v2\/product"}],"about":[{"href":"https:\/\/shop.nano.ba\/index.php\/wp-json\/wp\/v2\/types\/product"}],"version-history":[{"count":1,"href":"https:\/\/shop.nano.ba\/index.php\/wp-json\/wp\/v2\/product\/131649\/revisions"}],"predecessor-version":[{"id":131655,"href":"https:\/\/shop.nano.ba\/index.php\/wp-json\/wp\/v2\/product\/131649\/revisions\/131655"}],"wp:featuredmedia":[{"embeddable":true,"href":"https:\/\/shop.nano.ba\/index.php\/wp-json\/wp\/v2\/media\/131653"}],"wp:attachment":[{"href":"https:\/\/shop.nano.ba\/index.php\/wp-json\/wp\/v2\/media?parent=131649"}],"wp:term":[{"taxonomy":"product_brand","embeddable":true,"href":"https:\/\/shop.nano.ba\/index.php\/wp-json\/wp\/v2\/product_brand?post=131649"},{"taxonomy":"product_cat","embeddable":true,"href":"https:\/\/shop.nano.ba\/index.php\/wp-json\/wp\/v2\/product_cat?post=131649"},{"taxonomy":"product_tag","embeddable":true,"href":"https:\/\/shop.nano.ba\/index.php\/wp-json\/wp\/v2\/product_tag?post=131649"}],"curies":[{"name":"wp","href":"https:\/\/api.w.org\/{rel}","templated":true}]}}