{"id":131768,"date":"2026-02-21T13:47:59","date_gmt":"2026-02-21T13:47:59","guid":{"rendered":"https:\/\/shop.nano.ba\/?post_type=product&#038;p=131768"},"modified":"2026-05-05T11:02:08","modified_gmt":"2026-05-05T11:02:08","slug":"set-12kom-frotirne-brisalice-little-alpaca-plava-dinosauri","status":"publish","type":"product","link":"https:\/\/shop.nano.ba\/index.php\/proizvod\/set-12kom-frotirne-brisalice-little-alpaca-plava-dinosauri\/","title":{"rendered":"Set 12kom frotirne brisalice Little Alpaca &#8211; Plava Dinosauri"},"content":{"rendered":"<p>Pamu\u010dne frotirne brisalice dostupne su\u00a0 u setu od 12 komada. Svaki paketi\u0107 sadr\u017ei pastelne boje i nje\u017ene dezene. Ove brisalice su idealne za razli\u010dite situacije, bilo da vam je potrebna mokra ili suha.<\/p>\n<p><strong>Set sadr\u017ei:<br \/>\n12 komada frotirnih brisalica u pastelnim bojama i nje\u017enim dezenima.<\/strong><\/p>\n<p><strong>Materijal:\u00a0<\/strong><\/p>\n<ul>\n<li>100% pamuk<\/li>\n<\/ul>\n<p><strong>Odr\u017eavanje:<\/strong><\/p>\n<ul>\n<li>Pranje u ma\u0161ini za ve\u0161 do 60\u00b0<\/li>\n<li>Dozvoljeno peglanje<\/li>\n<li>Dozvoljeno su\u0161enje u su\u0161ilici<\/li>\n<\/ul>\n<p>&nbsp;<\/p>\n<p>&nbsp;<\/p>\n","protected":false},"excerpt":{"rendered":"<p>Pamu\u010dne frotirne brisalice dostupne su\u00a0 u setu od 12 komada. Svaki paketi\u0107 sadr\u017ei pastelne boje i nje\u017ene dezene. Ove brisalice<\/p>\n","protected":false},"featured_media":131746,"template":"","meta":[],"product_brand":[],"product_cat":[317,800,863,601,806],"product_tag":[],"class_list":{"0":"post-131768","1":"product","2":"type-product","3":"status-publish","4":"has-post-thumbnail","6":"product_cat-baby-oprema","7":"product_cat-boje-i-dezeni","8":"product_cat-brisalice","9":"product_cat-pelene","10":"product_cat-plava","12":"first","13":"instock","14":"shipping-taxable","15":"purchasable","16":"product-type-simple"},"_links":{"self":[{"href":"https:\/\/shop.nano.ba\/index.php\/wp-json\/wp\/v2\/product\/131768","targetHints":{"allow":["GET"]}}],"collection":[{"href":"https:\/\/shop.nano.ba\/index.php\/wp-json\/wp\/v2\/product"}],"about":[{"href":"https:\/\/shop.nano.ba\/index.php\/wp-json\/wp\/v2\/types\/product"}],"version-history":[{"count":1,"href":"https:\/\/shop.nano.ba\/index.php\/wp-json\/wp\/v2\/product\/131768\/revisions"}],"predecessor-version":[{"id":131769,"href":"https:\/\/shop.nano.ba\/index.php\/wp-json\/wp\/v2\/product\/131768\/revisions\/131769"}],"wp:featuredmedia":[{"embeddable":true,"href":"https:\/\/shop.nano.ba\/index.php\/wp-json\/wp\/v2\/media\/131746"}],"wp:attachment":[{"href":"https:\/\/shop.nano.ba\/index.php\/wp-json\/wp\/v2\/media?parent=131768"}],"wp:term":[{"taxonomy":"product_brand","embeddable":true,"href":"https:\/\/shop.nano.ba\/index.php\/wp-json\/wp\/v2\/product_brand?post=131768"},{"taxonomy":"product_cat","embeddable":true,"href":"https:\/\/shop.nano.ba\/index.php\/wp-json\/wp\/v2\/product_cat?post=131768"},{"taxonomy":"product_tag","embeddable":true,"href":"https:\/\/shop.nano.ba\/index.php\/wp-json\/wp\/v2\/product_tag?post=131768"}],"curies":[{"name":"wp","href":"https:\/\/api.w.org\/{rel}","templated":true}]}}