{"id":131938,"date":"2026-02-22T13:50:59","date_gmt":"2026-02-22T13:50:59","guid":{"rendered":"https:\/\/shop.nano.ba\/?post_type=product&#038;p=131938"},"modified":"2026-03-10T10:57:30","modified_gmt":"2026-03-10T10:57:30","slug":"set-premium-velvet-puder-roze-bijela-i-cvjetici-pletenica-sa-4-strane-plahta-jastuk-i-jorgan-kopiraj","status":"publish","type":"product","link":"https:\/\/shop.nano.ba\/index.php\/proizvod\/set-premium-velvet-puder-roze-bijela-i-cvjetici-pletenica-sa-4-strane-plahta-jastuk-i-jorgan-kopiraj\/","title":{"rendered":"Set PREMIUM Velvet Puder Roze\/Bijela i Cvjeti\u0107i &#8211; Pletenica sa 4 strane, plahta, jastuk i jorgan"},"content":{"rendered":"<p>PREMIUM Velvet set za krevetac. Najnje\u017eniji dodir za Va\u0161e mali\u0161ane &lt;3<\/p>\n<p><strong>SET SADR\u017dI:<\/strong><\/p>\n<ul>\n<li>Velvet pletenica sa \u010detiri kraka, u du\u017eini 360cm, i visini 30cm. Du\u017eina 360cm odgovara standardnom kreveti\u0107u 120x60cm, ili ovalnom kreveti\u0107u u drugoj fazi. A iskoristiva je i u velikom krevetu kasnije.<\/li>\n<li>Plahta<\/li>\n<li>Jastuk<\/li>\n<li>Jorgan<\/li>\n<\/ul>\n<p><strong>Materijal:<\/strong><\/p>\n<ul>\n<li>100% organski pamuk ranforce.<\/li>\n<\/ul>\n<p><strong>Odr\u017eavanje:<\/strong><\/p>\n<ul>\n<li>Ma\u0161insko pranje na 30\u00b0<\/li>\n<li>Su\u0161enje na vjetru.<\/li>\n<li>Dozvoljeno peglanje.<\/li>\n<\/ul>\n<p>Promjena pri pranju na 30\u00b0C: po du\u017eini -1,2%, po \u0161irini -0,5% pH vodenog ekstrakta 8,6%<br \/>\nProizvo\u0111a\u010d: Nano DOO, Cerik, Br\u010dko<\/p>\n","protected":false},"excerpt":{"rendered":"<p>PREMIUM Velvet set za krevetac. Najnje\u017eniji dodir za Va\u0161e mali\u0161ane &lt;3 SET SADR\u017dI: Velvet pletenica sa \u010detiri kraka, u du\u017eini<\/p>\n","protected":false},"featured_media":131940,"template":"","meta":[],"product_brand":[],"product_cat":[317,800,878,513,809],"product_tag":[],"class_list":{"0":"post-131938","1":"product","2":"type-product","3":"status-publish","4":"has-post-thumbnail","6":"product_cat-baby-oprema","7":"product_cat-boje-i-dezeni","8":"product_cat-cvjetici","9":"product_cat-ogradice-za-krevetac","10":"product_cat-puder-roze","12":"first","13":"instock","14":"shipping-taxable","15":"purchasable","16":"product-type-simple"},"_links":{"self":[{"href":"https:\/\/shop.nano.ba\/index.php\/wp-json\/wp\/v2\/product\/131938","targetHints":{"allow":["GET"]}}],"collection":[{"href":"https:\/\/shop.nano.ba\/index.php\/wp-json\/wp\/v2\/product"}],"about":[{"href":"https:\/\/shop.nano.ba\/index.php\/wp-json\/wp\/v2\/types\/product"}],"version-history":[{"count":2,"href":"https:\/\/shop.nano.ba\/index.php\/wp-json\/wp\/v2\/product\/131938\/revisions"}],"predecessor-version":[{"id":133624,"href":"https:\/\/shop.nano.ba\/index.php\/wp-json\/wp\/v2\/product\/131938\/revisions\/133624"}],"wp:featuredmedia":[{"embeddable":true,"href":"https:\/\/shop.nano.ba\/index.php\/wp-json\/wp\/v2\/media\/131940"}],"wp:attachment":[{"href":"https:\/\/shop.nano.ba\/index.php\/wp-json\/wp\/v2\/media?parent=131938"}],"wp:term":[{"taxonomy":"product_brand","embeddable":true,"href":"https:\/\/shop.nano.ba\/index.php\/wp-json\/wp\/v2\/product_brand?post=131938"},{"taxonomy":"product_cat","embeddable":true,"href":"https:\/\/shop.nano.ba\/index.php\/wp-json\/wp\/v2\/product_cat?post=131938"},{"taxonomy":"product_tag","embeddable":true,"href":"https:\/\/shop.nano.ba\/index.php\/wp-json\/wp\/v2\/product_tag?post=131938"}],"curies":[{"name":"wp","href":"https:\/\/api.w.org\/{rel}","templated":true}]}}