{"id":132516,"date":"2026-03-01T10:34:28","date_gmt":"2026-03-01T10:34:28","guid":{"rendered":"https:\/\/shop.nano.ba\/?post_type=product&#038;p=132516"},"modified":"2026-03-01T10:48:39","modified_gmt":"2026-03-01T10:48:39","slug":"set-pleteni-dzemper-pletene-hlace-i-bodi-bez","status":"publish","type":"product","link":"https:\/\/shop.nano.ba\/index.php\/proizvod\/set-pleteni-dzemper-pletene-hlace-i-bodi-bez\/","title":{"rendered":"Set Pleteni d\u017eemper, pletene hla\u010de i bodi &#8211; Be\u017e"},"content":{"rendered":"<p>Predivan set odje\u0107e za bebe.<\/p>\n<p>Set uklju\u010duje:<\/p>\n<ul>\n<li>Pleteni d\u017eemper<\/li>\n<li>Pletene hla\u010de<\/li>\n<li>Pamu\u010dni bodi sa \u010dipkom na kragni<\/li>\n<li>Bro\u0161 sa cvjeti\u0107ima koji se mo\u017ee skidati<\/li>\n<\/ul>\n<p>Materijal: 100% pamuk<\/p>\n","protected":false},"excerpt":{"rendered":"<p>Predivan set odje\u0107e za bebe. Set uklju\u010duje: Pleteni d\u017eemper Pletene hla\u010de Pamu\u010dni bodi sa \u010dipkom na kragni Bro\u0161 sa cvjeti\u0107ima<\/p>\n","protected":false},"featured_media":132517,"template":"","meta":[],"product_brand":[],"product_cat":[317,802,800,868,880],"product_tag":[],"class_list":{"0":"post-132516","1":"product","2":"type-product","3":"status-publish","4":"has-post-thumbnail","6":"product_cat-baby-oprema","7":"product_cat-bez","8":"product_cat-boje-i-dezeni","9":"product_cat-odjeca-za-bebe-i-djecu","10":"product_cat-za-djevojcice","12":"first","13":"instock","14":"shipping-taxable","15":"purchasable","16":"product-type-variable"},"_links":{"self":[{"href":"https:\/\/shop.nano.ba\/index.php\/wp-json\/wp\/v2\/product\/132516","targetHints":{"allow":["GET"]}}],"collection":[{"href":"https:\/\/shop.nano.ba\/index.php\/wp-json\/wp\/v2\/product"}],"about":[{"href":"https:\/\/shop.nano.ba\/index.php\/wp-json\/wp\/v2\/types\/product"}],"version-history":[{"count":1,"href":"https:\/\/shop.nano.ba\/index.php\/wp-json\/wp\/v2\/product\/132516\/revisions"}],"predecessor-version":[{"id":132521,"href":"https:\/\/shop.nano.ba\/index.php\/wp-json\/wp\/v2\/product\/132516\/revisions\/132521"}],"wp:featuredmedia":[{"embeddable":true,"href":"https:\/\/shop.nano.ba\/index.php\/wp-json\/wp\/v2\/media\/132517"}],"wp:attachment":[{"href":"https:\/\/shop.nano.ba\/index.php\/wp-json\/wp\/v2\/media?parent=132516"}],"wp:term":[{"taxonomy":"product_brand","embeddable":true,"href":"https:\/\/shop.nano.ba\/index.php\/wp-json\/wp\/v2\/product_brand?post=132516"},{"taxonomy":"product_cat","embeddable":true,"href":"https:\/\/shop.nano.ba\/index.php\/wp-json\/wp\/v2\/product_cat?post=132516"},{"taxonomy":"product_tag","embeddable":true,"href":"https:\/\/shop.nano.ba\/index.php\/wp-json\/wp\/v2\/product_tag?post=132516"}],"curies":[{"name":"wp","href":"https:\/\/api.w.org\/{rel}","templated":true}]}}