{"id":132522,"date":"2026-03-01T10:48:51","date_gmt":"2026-03-01T10:48:51","guid":{"rendered":"https:\/\/shop.nano.ba\/?post_type=product&#038;p=132522"},"modified":"2026-03-01T10:56:22","modified_gmt":"2026-03-01T10:56:22","slug":"set-pleteni-dzemper-i-haljinica-roze","status":"publish","type":"product","link":"https:\/\/shop.nano.ba\/index.php\/proizvod\/set-pleteni-dzemper-i-haljinica-roze\/","title":{"rendered":"Set Pleteni d\u017eemper i haljinica &#8211; Roze"},"content":{"rendered":"<p>Predivan set odje\u0107e za bebe.<\/p>\n<p>Set uklju\u010duje:<\/p>\n<ul>\n<li>Pleteni d\u017eemper<\/li>\n<li>\u010cipkana haljina<\/li>\n<li>Bro\u0161 medo koji se mo\u017ee skidati<\/li>\n<\/ul>\n<p>Materijal: 100% pamuk<\/p>\n","protected":false},"excerpt":{"rendered":"<p>Predivan set odje\u0107e za bebe. Set uklju\u010duje: Pleteni d\u017eemper \u010cipkana haljina Bro\u0161 medo koji se mo\u017ee skidati Materijal: 100% pamuk<\/p>\n","protected":false},"featured_media":132527,"template":"","meta":[],"product_brand":[],"product_cat":[317,800,868,808,880],"product_tag":[],"class_list":{"0":"post-132522","1":"product","2":"type-product","3":"status-publish","4":"has-post-thumbnail","6":"product_cat-baby-oprema","7":"product_cat-boje-i-dezeni","8":"product_cat-odjeca-za-bebe-i-djecu","9":"product_cat-roze","10":"product_cat-za-djevojcice","12":"first","13":"instock","14":"shipping-taxable","15":"purchasable","16":"product-type-variable"},"_links":{"self":[{"href":"https:\/\/shop.nano.ba\/index.php\/wp-json\/wp\/v2\/product\/132522","targetHints":{"allow":["GET"]}}],"collection":[{"href":"https:\/\/shop.nano.ba\/index.php\/wp-json\/wp\/v2\/product"}],"about":[{"href":"https:\/\/shop.nano.ba\/index.php\/wp-json\/wp\/v2\/types\/product"}],"version-history":[{"count":1,"href":"https:\/\/shop.nano.ba\/index.php\/wp-json\/wp\/v2\/product\/132522\/revisions"}],"predecessor-version":[{"id":132528,"href":"https:\/\/shop.nano.ba\/index.php\/wp-json\/wp\/v2\/product\/132522\/revisions\/132528"}],"wp:featuredmedia":[{"embeddable":true,"href":"https:\/\/shop.nano.ba\/index.php\/wp-json\/wp\/v2\/media\/132527"}],"wp:attachment":[{"href":"https:\/\/shop.nano.ba\/index.php\/wp-json\/wp\/v2\/media?parent=132522"}],"wp:term":[{"taxonomy":"product_brand","embeddable":true,"href":"https:\/\/shop.nano.ba\/index.php\/wp-json\/wp\/v2\/product_brand?post=132522"},{"taxonomy":"product_cat","embeddable":true,"href":"https:\/\/shop.nano.ba\/index.php\/wp-json\/wp\/v2\/product_cat?post=132522"},{"taxonomy":"product_tag","embeddable":true,"href":"https:\/\/shop.nano.ba\/index.php\/wp-json\/wp\/v2\/product_tag?post=132522"}],"curies":[{"name":"wp","href":"https:\/\/api.w.org\/{rel}","templated":true}]}}