{"id":132534,"date":"2026-03-01T11:00:57","date_gmt":"2026-03-01T11:00:57","guid":{"rendered":"https:\/\/shop.nano.ba\/?post_type=product&#038;p=132534"},"modified":"2026-03-01T11:04:37","modified_gmt":"2026-03-01T11:04:37","slug":"set-pleteni-dzemper-i-haljinica-bez","status":"publish","type":"product","link":"https:\/\/shop.nano.ba\/index.php\/proizvod\/set-pleteni-dzemper-i-haljinica-bez\/","title":{"rendered":"Set Pleteni d\u017eemper i haljinica &#8211; Be\u017e"},"content":{"rendered":"<p>Predivan set odje\u0107e za bebe.<\/p>\n<p>Set uklju\u010duje:<\/p>\n<ul>\n<li>Pleteni d\u017eemper<\/li>\n<li>\u010cipkana haljina<\/li>\n<li>Bro\u0161 medo koji se mo\u017ee skidati<\/li>\n<\/ul>\n<p>Materijal: 100% pamuk<\/p>\n","protected":false},"excerpt":{"rendered":"<p>Predivan set odje\u0107e za bebe. Set uklju\u010duje: Pleteni d\u017eemper \u010cipkana haljina Bro\u0161 medo koji se mo\u017ee skidati Materijal: 100% pamuk<\/p>\n","protected":false},"featured_media":132537,"template":"","meta":[],"product_brand":[],"product_cat":[317,802,800,868,880],"product_tag":[],"class_list":{"0":"post-132534","1":"product","2":"type-product","3":"status-publish","4":"has-post-thumbnail","6":"product_cat-baby-oprema","7":"product_cat-bez","8":"product_cat-boje-i-dezeni","9":"product_cat-odjeca-za-bebe-i-djecu","10":"product_cat-za-djevojcice","12":"first","13":"instock","14":"shipping-taxable","15":"purchasable","16":"product-type-variable"},"_links":{"self":[{"href":"https:\/\/shop.nano.ba\/index.php\/wp-json\/wp\/v2\/product\/132534","targetHints":{"allow":["GET"]}}],"collection":[{"href":"https:\/\/shop.nano.ba\/index.php\/wp-json\/wp\/v2\/product"}],"about":[{"href":"https:\/\/shop.nano.ba\/index.php\/wp-json\/wp\/v2\/types\/product"}],"version-history":[{"count":2,"href":"https:\/\/shop.nano.ba\/index.php\/wp-json\/wp\/v2\/product\/132534\/revisions"}],"predecessor-version":[{"id":132542,"href":"https:\/\/shop.nano.ba\/index.php\/wp-json\/wp\/v2\/product\/132534\/revisions\/132542"}],"wp:featuredmedia":[{"embeddable":true,"href":"https:\/\/shop.nano.ba\/index.php\/wp-json\/wp\/v2\/media\/132537"}],"wp:attachment":[{"href":"https:\/\/shop.nano.ba\/index.php\/wp-json\/wp\/v2\/media?parent=132534"}],"wp:term":[{"taxonomy":"product_brand","embeddable":true,"href":"https:\/\/shop.nano.ba\/index.php\/wp-json\/wp\/v2\/product_brand?post=132534"},{"taxonomy":"product_cat","embeddable":true,"href":"https:\/\/shop.nano.ba\/index.php\/wp-json\/wp\/v2\/product_cat?post=132534"},{"taxonomy":"product_tag","embeddable":true,"href":"https:\/\/shop.nano.ba\/index.php\/wp-json\/wp\/v2\/product_tag?post=132534"}],"curies":[{"name":"wp","href":"https:\/\/api.w.org\/{rel}","templated":true}]}}