{"id":132547,"date":"2026-03-02T09:35:25","date_gmt":"2026-03-02T09:35:25","guid":{"rendered":"https:\/\/shop.nano.ba\/?post_type=product&#038;p=132547"},"modified":"2026-03-02T09:45:16","modified_gmt":"2026-03-02T09:45:16","slug":"set-pleteni-dzemper-pletene-hlace-i-bodi-siva","status":"publish","type":"product","link":"https:\/\/shop.nano.ba\/index.php\/proizvod\/set-pleteni-dzemper-pletene-hlace-i-bodi-siva\/","title":{"rendered":"Set Pleteni d\u017eemper, pletene hla\u010de i bodi &#8211; Siva"},"content":{"rendered":"<p>Predivan set odje\u0107e za bebe.<\/p>\n<p>Set uklju\u010duje:<\/p>\n<ul>\n<li>Pleteni d\u017eemper<\/li>\n<li>Pletene hla\u010de<\/li>\n<li>Pamu\u010dni bodi sa vezom mede na kragni<\/li>\n<\/ul>\n<p>Materijal: 100% pamuk<\/p>\n","protected":false},"excerpt":{"rendered":"<p>Predivan set odje\u0107e za bebe. Set uklju\u010duje: Pleteni d\u017eemper Pletene hla\u010de Pamu\u010dni bodi sa vezom mede na kragni Materijal: 100%<\/p>\n","protected":false},"featured_media":132550,"template":"","meta":[],"product_brand":[],"product_cat":[317,800,868,807,886],"product_tag":[],"class_list":{"0":"post-132547","1":"product","2":"type-product","3":"status-publish","4":"has-post-thumbnail","6":"product_cat-baby-oprema","7":"product_cat-boje-i-dezeni","8":"product_cat-odjeca-za-bebe-i-djecu","9":"product_cat-siva","10":"product_cat-za-djecake","12":"first","13":"instock","14":"shipping-taxable","15":"purchasable","16":"product-type-variable"},"_links":{"self":[{"href":"https:\/\/shop.nano.ba\/index.php\/wp-json\/wp\/v2\/product\/132547","targetHints":{"allow":["GET"]}}],"collection":[{"href":"https:\/\/shop.nano.ba\/index.php\/wp-json\/wp\/v2\/product"}],"about":[{"href":"https:\/\/shop.nano.ba\/index.php\/wp-json\/wp\/v2\/types\/product"}],"version-history":[{"count":1,"href":"https:\/\/shop.nano.ba\/index.php\/wp-json\/wp\/v2\/product\/132547\/revisions"}],"predecessor-version":[{"id":132551,"href":"https:\/\/shop.nano.ba\/index.php\/wp-json\/wp\/v2\/product\/132547\/revisions\/132551"}],"wp:featuredmedia":[{"embeddable":true,"href":"https:\/\/shop.nano.ba\/index.php\/wp-json\/wp\/v2\/media\/132550"}],"wp:attachment":[{"href":"https:\/\/shop.nano.ba\/index.php\/wp-json\/wp\/v2\/media?parent=132547"}],"wp:term":[{"taxonomy":"product_brand","embeddable":true,"href":"https:\/\/shop.nano.ba\/index.php\/wp-json\/wp\/v2\/product_brand?post=132547"},{"taxonomy":"product_cat","embeddable":true,"href":"https:\/\/shop.nano.ba\/index.php\/wp-json\/wp\/v2\/product_cat?post=132547"},{"taxonomy":"product_tag","embeddable":true,"href":"https:\/\/shop.nano.ba\/index.php\/wp-json\/wp\/v2\/product_tag?post=132547"}],"curies":[{"name":"wp","href":"https:\/\/api.w.org\/{rel}","templated":true}]}}