{"id":132591,"date":"2026-03-02T15:52:47","date_gmt":"2026-03-02T15:52:47","guid":{"rendered":"https:\/\/shop.nano.ba\/?post_type=product&#038;p=132591"},"modified":"2026-03-02T15:58:41","modified_gmt":"2026-03-02T15:58:41","slug":"set-pleteni-pamucni-kombinezon-sa-cipkom-i-kapica-roze","status":"publish","type":"product","link":"https:\/\/shop.nano.ba\/index.php\/proizvod\/set-pleteni-pamucni-kombinezon-sa-cipkom-i-kapica-roze\/","title":{"rendered":"SET Pleteni pamu\u010dni kombinezon sa \u010dipkom i kapica &#8211; Roze"},"content":{"rendered":"<p>Predivan set odje\u0107e za bebe.<\/p>\n<p>Set uklju\u010duje:<\/p>\n<ul>\n<li>Pleteni Kombinezon<\/li>\n<li>Pletena kapica<\/li>\n<\/ul>\n<p>Materijal: 100% pamuk i Prirodna Vuna<\/p>\n","protected":false},"excerpt":{"rendered":"<p>Predivan set odje\u0107e za bebe. Set uklju\u010duje: Pleteni Kombinezon Pletena kapica Materijal: 100% pamuk i Prirodna Vuna<\/p>\n","protected":false},"featured_media":132596,"template":"","meta":[],"product_brand":[],"product_cat":[317,800,868,808,880],"product_tag":[],"class_list":{"0":"post-132591","1":"product","2":"type-product","3":"status-publish","4":"has-post-thumbnail","6":"product_cat-baby-oprema","7":"product_cat-boje-i-dezeni","8":"product_cat-odjeca-za-bebe-i-djecu","9":"product_cat-roze","10":"product_cat-za-djevojcice","12":"first","13":"instock","14":"shipping-taxable","15":"purchasable","16":"product-type-variable"},"_links":{"self":[{"href":"https:\/\/shop.nano.ba\/index.php\/wp-json\/wp\/v2\/product\/132591","targetHints":{"allow":["GET"]}}],"collection":[{"href":"https:\/\/shop.nano.ba\/index.php\/wp-json\/wp\/v2\/product"}],"about":[{"href":"https:\/\/shop.nano.ba\/index.php\/wp-json\/wp\/v2\/types\/product"}],"version-history":[{"count":1,"href":"https:\/\/shop.nano.ba\/index.php\/wp-json\/wp\/v2\/product\/132591\/revisions"}],"predecessor-version":[{"id":132597,"href":"https:\/\/shop.nano.ba\/index.php\/wp-json\/wp\/v2\/product\/132591\/revisions\/132597"}],"wp:featuredmedia":[{"embeddable":true,"href":"https:\/\/shop.nano.ba\/index.php\/wp-json\/wp\/v2\/media\/132596"}],"wp:attachment":[{"href":"https:\/\/shop.nano.ba\/index.php\/wp-json\/wp\/v2\/media?parent=132591"}],"wp:term":[{"taxonomy":"product_brand","embeddable":true,"href":"https:\/\/shop.nano.ba\/index.php\/wp-json\/wp\/v2\/product_brand?post=132591"},{"taxonomy":"product_cat","embeddable":true,"href":"https:\/\/shop.nano.ba\/index.php\/wp-json\/wp\/v2\/product_cat?post=132591"},{"taxonomy":"product_tag","embeddable":true,"href":"https:\/\/shop.nano.ba\/index.php\/wp-json\/wp\/v2\/product_tag?post=132591"}],"curies":[{"name":"wp","href":"https:\/\/api.w.org\/{rel}","templated":true}]}}