{"id":132599,"date":"2026-03-02T15:59:37","date_gmt":"2026-03-02T15:59:37","guid":{"rendered":"https:\/\/shop.nano.ba\/?post_type=product&#038;p=132599"},"modified":"2026-03-26T10:35:16","modified_gmt":"2026-03-26T10:35:16","slug":"set-pleteni-pamucni-kombinezon-sa-cipkom-i-kapica-bez","status":"publish","type":"product","link":"https:\/\/shop.nano.ba\/index.php\/proizvod\/set-pleteni-pamucni-kombinezon-sa-cipkom-i-kapica-bez\/","title":{"rendered":"SET Pleteni pamu\u010dni kombinezon sa \u010dipkom i kapica &#8211; Be\u017e"},"content":{"rendered":"<p>Predivan set odje\u0107e za bebe.<\/p>\n<p>Set uklju\u010duje:<\/p>\n<ul>\n<li>Pleteni Kombinezon<\/li>\n<li>Pletena kapica<\/li>\n<\/ul>\n<p>Materijal: 100% pamuk i Prirodna Vuna<\/p>\n","protected":false},"excerpt":{"rendered":"<p>Predivan set odje\u0107e za bebe. Set uklju\u010duje: Pleteni Kombinezon Pletena kapica Materijal: 100% pamuk i Prirodna Vuna<\/p>\n","protected":false},"featured_media":132604,"template":"","meta":[],"product_brand":[],"product_cat":[317,802,800,868,808,880],"product_tag":[],"class_list":{"0":"post-132599","1":"product","2":"type-product","3":"status-publish","4":"has-post-thumbnail","6":"product_cat-baby-oprema","7":"product_cat-bez","8":"product_cat-boje-i-dezeni","9":"product_cat-odjeca-za-bebe-i-djecu","10":"product_cat-roze","11":"product_cat-za-djevojcice","13":"first","14":"instock","15":"shipping-taxable","16":"purchasable","17":"product-type-variable"},"_links":{"self":[{"href":"https:\/\/shop.nano.ba\/index.php\/wp-json\/wp\/v2\/product\/132599","targetHints":{"allow":["GET"]}}],"collection":[{"href":"https:\/\/shop.nano.ba\/index.php\/wp-json\/wp\/v2\/product"}],"about":[{"href":"https:\/\/shop.nano.ba\/index.php\/wp-json\/wp\/v2\/types\/product"}],"version-history":[{"count":1,"href":"https:\/\/shop.nano.ba\/index.php\/wp-json\/wp\/v2\/product\/132599\/revisions"}],"predecessor-version":[{"id":132605,"href":"https:\/\/shop.nano.ba\/index.php\/wp-json\/wp\/v2\/product\/132599\/revisions\/132605"}],"wp:featuredmedia":[{"embeddable":true,"href":"https:\/\/shop.nano.ba\/index.php\/wp-json\/wp\/v2\/media\/132604"}],"wp:attachment":[{"href":"https:\/\/shop.nano.ba\/index.php\/wp-json\/wp\/v2\/media?parent=132599"}],"wp:term":[{"taxonomy":"product_brand","embeddable":true,"href":"https:\/\/shop.nano.ba\/index.php\/wp-json\/wp\/v2\/product_brand?post=132599"},{"taxonomy":"product_cat","embeddable":true,"href":"https:\/\/shop.nano.ba\/index.php\/wp-json\/wp\/v2\/product_cat?post=132599"},{"taxonomy":"product_tag","embeddable":true,"href":"https:\/\/shop.nano.ba\/index.php\/wp-json\/wp\/v2\/product_tag?post=132599"}],"curies":[{"name":"wp","href":"https:\/\/api.w.org\/{rel}","templated":true}]}}