{"id":13347,"date":"2020-12-21T06:27:46","date_gmt":"2020-12-21T06:27:46","guid":{"rendered":"https:\/\/shop.nano.ba\/?post_type=product&#038;p=13347"},"modified":"2026-03-06T06:27:26","modified_gmt":"2026-03-06T06:27:26","slug":"harry-potter-premium-carobni-stapici","status":"publish","type":"product","link":"https:\/\/shop.nano.ba\/index.php\/proizvod\/harry-potter-premium-carobni-stapici\/","title":{"rendered":"Harry Potter premium \u010darobni \u0161tapi\u0107i"},"content":{"rendered":"","protected":false},"excerpt":{"rendered":"","protected":false},"featured_media":13348,"template":"","meta":[],"product_brand":[],"product_cat":[67,308],"product_tag":[],"class_list":{"0":"post-13347","1":"product","2":"type-product","3":"status-publish","4":"has-post-thumbnail","6":"product_cat-crafty","7":"product_cat-harry-potter","9":"first","10":"instock","11":"shipping-taxable","12":"purchasable","13":"product-type-simple"},"_links":{"self":[{"href":"https:\/\/shop.nano.ba\/index.php\/wp-json\/wp\/v2\/product\/13347","targetHints":{"allow":["GET"]}}],"collection":[{"href":"https:\/\/shop.nano.ba\/index.php\/wp-json\/wp\/v2\/product"}],"about":[{"href":"https:\/\/shop.nano.ba\/index.php\/wp-json\/wp\/v2\/types\/product"}],"version-history":[{"count":1,"href":"https:\/\/shop.nano.ba\/index.php\/wp-json\/wp\/v2\/product\/13347\/revisions"}],"predecessor-version":[{"id":50212,"href":"https:\/\/shop.nano.ba\/index.php\/wp-json\/wp\/v2\/product\/13347\/revisions\/50212"}],"wp:featuredmedia":[{"embeddable":true,"href":"https:\/\/shop.nano.ba\/index.php\/wp-json\/wp\/v2\/media\/13348"}],"wp:attachment":[{"href":"https:\/\/shop.nano.ba\/index.php\/wp-json\/wp\/v2\/media?parent=13347"}],"wp:term":[{"taxonomy":"product_brand","embeddable":true,"href":"https:\/\/shop.nano.ba\/index.php\/wp-json\/wp\/v2\/product_brand?post=13347"},{"taxonomy":"product_cat","embeddable":true,"href":"https:\/\/shop.nano.ba\/index.php\/wp-json\/wp\/v2\/product_cat?post=13347"},{"taxonomy":"product_tag","embeddable":true,"href":"https:\/\/shop.nano.ba\/index.php\/wp-json\/wp\/v2\/product_tag?post=13347"}],"curies":[{"name":"wp","href":"https:\/\/api.w.org\/{rel}","templated":true}]}}