{"id":136505,"date":"2026-04-05T08:03:01","date_gmt":"2026-04-05T08:03:01","guid":{"rendered":"https:\/\/shop.nano.ba\/?post_type=product&#038;p=136505"},"modified":"2026-05-05T06:32:56","modified_gmt":"2026-05-05T06:32:56","slug":"elektricna-turpija-za-nokte-m1033-13-roze","status":"publish","type":"product","link":"https:\/\/shop.nano.ba\/index.php\/proizvod\/elektricna-turpija-za-nokte-m1033-13-roze\/","title":{"rendered":"Elektri\u010dna turpija za nokte M1033-13 &#8211; Roze"},"content":{"rendered":"<p>Elektri\u010dna turpija za nokte beba spaja prakti\u010dnost i sigurnost. Sa naprednim 360\u00b0 LED svjetlom koje osvjetljava svaki kutak malih prsti\u0107a, uklanja sjene i smanjuje rizik od prevelikog turpijanja ili povreda. Radi tiho, sa niskim nivoom buke.<\/p>\n<p data-end=\"390\" data-is-last-node=\"\" data-is-only-node=\"\" data-start=\"212\">Niska brzina, posebno dizajnirana za pa\u017eljivo ure\u0111ivanje ivica i za prvu upotrebu kod novih roditelja.<\/p>\n<p><strong>Karakteristike:<\/strong><\/p>\n<ul>\n<li data-end=\"390\" data-start=\"212\">Radi na baterije &#8211; AA<\/li>\n<li data-end=\"390\" data-start=\"212\">6 razli\u010ditih nastavaka prila\u0111enih uzrastu bebe.<\/li>\n<li data-end=\"390\" data-start=\"212\">LED svjetlo.<\/li>\n<li data-end=\"390\" data-start=\"212\">4 brzine.<\/li>\n<li data-end=\"390\" data-start=\"212\">Kutija za odlaganje.<\/li>\n<\/ul>\n<p>Dostupna u dvije boje: roze i plava.<\/p>\n","protected":false},"excerpt":{"rendered":"<p>Elektri\u010dna turpija za nokte beba spaja prakti\u010dnost i sigurnost. Sa naprednim 360\u00b0 LED svjetlom koje osvjetljava svaki kutak malih prsti\u0107a,<\/p>\n","protected":false},"featured_media":126369,"template":"","meta":[],"product_brand":[],"product_cat":[317,800,814,808],"product_tag":[],"class_list":{"0":"post-136505","1":"product","2":"type-product","3":"status-publish","4":"has-post-thumbnail","6":"product_cat-baby-oprema","7":"product_cat-boje-i-dezeni","8":"product_cat-dodaci","9":"product_cat-roze","11":"first","12":"instock","13":"shipping-taxable","14":"purchasable","15":"product-type-simple"},"_links":{"self":[{"href":"https:\/\/shop.nano.ba\/index.php\/wp-json\/wp\/v2\/product\/136505","targetHints":{"allow":["GET"]}}],"collection":[{"href":"https:\/\/shop.nano.ba\/index.php\/wp-json\/wp\/v2\/product"}],"about":[{"href":"https:\/\/shop.nano.ba\/index.php\/wp-json\/wp\/v2\/types\/product"}],"version-history":[{"count":1,"href":"https:\/\/shop.nano.ba\/index.php\/wp-json\/wp\/v2\/product\/136505\/revisions"}],"predecessor-version":[{"id":136506,"href":"https:\/\/shop.nano.ba\/index.php\/wp-json\/wp\/v2\/product\/136505\/revisions\/136506"}],"wp:featuredmedia":[{"embeddable":true,"href":"https:\/\/shop.nano.ba\/index.php\/wp-json\/wp\/v2\/media\/126369"}],"wp:attachment":[{"href":"https:\/\/shop.nano.ba\/index.php\/wp-json\/wp\/v2\/media?parent=136505"}],"wp:term":[{"taxonomy":"product_brand","embeddable":true,"href":"https:\/\/shop.nano.ba\/index.php\/wp-json\/wp\/v2\/product_brand?post=136505"},{"taxonomy":"product_cat","embeddable":true,"href":"https:\/\/shop.nano.ba\/index.php\/wp-json\/wp\/v2\/product_cat?post=136505"},{"taxonomy":"product_tag","embeddable":true,"href":"https:\/\/shop.nano.ba\/index.php\/wp-json\/wp\/v2\/product_tag?post=136505"}],"curies":[{"name":"wp","href":"https:\/\/api.w.org\/{rel}","templated":true}]}}