{"id":136534,"date":"2026-04-05T08:39:15","date_gmt":"2026-04-05T08:39:15","guid":{"rendered":"https:\/\/shop.nano.ba\/?post_type=product&#038;p=136534"},"modified":"2026-04-08T09:10:22","modified_gmt":"2026-04-08T09:10:22","slug":"sklopiva-kada-foldy-sa-termometrom-m1033-7-siva","status":"publish","type":"product","link":"https:\/\/shop.nano.ba\/index.php\/proizvod\/sklopiva-kada-foldy-sa-termometrom-m1033-7-siva\/","title":{"rendered":"Sklopiva kada Foldy sa termometrom M1033-7 Siva"},"content":{"rendered":"<div dir=\"auto\">Savr\u0161ena za u\u0161tedu prostora. Izra\u0111ena od kvalitetnog materijala. Stabilna, sa mekanim silikonskim dijelom.<br \/>\nKada ima \u010dep za lako ispu\u0161tanje vode i pranje bez muke.<br \/>\nSavr\u0161ena za br\u010dkanje i u\u010diniti \u0107e svako kupanje zanimljivim, a \u0161ta je bolje od toga da se beba voli kupati.<br \/>\nNe zauzima prostor jer je jako mala kada se sklopi.<\/div>\n<div dir=\"auto\">Predvi\u0111ena za kori\u0161tenje do 24m.<\/div>\n<div dir=\"auto\">\n<p>Kada posjeduje termometar, za najugodnije kupanje.<\/p>\n<p>Dostupne boje: roze, plava i siva.<\/p>\n<p>*uz kadu ne dolazi jastuk za kupanje<\/p>\n<\/div>\n","protected":false},"excerpt":{"rendered":"<p>Savr\u0161ena za u\u0161tedu prostora. Izra\u0111ena od kvalitetnog materijala. Stabilna, sa mekanim silikonskim dijelom. Kada ima \u010dep za lako ispu\u0161tanje vode<\/p>\n","protected":false},"featured_media":126886,"template":"","meta":[],"product_brand":[],"product_cat":[317,800,593,807],"product_tag":[],"class_list":{"0":"post-136534","1":"product","2":"type-product","3":"status-publish","4":"has-post-thumbnail","6":"product_cat-baby-oprema","7":"product_cat-boje-i-dezeni","8":"product_cat-set-za-kupanje","9":"product_cat-siva","11":"first","12":"instock","13":"shipping-taxable","14":"purchasable","15":"product-type-simple"},"_links":{"self":[{"href":"https:\/\/shop.nano.ba\/index.php\/wp-json\/wp\/v2\/product\/136534","targetHints":{"allow":["GET"]}}],"collection":[{"href":"https:\/\/shop.nano.ba\/index.php\/wp-json\/wp\/v2\/product"}],"about":[{"href":"https:\/\/shop.nano.ba\/index.php\/wp-json\/wp\/v2\/types\/product"}],"version-history":[{"count":1,"href":"https:\/\/shop.nano.ba\/index.php\/wp-json\/wp\/v2\/product\/136534\/revisions"}],"predecessor-version":[{"id":136537,"href":"https:\/\/shop.nano.ba\/index.php\/wp-json\/wp\/v2\/product\/136534\/revisions\/136537"}],"wp:featuredmedia":[{"embeddable":true,"href":"https:\/\/shop.nano.ba\/index.php\/wp-json\/wp\/v2\/media\/126886"}],"wp:attachment":[{"href":"https:\/\/shop.nano.ba\/index.php\/wp-json\/wp\/v2\/media?parent=136534"}],"wp:term":[{"taxonomy":"product_brand","embeddable":true,"href":"https:\/\/shop.nano.ba\/index.php\/wp-json\/wp\/v2\/product_brand?post=136534"},{"taxonomy":"product_cat","embeddable":true,"href":"https:\/\/shop.nano.ba\/index.php\/wp-json\/wp\/v2\/product_cat?post=136534"},{"taxonomy":"product_tag","embeddable":true,"href":"https:\/\/shop.nano.ba\/index.php\/wp-json\/wp\/v2\/product_tag?post=136534"}],"curies":[{"name":"wp","href":"https:\/\/api.w.org\/{rel}","templated":true}]}}