{"id":136615,"date":"2026-04-05T09:54:10","date_gmt":"2026-04-05T09:54:10","guid":{"rendered":"https:\/\/shop.nano.ba\/?post_type=product&#038;p=136615"},"modified":"2026-04-05T09:54:55","modified_gmt":"2026-04-05T09:54:55","slug":"kolica-kofer-nano-3u1-m1045-1-mint","status":"publish","type":"product","link":"https:\/\/shop.nano.ba\/index.php\/proizvod\/kolica-kofer-nano-3u1-m1045-1-mint\/","title":{"rendered":"Kolica Kofer Nano 3u1 &#8211; M1045-1 Mint"},"content":{"rendered":"<div dir=\"auto\">Multifunkcionalna premium kofer kolica UBest savr\u0161en su izbor za roditelje koji \u017eele spoj elegantnog dizajna i funkcionalnosti. Prikladna su za novoro\u0111en\u010dad i djecu do <strong data-end=\"245\" data-start=\"236\">15 kg<\/strong>, a zahvaljuju\u0107i \u010dvrstom okviru i pa\u017eljivo osmi\u0161ljenim detaljima, pru\u017eaju potpunu sigurnost i udobnost tokom svake vo\u017enje.<\/div>\n<div dir=\"auto\">\n<p data-end=\"701\" data-start=\"371\">Naslon za le\u0111a mogu\u0107e je\u00a0<strong data-end=\"424\" data-start=\"396\">podesiti u vi\u0161e polo\u017eaja<\/strong>\u00a0\u2013 od potpuno le\u017ee\u0107eg do sjede\u0107eg, prate\u0107i potrebe i raspolo\u017eenje va\u0161eg mali\u0161ana.\u00a0<strong data-end=\"561\" data-start=\"506\">Veliki krov s vizirom za sunce i plo\u010dom za gledanje<\/strong>\u00a0\u0161titi dijete od sunca i vjetra, dok\u00a0<strong data-end=\"625\" data-start=\"598\">podesivi naslon za noge<\/strong>\u00a0i\u00a0<strong data-end=\"669\" data-start=\"628\">mekani jastu\u010di\u0107i na pojasu u 5 ta\u010daka<\/strong>\u00a0osiguravaju dodatnu udobnost.<\/p>\n<p data-end=\"990\" data-start=\"703\">Roditelji \u0107e cijeniti\u00a0<strong data-end=\"765\" data-start=\"725\">lagano i brzo sklapanje jednom rukom<\/strong>, kao i\u00a0<strong data-end=\"800\" data-start=\"773\">udobnu ru\u010dku za guranje<\/strong>\u00a0i\u00a0<strong data-end=\"831\" data-start=\"803\">veliku ko\u0161aru za pohranu<\/strong>\u00a0svih potrebnih sitnica. Svi kota\u010di imaju\u00a0<strong data-end=\"900\" data-start=\"873\">ovjes i brzo otpu\u0161tanje<\/strong>, a\u00a0<strong data-end=\"923\" data-start=\"904\">stra\u017enji kota\u010di<\/strong>\u00a0opremljeni su\u00a0<strong data-end=\"962\" data-start=\"938\">sigurnosnom ko\u010dnicom<\/strong> za maksimalnu stabilnost.<\/p>\n<p data-end=\"990\" data-start=\"703\"><strong>Karakteristike:<\/strong><\/p>\n<\/div>\n<div dir=\"auto\">\n<div class=\"x14z9mp xat24cr x1lziwak x1vvkbs xtlvy1s x126k92a\">\n<ul>\n<li dir=\"auto\">Lagana aluminijska konstrukcija<\/li>\n<li dir=\"auto\">Jednoru\u010dno sklapanje u sekundi<\/li>\n<li dir=\"auto\">Podesiv naslon<\/li>\n<li dir=\"auto\">Velika za\u0161titna tenda<\/li>\n<li dir=\"auto\">Udobno i prozra\u010dno siedalo<\/li>\n<li dir=\"auto\">Amortizeri na to\u010dkovima<\/li>\n<li dir=\"auto\">Prostrana donja korpa za stvari<\/li>\n<li dir=\"auto\">Sigurnosna pre\u010dka s mekanim navlakama<\/li>\n<li dir=\"auto\">Rotiraju\u0107i prednji to\u010dkovi<\/li>\n<li dir=\"auto\">Podesiv naslon za noge<\/li>\n<li dir=\"auto\">Vanjski materijal: Eko ko\u017ea<\/li>\n<\/ul>\n<p>Dostupna u 3 boje: Be\u017e, svijetlo be\u017e, crna i sa cvijetnim uzorkom.<\/p>\n<p>Te\u017eina kolica: 7kg<\/p>\n<div dir=\"auto\"><\/div>\n<\/div>\n<\/div>\n","protected":false},"excerpt":{"rendered":"<p>Multifunkcionalna premium kofer kolica UBest savr\u0161en su izbor za roditelje koji \u017eele spoj elegantnog dizajna i funkcionalnosti. Prikladna su za<\/p>\n","protected":false},"featured_media":0,"template":"","meta":[],"product_brand":[],"product_cat":[317,800,588,801],"product_tag":[],"class_list":{"0":"post-136615","1":"product","2":"type-product","3":"status-publish","5":"product_cat-baby-oprema","6":"product_cat-boje-i-dezeni","7":"product_cat-kolica-za-bebe","8":"product_cat-mint","10":"first","11":"instock","12":"shipping-taxable","13":"purchasable","14":"product-type-simple"},"_links":{"self":[{"href":"https:\/\/shop.nano.ba\/index.php\/wp-json\/wp\/v2\/product\/136615","targetHints":{"allow":["GET"]}}],"collection":[{"href":"https:\/\/shop.nano.ba\/index.php\/wp-json\/wp\/v2\/product"}],"about":[{"href":"https:\/\/shop.nano.ba\/index.php\/wp-json\/wp\/v2\/types\/product"}],"version-history":[{"count":1,"href":"https:\/\/shop.nano.ba\/index.php\/wp-json\/wp\/v2\/product\/136615\/revisions"}],"predecessor-version":[{"id":136616,"href":"https:\/\/shop.nano.ba\/index.php\/wp-json\/wp\/v2\/product\/136615\/revisions\/136616"}],"wp:attachment":[{"href":"https:\/\/shop.nano.ba\/index.php\/wp-json\/wp\/v2\/media?parent=136615"}],"wp:term":[{"taxonomy":"product_brand","embeddable":true,"href":"https:\/\/shop.nano.ba\/index.php\/wp-json\/wp\/v2\/product_brand?post=136615"},{"taxonomy":"product_cat","embeddable":true,"href":"https:\/\/shop.nano.ba\/index.php\/wp-json\/wp\/v2\/product_cat?post=136615"},{"taxonomy":"product_tag","embeddable":true,"href":"https:\/\/shop.nano.ba\/index.php\/wp-json\/wp\/v2\/product_tag?post=136615"}],"curies":[{"name":"wp","href":"https:\/\/api.w.org\/{rel}","templated":true}]}}