{"id":136629,"date":"2026-04-05T10:01:25","date_gmt":"2026-04-05T10:01:25","guid":{"rendered":"https:\/\/shop.nano.ba\/?post_type=product&#038;p=136629"},"modified":"2026-04-05T10:02:19","modified_gmt":"2026-04-05T10:02:19","slug":"baby-monitor-nanotec","status":"publish","type":"product","link":"https:\/\/shop.nano.ba\/index.php\/proizvod\/baby-monitor-nanotec\/","title":{"rendered":"Baby Monitor NanoTec"},"content":{"rendered":"<div dir=\"auto\">\n<div class=\"xdj266r x11i5rnm xat24cr x1mh8g0r x1vvkbs x126k92a\">Uz prakti\u010dni monitor za bebe s kamerom uvijek imate sigurnu privatnu vezu sa svojom bebom. Ovaj monitor za bebe idealno je rje\u0161enje za nove roditelje! Mo\u017eete \u010duti i vidjeti svoju bebu putem 100% sigurne veze bez smetnji. \u0160tovi\u0161e, ima vrlo dobru kvalitetu zvuka i kristalno \u010distu sliku, kako danju tako i no\u0107u.<\/div>\n<\/div>\n<div><\/div>\n<div><strong>Karakteristike:\u00a0<\/strong><\/div>\n<div><\/div>\n<div dir=\"auto\">\n<div class=\"x11i5rnm xat24cr x1mh8g0r x1vvkbs xtlvy1s x126k92a\">\n<div dir=\"auto\">\n<div dir=\"auto\">Sastoji se od dvije jednice (oda\u0161ilja\u010da i prijemnika) te dva punja\u010da baterija snage 5V (500mAh).<\/div>\n<div dir=\"auto\">-Nije potrebna nikakva vrsta internet konekcije u domu jer aparat funkcioni\u0161e na principu digitalnog prenosa podataka (FHSS) uz domet u unutra\u0161njosti doma 50m, i vani do 260m.<\/div>\n<div dir=\"auto\">&#8211; Posjeduje vi\u0161e vrsta senzora (audio, video, temperaturni, no\u0107ni, infra red senzor) koji omogu\u0107avaju da Vas ure\u0111aj obavje\u0161tava o svim aktivnostima Va\u0161e bebe dok niste pokraj nje.<\/div>\n<div dir=\"auto\">&#8211; Omogu\u0107ava roditeljima razli\u010dite vrste pode\u0161avanja, kao \u0161to su vrsta i ja\u010dina melodija, brzina odziva nakon bebinog pokreta ili pla\u010da, veliki broj opcija pri pode\u0161avanju kamere i mikrofona.<\/div>\n<\/div>\n<\/div>\n<div dir=\"auto\"><\/div>\n<\/div>\n","protected":false},"excerpt":{"rendered":"<p>Uz prakti\u010dni monitor za bebe s kamerom uvijek imate sigurnu privatnu vezu sa svojom bebom. Ovaj monitor za bebe idealno<\/p>\n","protected":false},"featured_media":0,"template":"","meta":[],"product_brand":[],"product_cat":[815,317,814],"product_tag":[],"class_list":{"0":"post-136629","1":"product","2":"type-product","3":"status-publish","5":"product_cat-baby-monitor","6":"product_cat-baby-oprema","7":"product_cat-dodaci","9":"first","10":"instock","11":"shipping-taxable","12":"purchasable","13":"product-type-simple"},"_links":{"self":[{"href":"https:\/\/shop.nano.ba\/index.php\/wp-json\/wp\/v2\/product\/136629","targetHints":{"allow":["GET"]}}],"collection":[{"href":"https:\/\/shop.nano.ba\/index.php\/wp-json\/wp\/v2\/product"}],"about":[{"href":"https:\/\/shop.nano.ba\/index.php\/wp-json\/wp\/v2\/types\/product"}],"version-history":[{"count":1,"href":"https:\/\/shop.nano.ba\/index.php\/wp-json\/wp\/v2\/product\/136629\/revisions"}],"predecessor-version":[{"id":136630,"href":"https:\/\/shop.nano.ba\/index.php\/wp-json\/wp\/v2\/product\/136629\/revisions\/136630"}],"wp:attachment":[{"href":"https:\/\/shop.nano.ba\/index.php\/wp-json\/wp\/v2\/media?parent=136629"}],"wp:term":[{"taxonomy":"product_brand","embeddable":true,"href":"https:\/\/shop.nano.ba\/index.php\/wp-json\/wp\/v2\/product_brand?post=136629"},{"taxonomy":"product_cat","embeddable":true,"href":"https:\/\/shop.nano.ba\/index.php\/wp-json\/wp\/v2\/product_cat?post=136629"},{"taxonomy":"product_tag","embeddable":true,"href":"https:\/\/shop.nano.ba\/index.php\/wp-json\/wp\/v2\/product_tag?post=136629"}],"curies":[{"name":"wp","href":"https:\/\/api.w.org\/{rel}","templated":true}]}}