{"id":15593,"date":"2021-02-22T14:22:05","date_gmt":"2021-02-22T14:22:05","guid":{"rendered":"https:\/\/shop.nano.ba\/?post_type=product&#038;p=15593"},"modified":"2026-04-05T07:49:16","modified_gmt":"2026-04-05T07:49:16","slug":"cekic-harden","status":"publish","type":"product","link":"https:\/\/shop.nano.ba\/index.php\/proizvod\/cekic-harden\/","title":{"rendered":"\u010ceki\u0107 s ru\u010dkom od fiberglass-a &#8220;HARDEN&#8221; (59003)"},"content":{"rendered":"","protected":false},"excerpt":{"rendered":"","protected":false},"featured_media":55261,"template":"","meta":[],"product_brand":[],"product_cat":[337,718],"product_tag":[],"class_list":{"0":"post-15593","1":"product","2":"type-product","3":"status-publish","4":"has-post-thumbnail","6":"product_cat-alati","7":"product_cat-cekici-alati","9":"first","10":"instock","11":"shipping-taxable","12":"purchasable","13":"product-type-variable"},"_links":{"self":[{"href":"https:\/\/shop.nano.ba\/index.php\/wp-json\/wp\/v2\/product\/15593","targetHints":{"allow":["GET"]}}],"collection":[{"href":"https:\/\/shop.nano.ba\/index.php\/wp-json\/wp\/v2\/product"}],"about":[{"href":"https:\/\/shop.nano.ba\/index.php\/wp-json\/wp\/v2\/types\/product"}],"version-history":[{"count":1,"href":"https:\/\/shop.nano.ba\/index.php\/wp-json\/wp\/v2\/product\/15593\/revisions"}],"predecessor-version":[{"id":55811,"href":"https:\/\/shop.nano.ba\/index.php\/wp-json\/wp\/v2\/product\/15593\/revisions\/55811"}],"wp:featuredmedia":[{"embeddable":true,"href":"https:\/\/shop.nano.ba\/index.php\/wp-json\/wp\/v2\/media\/55261"}],"wp:attachment":[{"href":"https:\/\/shop.nano.ba\/index.php\/wp-json\/wp\/v2\/media?parent=15593"}],"wp:term":[{"taxonomy":"product_brand","embeddable":true,"href":"https:\/\/shop.nano.ba\/index.php\/wp-json\/wp\/v2\/product_brand?post=15593"},{"taxonomy":"product_cat","embeddable":true,"href":"https:\/\/shop.nano.ba\/index.php\/wp-json\/wp\/v2\/product_cat?post=15593"},{"taxonomy":"product_tag","embeddable":true,"href":"https:\/\/shop.nano.ba\/index.php\/wp-json\/wp\/v2\/product_tag?post=15593"}],"curies":[{"name":"wp","href":"https:\/\/api.w.org\/{rel}","templated":true}]}}