{"id":22812,"date":"2021-09-23T11:22:45","date_gmt":"2021-09-23T11:22:45","guid":{"rendered":"https:\/\/shop.nano.ba\/?post_type=product&#038;p=22812"},"modified":"2022-11-26T08:46:51","modified_gmt":"2022-11-26T08:46:51","slug":"oblak-ogradica-6-1-120x60cm","status":"publish","type":"product","link":"https:\/\/shop.nano.ba\/index.php\/proizvod\/oblak-ogradica-6-1-120x60cm\/","title":{"rendered":"Set Cloud Plava zvjezdica-Ogradica sa tri strane, plahta, jastuk, jorgan i dva ukrasna jastuka &#8211; 120x60cm"},"content":{"rendered":"<p>Ogradica sa tri strane, jastuk, jorgan, plahta i dva ukrasna jastuka.<br \/>\nSet odgovara kreveti\u0107u dimenzija 120x60cm.<br \/>\nMaterijal: 100% organski pamuk ranforce.<br \/>\nOdr\u017eavanje:<\/p>\n<ul>\n<li>Ma\u0161insko pranje na 30\u00b0<\/li>\n<li>Su\u0161enje na vjetru.<\/li>\n<li>Dozvoljeno peglanje.<\/li>\n<\/ul>\n<p>Promjena pri pranju na 30\u00b0C: po du\u017eini -1,2%, po \u0161irini -0,5% pH vodenog ekstrakta 8,6%<br \/>\nProizvo\u0111a\u010d: Nano DOO, Cerik, Br\u010dko<\/p>\n","protected":false},"excerpt":{"rendered":"<p>Ogradica sa tri strane, jastuk, jorgan, plahta i dva ukrasna jastuka. Set odgovara kreveti\u0107u dimenzija 120x60cm. Materijal: 100% organski pamuk<\/p>\n","protected":false},"featured_media":22827,"template":"","meta":[],"product_brand":[],"product_cat":[317],"product_tag":[],"class_list":{"0":"post-22812","1":"product","2":"type-product","3":"status-publish","4":"has-post-thumbnail","6":"product_cat-baby-oprema","8":"first","9":"instock","10":"shipping-taxable","11":"purchasable","12":"product-type-simple"},"_links":{"self":[{"href":"https:\/\/shop.nano.ba\/index.php\/wp-json\/wp\/v2\/product\/22812","targetHints":{"allow":["GET"]}}],"collection":[{"href":"https:\/\/shop.nano.ba\/index.php\/wp-json\/wp\/v2\/product"}],"about":[{"href":"https:\/\/shop.nano.ba\/index.php\/wp-json\/wp\/v2\/types\/product"}],"version-history":[{"count":2,"href":"https:\/\/shop.nano.ba\/index.php\/wp-json\/wp\/v2\/product\/22812\/revisions"}],"predecessor-version":[{"id":39110,"href":"https:\/\/shop.nano.ba\/index.php\/wp-json\/wp\/v2\/product\/22812\/revisions\/39110"}],"wp:featuredmedia":[{"embeddable":true,"href":"https:\/\/shop.nano.ba\/index.php\/wp-json\/wp\/v2\/media\/22827"}],"wp:attachment":[{"href":"https:\/\/shop.nano.ba\/index.php\/wp-json\/wp\/v2\/media?parent=22812"}],"wp:term":[{"taxonomy":"product_brand","embeddable":true,"href":"https:\/\/shop.nano.ba\/index.php\/wp-json\/wp\/v2\/product_brand?post=22812"},{"taxonomy":"product_cat","embeddable":true,"href":"https:\/\/shop.nano.ba\/index.php\/wp-json\/wp\/v2\/product_cat?post=22812"},{"taxonomy":"product_tag","embeddable":true,"href":"https:\/\/shop.nano.ba\/index.php\/wp-json\/wp\/v2\/product_tag?post=22812"}],"curies":[{"name":"wp","href":"https:\/\/api.w.org\/{rel}","templated":true}]}}