{"id":22837,"date":"2021-09-23T11:34:03","date_gmt":"2021-09-23T11:34:03","guid":{"rendered":"https:\/\/shop.nano.ba\/?post_type=product&#038;p=22837"},"modified":"2024-09-18T08:23:35","modified_gmt":"2024-09-18T08:23:35","slug":"jastuk-za-trudnice-l-100cm","status":"publish","type":"product","link":"https:\/\/shop.nano.ba\/index.php\/proizvod\/jastuk-za-trudnice-l-100cm\/","title":{"rendered":"Jastuk za trudnice &#8211; L 110cm"},"content":{"rendered":"<p>Jastuk za trudnice dimenzija 110x55cm.<\/p>\n<p>Materijal: 100% organski pamuk ranforce.<br \/>\nOdr\u017eavanje:<\/p>\n<ul>\n<li>Ma\u0161insko pranje na 30\u00b0.<\/li>\n<li>Su\u0161enje na vjetru.<\/li>\n<li>Dozvoljeno peglanje.<\/li>\n<\/ul>\n<p>Promjena pri pranju na 30\u00b0C: po du\u017eini -1,2%, po \u0161irini -0,5% pH vodenog ekstrakta 8,6%<br \/>\nProizvo\u0111a\u010d: Nano DOO, Cerik, Br\u010dko.<\/p>\n","protected":false},"excerpt":{"rendered":"<p>Jastuk za trudnice dimenzija 110x55cm. Materijal: 100% organski pamuk ranforce. Odr\u017eavanje: Ma\u0161insko pranje na 30\u00b0. Su\u0161enje na vjetru. Dozvoljeno peglanje.<\/p>\n","protected":false},"featured_media":22842,"template":"","meta":[],"product_brand":[],"product_cat":[317,596],"product_tag":[],"class_list":{"0":"post-22837","1":"product","2":"type-product","3":"status-publish","4":"has-post-thumbnail","6":"product_cat-baby-oprema","7":"product_cat-jastuci-za-dojenje-i-trudnice","9":"first","10":"instock","11":"shipping-taxable","12":"purchasable","13":"product-type-variable"},"_links":{"self":[{"href":"https:\/\/shop.nano.ba\/index.php\/wp-json\/wp\/v2\/product\/22837","targetHints":{"allow":["GET"]}}],"collection":[{"href":"https:\/\/shop.nano.ba\/index.php\/wp-json\/wp\/v2\/product"}],"about":[{"href":"https:\/\/shop.nano.ba\/index.php\/wp-json\/wp\/v2\/types\/product"}],"version-history":[{"count":2,"href":"https:\/\/shop.nano.ba\/index.php\/wp-json\/wp\/v2\/product\/22837\/revisions"}],"predecessor-version":[{"id":40276,"href":"https:\/\/shop.nano.ba\/index.php\/wp-json\/wp\/v2\/product\/22837\/revisions\/40276"}],"wp:featuredmedia":[{"embeddable":true,"href":"https:\/\/shop.nano.ba\/index.php\/wp-json\/wp\/v2\/media\/22842"}],"wp:attachment":[{"href":"https:\/\/shop.nano.ba\/index.php\/wp-json\/wp\/v2\/media?parent=22837"}],"wp:term":[{"taxonomy":"product_brand","embeddable":true,"href":"https:\/\/shop.nano.ba\/index.php\/wp-json\/wp\/v2\/product_brand?post=22837"},{"taxonomy":"product_cat","embeddable":true,"href":"https:\/\/shop.nano.ba\/index.php\/wp-json\/wp\/v2\/product_cat?post=22837"},{"taxonomy":"product_tag","embeddable":true,"href":"https:\/\/shop.nano.ba\/index.php\/wp-json\/wp\/v2\/product_tag?post=22837"}],"curies":[{"name":"wp","href":"https:\/\/api.w.org\/{rel}","templated":true}]}}