{"id":22840,"date":"2021-09-23T11:33:10","date_gmt":"2021-09-23T11:33:10","guid":{"rendered":"https:\/\/shop.nano.ba\/?post_type=product&#038;p=22840"},"modified":"2025-05-04T09:56:05","modified_gmt":"2025-05-04T09:56:05","slug":"teh-masina-za-sisanje-ovaca-tsc805","status":"publish","type":"product","link":"https:\/\/shop.nano.ba\/index.php\/proizvod\/teh-masina-za-sisanje-ovaca-tsc805\/","title":{"rendered":"TEH Ma\u0161ina za \u0161i\u0161anje ovaca 500W- TSC805"},"content":{"rendered":"","protected":false},"excerpt":{"rendered":"","protected":false},"featured_media":22844,"template":"","meta":[],"product_brand":[],"product_cat":[337],"product_tag":[],"class_list":{"0":"post-22840","1":"product","2":"type-product","3":"status-publish","4":"has-post-thumbnail","6":"product_cat-alati","8":"first","9":"outofstock","10":"shipping-taxable","11":"purchasable","12":"product-type-simple"},"_links":{"self":[{"href":"https:\/\/shop.nano.ba\/index.php\/wp-json\/wp\/v2\/product\/22840","targetHints":{"allow":["GET"]}}],"collection":[{"href":"https:\/\/shop.nano.ba\/index.php\/wp-json\/wp\/v2\/product"}],"about":[{"href":"https:\/\/shop.nano.ba\/index.php\/wp-json\/wp\/v2\/types\/product"}],"version-history":[{"count":0,"href":"https:\/\/shop.nano.ba\/index.php\/wp-json\/wp\/v2\/product\/22840\/revisions"}],"wp:featuredmedia":[{"embeddable":true,"href":"https:\/\/shop.nano.ba\/index.php\/wp-json\/wp\/v2\/media\/22844"}],"wp:attachment":[{"href":"https:\/\/shop.nano.ba\/index.php\/wp-json\/wp\/v2\/media?parent=22840"}],"wp:term":[{"taxonomy":"product_brand","embeddable":true,"href":"https:\/\/shop.nano.ba\/index.php\/wp-json\/wp\/v2\/product_brand?post=22840"},{"taxonomy":"product_cat","embeddable":true,"href":"https:\/\/shop.nano.ba\/index.php\/wp-json\/wp\/v2\/product_cat?post=22840"},{"taxonomy":"product_tag","embeddable":true,"href":"https:\/\/shop.nano.ba\/index.php\/wp-json\/wp\/v2\/product_tag?post=22840"}],"curies":[{"name":"wp","href":"https:\/\/api.w.org\/{rel}","templated":true}]}}