{"id":22855,"date":"2021-09-23T11:41:39","date_gmt":"2021-09-23T11:41:39","guid":{"rendered":"https:\/\/shop.nano.ba\/?post_type=product&#038;p=22855"},"modified":"2023-05-19T13:24:31","modified_gmt":"2023-05-19T13:24:31","slug":"plahta-na-gumu-za-madrac-120x60cm-100-pamuk","status":"publish","type":"product","link":"https:\/\/shop.nano.ba\/index.php\/proizvod\/plahta-na-gumu-za-madrac-120x60cm-100-pamuk\/","title":{"rendered":"Plahta na gumu za madrac 120x60cm 100% pamuk"},"content":{"rendered":"<p>Plahta na gumu za madrac 120x60cm.<\/p>\n<p>Materijal: Pamuk sa elastinom.<\/p>\n<div dir=\"auto\">\n<p>Odr\u017eavanje:<\/p>\n<ul>\n<li>Ma\u0161insko pranje na 30\u00b0<\/li>\n<li>Su\u0161enje na vjetru.<\/li>\n<li>Nije dozvoljeno peglanje.<\/li>\n<\/ul>\n<p>Promjena pri pranju na 30\u00b0C: po du\u017eini -1,2%, po \u0161irini -0,5% pH vodenog ekstrakta 8,6%<br \/>\nProizvo\u0111a\u010d: Nano DOO, Cerik, Br\u010dko<\/p>\n<\/div>\n","protected":false},"excerpt":{"rendered":"<p>Plahta na gumu za madrac 120x60cm. Materijal: Pamuk sa elastinom. Odr\u017eavanje: Ma\u0161insko pranje na 30\u00b0 Su\u0161enje na vjetru. Nije dozvoljeno<\/p>\n","protected":false},"featured_media":22859,"template":"","meta":[],"product_brand":[],"product_cat":[317],"product_tag":[],"class_list":{"0":"post-22855","1":"product","2":"type-product","3":"status-publish","4":"has-post-thumbnail","6":"product_cat-baby-oprema","8":"first","9":"instock","10":"shipping-taxable","11":"purchasable","12":"product-type-variable"},"_links":{"self":[{"href":"https:\/\/shop.nano.ba\/index.php\/wp-json\/wp\/v2\/product\/22855","targetHints":{"allow":["GET"]}}],"collection":[{"href":"https:\/\/shop.nano.ba\/index.php\/wp-json\/wp\/v2\/product"}],"about":[{"href":"https:\/\/shop.nano.ba\/index.php\/wp-json\/wp\/v2\/types\/product"}],"version-history":[{"count":2,"href":"https:\/\/shop.nano.ba\/index.php\/wp-json\/wp\/v2\/product\/22855\/revisions"}],"predecessor-version":[{"id":39042,"href":"https:\/\/shop.nano.ba\/index.php\/wp-json\/wp\/v2\/product\/22855\/revisions\/39042"}],"wp:featuredmedia":[{"embeddable":true,"href":"https:\/\/shop.nano.ba\/index.php\/wp-json\/wp\/v2\/media\/22859"}],"wp:attachment":[{"href":"https:\/\/shop.nano.ba\/index.php\/wp-json\/wp\/v2\/media?parent=22855"}],"wp:term":[{"taxonomy":"product_brand","embeddable":true,"href":"https:\/\/shop.nano.ba\/index.php\/wp-json\/wp\/v2\/product_brand?post=22855"},{"taxonomy":"product_cat","embeddable":true,"href":"https:\/\/shop.nano.ba\/index.php\/wp-json\/wp\/v2\/product_cat?post=22855"},{"taxonomy":"product_tag","embeddable":true,"href":"https:\/\/shop.nano.ba\/index.php\/wp-json\/wp\/v2\/product_tag?post=22855"}],"curies":[{"name":"wp","href":"https:\/\/api.w.org\/{rel}","templated":true}]}}