{"id":22882,"date":"2021-09-23T12:01:28","date_gmt":"2021-09-23T12:01:28","guid":{"rendered":"https:\/\/shop.nano.ba\/?post_type=product&#038;p=22882"},"modified":"2024-09-18T08:26:05","modified_gmt":"2024-09-18T08:26:05","slug":"jastuk-oblak-s-nogama","status":"publish","type":"product","link":"https:\/\/shop.nano.ba\/index.php\/proizvod\/jastuk-oblak-s-nogama\/","title":{"rendered":"Jastuk oblak s nogama"},"content":{"rendered":"<div dir=\"auto\">Jastuk obliku oblaka, sa nogama.<br \/>\nDigitalna \u0161tampa.<br \/>\nZa izbor imena, u napomenu upi\u0161ite ime koje \u017eelite da printamo na jastuku.<\/p>\n<p>Materijal: 100% organski ranforce pamuk.<\/p><\/div>\n<div dir=\"auto\">\n<p>Odr\u017eavanje:<\/p>\n<ul>\n<li>Ma\u0161insko pranje na 30\u00b0<\/li>\n<li>Su\u0161enje na vjetru.<\/li>\n<li>Dozvoljeno peglanje.<\/li>\n<\/ul>\n<p>Promjena pri pranju na 30\u00b0C: po du\u017eini -1,2%, po \u0161irini -0,5% pH vodenog ekstrakta 8,6%<br \/>\nProizvo\u0111a\u010d: Nano DOO, Cerik, Br\u010dko<\/p>\n<\/div>\n","protected":false},"excerpt":{"rendered":"<p>Jastuk obliku oblaka, sa nogama. Digitalna \u0161tampa. Za izbor imena, u napomenu upi\u0161ite ime koje \u017eelite da printamo na jastuku.<\/p>\n","protected":false},"featured_media":23552,"template":"","meta":[],"product_brand":[],"product_cat":[317,659],"product_tag":[],"class_list":{"0":"post-22882","1":"product","2":"type-product","3":"status-publish","4":"has-post-thumbnail","6":"product_cat-baby-oprema","7":"product_cat-jastuci-za-bebe","9":"first","10":"instock","11":"shipping-taxable","12":"purchasable","13":"product-type-variable"},"_links":{"self":[{"href":"https:\/\/shop.nano.ba\/index.php\/wp-json\/wp\/v2\/product\/22882","targetHints":{"allow":["GET"]}}],"collection":[{"href":"https:\/\/shop.nano.ba\/index.php\/wp-json\/wp\/v2\/product"}],"about":[{"href":"https:\/\/shop.nano.ba\/index.php\/wp-json\/wp\/v2\/types\/product"}],"version-history":[{"count":2,"href":"https:\/\/shop.nano.ba\/index.php\/wp-json\/wp\/v2\/product\/22882\/revisions"}],"predecessor-version":[{"id":39026,"href":"https:\/\/shop.nano.ba\/index.php\/wp-json\/wp\/v2\/product\/22882\/revisions\/39026"}],"wp:featuredmedia":[{"embeddable":true,"href":"https:\/\/shop.nano.ba\/index.php\/wp-json\/wp\/v2\/media\/23552"}],"wp:attachment":[{"href":"https:\/\/shop.nano.ba\/index.php\/wp-json\/wp\/v2\/media?parent=22882"}],"wp:term":[{"taxonomy":"product_brand","embeddable":true,"href":"https:\/\/shop.nano.ba\/index.php\/wp-json\/wp\/v2\/product_brand?post=22882"},{"taxonomy":"product_cat","embeddable":true,"href":"https:\/\/shop.nano.ba\/index.php\/wp-json\/wp\/v2\/product_cat?post=22882"},{"taxonomy":"product_tag","embeddable":true,"href":"https:\/\/shop.nano.ba\/index.php\/wp-json\/wp\/v2\/product_tag?post=22882"}],"curies":[{"name":"wp","href":"https:\/\/api.w.org\/{rel}","templated":true}]}}