{"id":22885,"date":"2021-09-23T12:03:01","date_gmt":"2021-09-23T12:03:01","guid":{"rendered":"https:\/\/shop.nano.ba\/?post_type=product&#038;p=22885"},"modified":"2024-09-18T08:24:28","modified_gmt":"2024-09-18T08:24:28","slug":"jastuk-s-volanima-i-imenom-po-narudzbi","status":"publish","type":"product","link":"https:\/\/shop.nano.ba\/index.php\/proizvod\/jastuk-s-volanima-i-imenom-po-narudzbi\/","title":{"rendered":"Jastuk s volanima i imenom po narud\u017ebi"},"content":{"rendered":"<div dir=\"auto\">Jastuk dimenzija 30x30cm.<br \/>\nDigitalna \u0161tampa.<br \/>\nZa izbor imena, u napomenu upi\u0161ite ime koje \u017eelite da printamo na jastuku.<\/div>\n<div dir=\"auto\">\n<p>Odr\u017eavanje:<\/p>\n<ul>\n<li>Ma\u0161insko pranje na 30\u00b0<\/li>\n<li>Su\u0161enje na vjetru.<\/li>\n<li>Dozvoljeno peglanje.<\/li>\n<\/ul>\n<p>Promjena pri pranju na 30\u00b0C: po du\u017eini -1,2%, po \u0161irini -0,5% pH vodenog ekstrakta 8,6%<br \/>\nProizvo\u0111a\u010d: Nano DOO, Cerik, Br\u010dko<\/p>\n<\/div>\n","protected":false},"excerpt":{"rendered":"<p>Jastuk dimenzija 30x30cm. Digitalna \u0161tampa. Za izbor imena, u napomenu upi\u0161ite ime koje \u017eelite da printamo na jastuku. Odr\u017eavanje: Ma\u0161insko<\/p>\n","protected":false},"featured_media":22886,"template":"","meta":[],"product_brand":[],"product_cat":[317,659],"product_tag":[],"class_list":{"0":"post-22885","1":"product","2":"type-product","3":"status-publish","4":"has-post-thumbnail","6":"product_cat-baby-oprema","7":"product_cat-jastuci-za-bebe","9":"first","10":"instock","11":"shipping-taxable","12":"purchasable","13":"product-type-variable"},"_links":{"self":[{"href":"https:\/\/shop.nano.ba\/index.php\/wp-json\/wp\/v2\/product\/22885","targetHints":{"allow":["GET"]}}],"collection":[{"href":"https:\/\/shop.nano.ba\/index.php\/wp-json\/wp\/v2\/product"}],"about":[{"href":"https:\/\/shop.nano.ba\/index.php\/wp-json\/wp\/v2\/types\/product"}],"version-history":[{"count":2,"href":"https:\/\/shop.nano.ba\/index.php\/wp-json\/wp\/v2\/product\/22885\/revisions"}],"predecessor-version":[{"id":39011,"href":"https:\/\/shop.nano.ba\/index.php\/wp-json\/wp\/v2\/product\/22885\/revisions\/39011"}],"wp:featuredmedia":[{"embeddable":true,"href":"https:\/\/shop.nano.ba\/index.php\/wp-json\/wp\/v2\/media\/22886"}],"wp:attachment":[{"href":"https:\/\/shop.nano.ba\/index.php\/wp-json\/wp\/v2\/media?parent=22885"}],"wp:term":[{"taxonomy":"product_brand","embeddable":true,"href":"https:\/\/shop.nano.ba\/index.php\/wp-json\/wp\/v2\/product_brand?post=22885"},{"taxonomy":"product_cat","embeddable":true,"href":"https:\/\/shop.nano.ba\/index.php\/wp-json\/wp\/v2\/product_cat?post=22885"},{"taxonomy":"product_tag","embeddable":true,"href":"https:\/\/shop.nano.ba\/index.php\/wp-json\/wp\/v2\/product_tag?post=22885"}],"curies":[{"name":"wp","href":"https:\/\/api.w.org\/{rel}","templated":true}]}}