{"id":22896,"date":"2021-09-23T12:13:40","date_gmt":"2021-09-23T12:13:40","guid":{"rendered":"https:\/\/shop.nano.ba\/?post_type=product&#038;p=22896"},"modified":"2023-05-19T13:23:36","modified_gmt":"2023-05-19T13:23:36","slug":"nepropusna-podloga-za-presvlacenje","status":"publish","type":"product","link":"https:\/\/shop.nano.ba\/index.php\/proizvod\/nepropusna-podloga-za-presvlacenje\/","title":{"rendered":"Nepropusna podloga za presvla\u010denje"},"content":{"rendered":"<p>Nepropusna prenosiva podloga za presvla\u010denje, sa d\u017eepom za odlaganje stvari.<br \/>\nMaterijal: plastificirano platno<br \/>\nOdr\u017eavanje: ru\u010dno pranje<\/p>\n<p>Promjena pri pranju: po du\u017eini -1,2%, po \u0161irini -0,5% pH vodenog ekstrakta 8,6%<br \/>\nProizvo\u0111a\u010d: Nano DOO, Cerik, Br\u010dko<\/p>\n","protected":false},"excerpt":{"rendered":"<p>Nepropusna prenosiva podloga za presvla\u010denje, sa d\u017eepom za odlaganje stvari. Materijal: plastificirano platno Odr\u017eavanje: ru\u010dno pranje Promjena pri pranju: po<\/p>\n","protected":false},"featured_media":31716,"template":"","meta":[],"product_brand":[],"product_cat":[317],"product_tag":[],"class_list":{"0":"post-22896","1":"product","2":"type-product","3":"status-publish","4":"has-post-thumbnail","6":"product_cat-baby-oprema","8":"first","9":"instock","10":"shipping-taxable","11":"purchasable","12":"product-type-variable"},"_links":{"self":[{"href":"https:\/\/shop.nano.ba\/index.php\/wp-json\/wp\/v2\/product\/22896","targetHints":{"allow":["GET"]}}],"collection":[{"href":"https:\/\/shop.nano.ba\/index.php\/wp-json\/wp\/v2\/product"}],"about":[{"href":"https:\/\/shop.nano.ba\/index.php\/wp-json\/wp\/v2\/types\/product"}],"version-history":[{"count":3,"href":"https:\/\/shop.nano.ba\/index.php\/wp-json\/wp\/v2\/product\/22896\/revisions"}],"predecessor-version":[{"id":38990,"href":"https:\/\/shop.nano.ba\/index.php\/wp-json\/wp\/v2\/product\/22896\/revisions\/38990"}],"wp:featuredmedia":[{"embeddable":true,"href":"https:\/\/shop.nano.ba\/index.php\/wp-json\/wp\/v2\/media\/31716"}],"wp:attachment":[{"href":"https:\/\/shop.nano.ba\/index.php\/wp-json\/wp\/v2\/media?parent=22896"}],"wp:term":[{"taxonomy":"product_brand","embeddable":true,"href":"https:\/\/shop.nano.ba\/index.php\/wp-json\/wp\/v2\/product_brand?post=22896"},{"taxonomy":"product_cat","embeddable":true,"href":"https:\/\/shop.nano.ba\/index.php\/wp-json\/wp\/v2\/product_cat?post=22896"},{"taxonomy":"product_tag","embeddable":true,"href":"https:\/\/shop.nano.ba\/index.php\/wp-json\/wp\/v2\/product_tag?post=22896"}],"curies":[{"name":"wp","href":"https:\/\/api.w.org\/{rel}","templated":true}]}}