{"id":22898,"date":"2021-09-23T12:15:39","date_gmt":"2021-09-23T12:15:39","guid":{"rendered":"https:\/\/shop.nano.ba\/?post_type=product&#038;p=22898"},"modified":"2024-09-18T08:25:41","modified_gmt":"2024-09-18T08:25:41","slug":"jastuk-s-drzacem-bocice","status":"publish","type":"product","link":"https:\/\/shop.nano.ba\/index.php\/proizvod\/jastuk-s-drzacem-bocice\/","title":{"rendered":"Jastuk s dr\u017ea\u010dem bo\u010dice"},"content":{"rendered":"","protected":false},"excerpt":{"rendered":"","protected":false},"featured_media":22899,"template":"","meta":[],"product_brand":[],"product_cat":[317,659],"product_tag":[],"class_list":{"0":"post-22898","1":"product","2":"type-product","3":"status-publish","4":"has-post-thumbnail","6":"product_cat-baby-oprema","7":"product_cat-jastuci-za-bebe","9":"first","10":"instock","11":"shipping-taxable","12":"purchasable","13":"product-type-simple"},"_links":{"self":[{"href":"https:\/\/shop.nano.ba\/index.php\/wp-json\/wp\/v2\/product\/22898","targetHints":{"allow":["GET"]}}],"collection":[{"href":"https:\/\/shop.nano.ba\/index.php\/wp-json\/wp\/v2\/product"}],"about":[{"href":"https:\/\/shop.nano.ba\/index.php\/wp-json\/wp\/v2\/types\/product"}],"version-history":[{"count":1,"href":"https:\/\/shop.nano.ba\/index.php\/wp-json\/wp\/v2\/product\/22898\/revisions"}],"predecessor-version":[{"id":83497,"href":"https:\/\/shop.nano.ba\/index.php\/wp-json\/wp\/v2\/product\/22898\/revisions\/83497"}],"wp:featuredmedia":[{"embeddable":true,"href":"https:\/\/shop.nano.ba\/index.php\/wp-json\/wp\/v2\/media\/22899"}],"wp:attachment":[{"href":"https:\/\/shop.nano.ba\/index.php\/wp-json\/wp\/v2\/media?parent=22898"}],"wp:term":[{"taxonomy":"product_brand","embeddable":true,"href":"https:\/\/shop.nano.ba\/index.php\/wp-json\/wp\/v2\/product_brand?post=22898"},{"taxonomy":"product_cat","embeddable":true,"href":"https:\/\/shop.nano.ba\/index.php\/wp-json\/wp\/v2\/product_cat?post=22898"},{"taxonomy":"product_tag","embeddable":true,"href":"https:\/\/shop.nano.ba\/index.php\/wp-json\/wp\/v2\/product_tag?post=22898"}],"curies":[{"name":"wp","href":"https:\/\/api.w.org\/{rel}","templated":true}]}}